{"id":3624,"date":"2021-02-04T11:32:57","date_gmt":"2021-02-04T09:32:57","guid":{"rendered":"https:\/\/proterm.md\/?post_type=product&#038;p=3624"},"modified":"2025-05-30T14:20:16","modified_gmt":"2025-05-30T12:20:16","slug":"okc-250-ntrr","status":"publish","type":"product","link":"https:\/\/proterm.md\/ro\/product\/okc-250-ntrr\/","title":{"rendered":"Boiler OKC 250 NTRR"},"content":{"rendered":"<p>Rezervoare de ap\u0103 care stau pe p\u0103m\u00e2nt cu un vas emailat \u0219i doua schimb\u0103toare de c\u0103ldur\u0103 puternice pentru \u00eenc\u0103lzirea apei calde din dou\u0103 surse. Rezervorul de stocare este echipat cu un regulator de temperatur\u0103 de \u00eenc\u0103lzire ACM , o supap\u0103 de siguran\u021b\u0103 \u0219i o ie\u0219ire de circula\u021bie.<\/p>","protected":false},"excerpt":{"rendered":"<p>volum &#8211; 234 l<br \/>\nclasa de eficien\u021b\u0103 energetic\u0103 a \u00eenc\u0103lzirii apei calde &#8211; C<br \/>\nMax. presiunea de lucru &#8211; 6 bari<br \/>\nMax. temperatura de lucru &#8211; 90 \u00b0 \u0421<br \/>\ntimpul de \u00eenc\u0103lzire al schimb\u0103torului de c\u0103ldur\u0103 &#8211; 14\/23 min (de la 10 la 60 \u00b0 C)<br \/>\nputere nominal\u0103 &#8211; 2 \u00d7 24 kW (la o temperatur\u0103 a apei de 80 \u00b0 C \u0219i un debit de 720 l \/ h)<br \/>\nTensiune &#8211; 230 V<br \/>\ncapac &#8211; IP 42<br \/>\nfrecven\u021b\u0103 &#8211; 50 Hz<br \/>\ndiametru &#8211; 584 mm<br \/>\n\u00een\u0103l\u021bime &#8211; 1542 mm<br \/>\ngreutate &#8211; 104 kg<br \/>\nSuprafa\u021ba schimb\u0103torului de c\u0103ldur\u0103 &#8211; 2 \u00d7 1 m\u00b2<br \/>\nconexiune schimb\u0103tor de c\u0103ldur\u0103 &#8211; lateral<br \/>\nnum\u0103rul de schimb\u0103toare &#8211; 2<br \/>\n<img loading=\"lazy\" decoding=\"async\" class=\"alignnone wp-image-7559\" src=\"https:\/\/proterm.md\/wp-content\/uploads\/2021\/12\/icopdf-min-300x300.png\" alt=\"\" width=\"25\" height=\"25\" srcset=\"https:\/\/proterm.md\/wp-content\/uploads\/2021\/12\/icopdf-min-300x300.png 300w, https:\/\/proterm.md\/wp-content\/uploads\/2021\/12\/icopdf-min-150x150.png 150w, https:\/\/proterm.md\/wp-content\/uploads\/2021\/12\/icopdf-min-250x250.png 250w, https:\/\/proterm.md\/wp-content\/uploads\/2021\/12\/icopdf-min-450x450.png 450w, https:\/\/proterm.md\/wp-content\/uploads\/2021\/12\/icopdf-min-500x500.png 500w, https:\/\/proterm.md\/wp-content\/uploads\/2021\/12\/icopdf-min-100x100.png 100w, https:\/\/proterm.md\/wp-content\/uploads\/2021\/12\/icopdf-min.png 512w\" sizes=\"auto, (max-width: 25px) 100vw, 25px\" \/><a href=\"https:\/\/proterm.md\/wp-content\/uploads\/2022\/11\/OKC-o-serp-100-250-si-100-160HV.pdf\" target=\"_blank\" rel=\"noopener\">Date tehnice<\/a><\/p>\n<p>!!!Recomandat transportarea in pozitie verticala<\/p>\n","protected":false},"featured_media":3616,"template":"","meta":{"_joinchat":[]},"product_brand":[],"product_cat":[39,97],"product_tag":[219],"class_list":{"0":"post-3624","1":"product","2":"type-product","3":"status-publish","4":"has-post-thumbnail","6":"product_cat-boiler","7":"product_cat-boiler_drazice","8":"product_tag-drazice","9":"pa_brand-drazice","10":"pa_name-boiler-drazice","11":"pa_number-serpents-213","12":"pa_tip-boilers-thermal","13":"pa_volume-226","15":"first","16":"instock","17":"shipping-taxable","18":"product-type-simple"},"_links":{"self":[{"href":"https:\/\/proterm.md\/ro\/wp-json\/wp\/v2\/product\/3624","targetHints":{"allow":["GET"]}}],"collection":[{"href":"https:\/\/proterm.md\/ro\/wp-json\/wp\/v2\/product"}],"about":[{"href":"https:\/\/proterm.md\/ro\/wp-json\/wp\/v2\/types\/product"}],"wp:featuredmedia":[{"embeddable":true,"href":"https:\/\/proterm.md\/ro\/wp-json\/wp\/v2\/media\/3616"}],"wp:attachment":[{"href":"https:\/\/proterm.md\/ro\/wp-json\/wp\/v2\/media?parent=3624"}],"wp:term":[{"taxonomy":"product_brand","embeddable":true,"href":"https:\/\/proterm.md\/ro\/wp-json\/wp\/v2\/product_brand?post=3624"},{"taxonomy":"product_cat","embeddable":true,"href":"https:\/\/proterm.md\/ro\/wp-json\/wp\/v2\/product_cat?post=3624"},{"taxonomy":"product_tag","embeddable":true,"href":"https:\/\/proterm.md\/ro\/wp-json\/wp\/v2\/product_tag?post=3624"}],"curies":[{"name":"wp","href":"https:\/\/api.w.org\/{rel}","templated":true}]}}