{"id":3656,"date":"2025-12-01T12:16:26","date_gmt":"2025-12-01T10:16:26","guid":{"rendered":"https:\/\/proterm.md\/?post_type=product&#038;p=3656"},"modified":"2026-01-01T10:07:45","modified_gmt":"2026-01-01T08:07:45","slug":"alcon-90-master-ng","status":"publish","type":"product","link":"https:\/\/proterm.md\/ro\/product\/alcon-90-master-ng\/","title":{"rendered":"Cazan pe gaz ALCON 90 Master NG"},"content":{"rendered":"<div class=\"wpb-content-wrapper\"><p>[vc_row][vc_column][vc_column_text css_animation=&#8221;bounceIn&#8221; text_larger=&#8221;no&#8221;]Central\u0103 termic\u0103 ALKON 90 este rezultatul tehnologiilor inovatoare ale companiei Unical, care are o experien\u021b\u0103 mare \u00een producerea sta\u021biilor de \u00eenc\u0103lzire. Ofer\u0103 o eficien\u021b\u0103 energetic\u0103 ridicat\u0103 \u0219i un consum minim de combustibil.<\/p>\n<p>Centrala termica pe gaz in condensatie, Low NOx, clasa 5, pentru instalare interioara\/exterior, IP X5D, si pentru instalarea bateriei[\/vc_column_text][\/vc_column][\/vc_row]<\/p>\n<\/div>","protected":false},"excerpt":{"rendered":"<p>Presostat maxim de lucru: 6 bar<br \/>\nDulap special din tabl\u0103 de o\u021bel cu acoperire epoxi-poliester anticoroziune (clasa de protec\u021bie IP X5D)<br \/>\nRaport de modula\u021bie 1: 4,5<br \/>\nArz\u0103tor premix cu ardere continu\u0103 de CO2 \u0219i modulare continu\u0103 aer\/gaz Schimb\u0103tor de c\u0103ldur\u0103 primar din aliaj Al \/ Si \/ Mg, complet refluxat, ultra compact<br \/>\nDe asemenea, pentru instalare in baterie (max. 2 serii a cate 4 unitati fiecare, total 720 kW)<br \/>\nU\u0219\u0103 de inspec\u021bie frontal\u0103 cu orificii de ventila\u021bie \u0219i cheie de blocare.<br \/>\nPomp\u0103 modulant\u0103 de \u00eenalt\u0103 eficien\u021b\u0103 standard<br \/>\nMicroprocesor de monitorizare \u0219i control controlat de controler electronic digital E8 (op\u021bional)<br \/>\nFlansa pentru racord gaz intre mai multe unitati, DN 50<br \/>\nFlanse de conectare hidraulica intre mai multe unitati, DN 80<br \/>\nSupap\u0103 cu trei c\u0103i pentru oprirea debitului hidraulic \u0219i evacuarea \u00een atmosfer\u0103<br \/>\nSupap\u0103 cu dou\u0103 c\u0103i pentru oprire hidraulic\u0103 pe calea de retur cu oprire a curgerii<br \/>\nConducta de evacuare a condensului<br \/>\nSupap\u0103 de \u00eenchidere a gazului<br \/>\nPort de conectare E-Bus<br \/>\nConducta de evacuare a fumului cu diametrul de 100 mm. cu mamelon pentru prelevare pentru analiz\u0103<br \/>\nPresostat minim gaz \u0219i presostat minim ap\u0103<br \/>\nComutator de nivel de siguran\u021b\u0103 pe evacuarea condensului<br \/>\nSupap\u0103 de limitare a presiunii setat\u0103 la 7 bar<br \/>\nSupapa de golire a cazanului<br \/>\nAerisiri automate \u0219i manuale<br \/>\nFunc\u021bii suplimentare: diagnosticarea parametrilor de func\u021bionare \u0219i a erorilor, antigel, servicii tehnice \u0219i indicarea digital\u0103 a erorilor<br \/>\nFunc\u021bia anti-blocare a pompei<\/p>\n<p><a href=\"https:\/\/proterm.md\/wp-content\/uploads\/2021\/02\/alcon-90.pdf\" target=\"_blank\" rel=\"nofollow noopener\"><img decoding=\"async\" class=\"alignnone size-full wp-image-7710\" src=\"https:\/\/proterm.md\/wp-content\/uploads\/2021\/02\/pdf.png\" alt=\"PDF download\" width=\"40\" height=\"40\" \/>Catalog 1<\/a><\/p>\n<p><a href=\"https:\/\/proterm.md\/wp-content\/uploads\/2021\/02\/alcon-90.1.pdf\" target=\"_blank\" rel=\"nofollow noopener\"><img decoding=\"async\" class=\"alignnone size-full wp-image-7710\" src=\"https:\/\/proterm.md\/wp-content\/uploads\/2021\/02\/pdf.png\" alt=\"PDF download\" width=\"40\" height=\"40\" \/>Catalog 2<\/a><\/p>\n<p>&nbsp;<\/p>\n","protected":false},"featured_media":7754,"template":"","meta":{"_joinchat":[]},"product_brand":[],"product_cat":[84,53,15],"product_tag":[139],"class_list":{"0":"post-3656","1":"product","2":"type-product","3":"status-publish","4":"has-post-thumbnail","6":"product_cat-cazane_gaz_unical_ami","7":"product_cat-cazane_gaz","8":"product_cat-instalatii_incalzire","9":"product_tag-unical","10":"pa_brand-unical-gas-boilers","11":"pa_classic-boiler-or-condensed-condesed","12":"pa_heating-surface-243","13":"pa_power-boiler-kw-244","15":"first","16":"instock","17":"shipping-taxable","18":"product-type-simple"},"_links":{"self":[{"href":"https:\/\/proterm.md\/ro\/wp-json\/wp\/v2\/product\/3656","targetHints":{"allow":["GET"]}}],"collection":[{"href":"https:\/\/proterm.md\/ro\/wp-json\/wp\/v2\/product"}],"about":[{"href":"https:\/\/proterm.md\/ro\/wp-json\/wp\/v2\/types\/product"}],"wp:featuredmedia":[{"embeddable":true,"href":"https:\/\/proterm.md\/ro\/wp-json\/wp\/v2\/media\/7754"}],"wp:attachment":[{"href":"https:\/\/proterm.md\/ro\/wp-json\/wp\/v2\/media?parent=3656"}],"wp:term":[{"taxonomy":"product_brand","embeddable":true,"href":"https:\/\/proterm.md\/ro\/wp-json\/wp\/v2\/product_brand?post=3656"},{"taxonomy":"product_cat","embeddable":true,"href":"https:\/\/proterm.md\/ro\/wp-json\/wp\/v2\/product_cat?post=3656"},{"taxonomy":"product_tag","embeddable":true,"href":"https:\/\/proterm.md\/ro\/wp-json\/wp\/v2\/product_tag?post=3656"}],"curies":[{"name":"wp","href":"https:\/\/api.w.org\/{rel}","templated":true}]}}