{"id":4129,"date":"2021-02-22T13:28:45","date_gmt":"2021-02-22T11:28:45","guid":{"rendered":"https:\/\/proterm.md\/?post_type=product&#038;p=4129"},"modified":"2025-12-30T11:27:43","modified_gmt":"2025-12-30T09:27:43","slug":"watts-sts-20","status":"publish","type":"product","link":"https:\/\/proterm.md\/ro\/product\/watts-sts-20\/","title":{"rendered":"Supapa descarcare termica Watts STS 20"},"content":{"rendered":"<p>Supapa de siguran\u021b\u0103 Watts STS este utilizat\u0103 la cazanele cu combustibil solid care au un cazan pentru prepararea apei calde \u0219i este conceput\u0103 pentru a le proteja de supra\u00eenc\u0103lzire cu o putere a sistemului de cel mult 93 kW. Supapa de siguran\u021b\u0103 este montat\u0103 pe conducta de alimentare cu ap\u0103 cald\u0103.<\/p>\n<p>Doi senzori de temperatur\u0103 independen\u021bi asigur\u0103 o fiabilitate ridicat\u0103 a supapei. Chiar dac\u0103 unul dintre ele e\u0219ueaz\u0103, supapa \u00ee\u0219i va \u00eendeplini func\u021bia. Designul integral din metal este foarte rezistent la influen\u021bele externe. Dac\u0103 este necesar, pistonul supapei poate fi \u00eenlocuit cu u\u0219urin\u021b\u0103.<\/p>\n<p>Tr\u0103s\u0103turi distinctive<br \/>\ncorp din alam\u0103 nichelat\u0103 MS 58;<br \/>\ndirec\u021bia de instalare este indicat\u0103 de o s\u0103geat\u0103 pe corpul supapei;<br \/>\ntub de imersie lungime 1300 mm;<br \/>\nman\u0219on cu doi senzori de temperatur\u0103.<\/p>","protected":false},"excerpt":{"rendered":"<p>Diametru filet 3\/4&#8243;F<br \/>\nDiametrul tubului de imersie 1\/2&#8243;M<br \/>\nPentru cazane cu combustibil solid<br \/>\nMaterial &#8211; alama nichelata<br \/>\nTemperatura maxima 110 \u00baC<br \/>\nTemperatura de r\u0103spuns 97 \u00baC<br \/>\nPresiune maxim\u0103 de lucru 10 bar<br \/>\nProducator Watts<br \/>\nTara de origine: Germania<br \/>\nLungime 1300 mm<br \/>\nTip conexiune Filetat<br \/>\n<img decoding=\"async\" class=\"alignnone wp-image-7559\" src=\"https:\/\/proterm.md\/wp-content\/uploads\/2021\/12\/icopdf-min-250x250.png\" alt=\"\" width=\"32\" height=\"32\" srcset=\"https:\/\/proterm.md\/wp-content\/uploads\/2021\/12\/icopdf-min-250x250.png 250w, https:\/\/proterm.md\/wp-content\/uploads\/2021\/12\/icopdf-min-150x150.png 150w, https:\/\/proterm.md\/wp-content\/uploads\/2021\/12\/icopdf-min-450x450.png 450w, https:\/\/proterm.md\/wp-content\/uploads\/2021\/12\/icopdf-min-300x300.png 300w, https:\/\/proterm.md\/wp-content\/uploads\/2021\/12\/icopdf-min-500x500.png 500w, https:\/\/proterm.md\/wp-content\/uploads\/2021\/12\/icopdf-min-100x100.png 100w, https:\/\/proterm.md\/wp-content\/uploads\/2021\/12\/icopdf-min.png 512w\" sizes=\"(max-width: 32px) 100vw, 32px\" \/><a href=\"https:\/\/proterm.md\/wp-content\/uploads\/2021\/02\/STS20-Watts.pdf\">STS20 Watts<\/a><\/p>\n","protected":false},"featured_media":14455,"template":"","meta":{"_joinchat":[]},"product_brand":[],"product_cat":[42],"product_tag":[2205],"class_list":{"0":"post-4129","1":"product","2":"type-product","3":"status-publish","4":"has-post-thumbnail","6":"product_cat-automatizari_elemente_de_actionare","7":"product_tag-wats","8":"pa_availability-for-pre-order-pre-order","9":"pa_brand-wats","11":"first","12":"instock","13":"shipping-taxable","14":"product-type-simple"},"_links":{"self":[{"href":"https:\/\/proterm.md\/ro\/wp-json\/wp\/v2\/product\/4129","targetHints":{"allow":["GET"]}}],"collection":[{"href":"https:\/\/proterm.md\/ro\/wp-json\/wp\/v2\/product"}],"about":[{"href":"https:\/\/proterm.md\/ro\/wp-json\/wp\/v2\/types\/product"}],"wp:featuredmedia":[{"embeddable":true,"href":"https:\/\/proterm.md\/ro\/wp-json\/wp\/v2\/media\/14455"}],"wp:attachment":[{"href":"https:\/\/proterm.md\/ro\/wp-json\/wp\/v2\/media?parent=4129"}],"wp:term":[{"taxonomy":"product_brand","embeddable":true,"href":"https:\/\/proterm.md\/ro\/wp-json\/wp\/v2\/product_brand?post=4129"},{"taxonomy":"product_cat","embeddable":true,"href":"https:\/\/proterm.md\/ro\/wp-json\/wp\/v2\/product_cat?post=4129"},{"taxonomy":"product_tag","embeddable":true,"href":"https:\/\/proterm.md\/ro\/wp-json\/wp\/v2\/product_tag?post=4129"}],"curies":[{"name":"wp","href":"https:\/\/api.w.org\/{rel}","templated":true}]}}