{"id":4158,"date":"2021-02-23T10:19:17","date_gmt":"2021-02-23T08:19:17","guid":{"rendered":"https:\/\/proterm.md\/?post_type=product&#038;p=4158"},"modified":"2025-05-30T14:19:47","modified_gmt":"2025-05-30T12:19:47","slug":"baterie-slovarm-ta-4006a","status":"publish","type":"product","link":"https:\/\/proterm.md\/ro\/product\/baterie-slovarm-ta-4006a\/","title":{"rendered":"Baterie Slovarm  TA 4006A"},"content":{"rendered":"<p>Bateriile Slovarm folosesc cartu\u0219e cu pl\u0103ci ceramice din corindon, care respect\u0103 standardul european EN817 \u201eRobinet sanitar\u201d pentru mai mult de 150 de mii de cicluri.<br \/>\nMalaxoarele Slovarm sunt realizate din materii prime de cupru CW 617 N, corespunzator standardului european de calitate EN 12165, cu un continut de alama de 58-60%, rezistenta ridicata fara fisurare.<br \/>\nEconomii \u00een compara\u021bie cu macaralele clasice: energie termic\u0103 20-30%, ap\u0103 potabil\u0103 50%.<br \/>\nAcoperirea robinetului respect\u0103 standardul european. Acoperirea ofer\u0103 un finisaj perfect \u00een oglind\u0103.<br \/>\nMixerele sunt echipate cu aeratoare care furnizeaz\u0103 un flux de ap\u0103 moale, oxigenat\u0103, f\u0103r\u0103 stropire.<br \/>\nO solu\u021bie tehnic\u0103 care v\u0103 permite s\u0103 regla\u021bi cu precizie temperatura apei calde \u0219i reci.<br \/>\nFurtunuri de inalta calitate in deplina conformitate cu standardele internationale.<br \/>\nPiese de etan\u0219are din materiale netoxice pentru a asigura siguran\u021ba apei sanitare.<br \/>\nDesign european modern \u0219i contemporan.<br \/>\nSortiment larg \u2013 pentru bai, chiuvete, lavoare, chiuvete, dusuri.<\/p>","protected":false},"excerpt":{"rendered":"<p>Marca: Slovarm<br \/>\nMaterial: alama<br \/>\nTip actionare \u2013 Monocomanda<br \/>\nCartus ceramic<br \/>\nForma : traditionala<br \/>\nOrificii de montare: 1<br \/>\nLimitator de debit de apa: aerator<br \/>\nInaltime robinet: 14 cm<br \/>\nInaltime gura: 12,5 cm<br \/>\nLungime mixer: 25 cm<br \/>\nLungime gura: 22,5 cm<br \/>\nCuloare: crom<\/p>\n","protected":false},"featured_media":8278,"template":"","meta":{"_joinchat":[]},"product_brand":[],"product_cat":[120,118],"product_tag":[529],"class_list":{"0":"post-4158","1":"product","2":"type-product","3":"status-publish","4":"has-post-thumbnail","6":"product_cat-robineti-pentru-bucatarie","7":"product_cat-robineti-lavuar-si-bideu","8":"product_tag-slovarm","9":"pa_brand-slovarm","11":"first","12":"instock","13":"shipping-taxable","14":"product-type-simple"},"_links":{"self":[{"href":"https:\/\/proterm.md\/ro\/wp-json\/wp\/v2\/product\/4158","targetHints":{"allow":["GET"]}}],"collection":[{"href":"https:\/\/proterm.md\/ro\/wp-json\/wp\/v2\/product"}],"about":[{"href":"https:\/\/proterm.md\/ro\/wp-json\/wp\/v2\/types\/product"}],"wp:featuredmedia":[{"embeddable":true,"href":"https:\/\/proterm.md\/ro\/wp-json\/wp\/v2\/media\/8278"}],"wp:attachment":[{"href":"https:\/\/proterm.md\/ro\/wp-json\/wp\/v2\/media?parent=4158"}],"wp:term":[{"taxonomy":"product_brand","embeddable":true,"href":"https:\/\/proterm.md\/ro\/wp-json\/wp\/v2\/product_brand?post=4158"},{"taxonomy":"product_cat","embeddable":true,"href":"https:\/\/proterm.md\/ro\/wp-json\/wp\/v2\/product_cat?post=4158"},{"taxonomy":"product_tag","embeddable":true,"href":"https:\/\/proterm.md\/ro\/wp-json\/wp\/v2\/product_tag?post=4158"}],"curies":[{"name":"wp","href":"https:\/\/api.w.org\/{rel}","templated":true}]}}