{"id":4202,"date":"2021-02-23T13:41:08","date_gmt":"2021-02-23T11:41:08","guid":{"rendered":"https:\/\/proterm.md\/?post_type=product&#038;p=4202"},"modified":"2025-05-30T14:19:46","modified_gmt":"2025-05-30T12:19:46","slug":"baterie-valtemo-vs-4270","status":"publish","type":"product","link":"https:\/\/proterm.md\/ro\/product\/baterie-valtemo-vs-4270\/","title":{"rendered":"Baterie ROUND MIXER VS-4270"},"content":{"rendered":"<p>Valtemo est un sistem de du\u0219 fiabil, elegant, trebuie doar s\u0103-l \u0219terge\u021bi o dat\u0103 pe s\u0103pt\u0103m\u00e2n\u0103, practic nu mai r\u0103m\u00e2n urme de ap\u0103 dup\u0103 un du\u0219. \u00cen timpul instal\u0103rii \u0219i func\u021bion\u0103rii, d\u0103 o senza\u021bie de calitate \u0219i durabilitate. Apa de la du\u0219ul de deasupra capului curge \u00een fluxuri netede, uniform.<\/p>","protected":false},"excerpt":{"rendered":"<p>Baterie rotunda cu 2 cai ascunsa din alama &#8211; Crom<br \/>\nDus de mana cromat &#8211; \u00d8 130 mm<br \/>\nCap de dus cromat &#8211;\u00a0 \u00a0\u00d8 240 mm<br \/>\nTub de dus din otel inoxidabil cromat 35 cm &#8211; \u00d8 20 mm<br \/>\nOtel inoxidabil cromat, 150 cm, furtun de dus cu clema dubla<br \/>\nDistribuitor rotund extrabil (se extrage) din alama &#8211; crom<\/p>\n","protected":false},"featured_media":8121,"template":"","meta":{"_joinchat":[]},"product_brand":[],"product_cat":[119],"product_tag":[666],"class_list":{"0":"post-4202","1":"product","2":"type-product","3":"status-publish","4":"has-post-thumbnail","6":"product_cat-robinet-de-baie","7":"product_tag-valtemo-brend","8":"pa_brand-valtemo","10":"first","11":"instock","12":"shipping-taxable","13":"product-type-simple"},"_links":{"self":[{"href":"https:\/\/proterm.md\/ro\/wp-json\/wp\/v2\/product\/4202","targetHints":{"allow":["GET"]}}],"collection":[{"href":"https:\/\/proterm.md\/ro\/wp-json\/wp\/v2\/product"}],"about":[{"href":"https:\/\/proterm.md\/ro\/wp-json\/wp\/v2\/types\/product"}],"wp:featuredmedia":[{"embeddable":true,"href":"https:\/\/proterm.md\/ro\/wp-json\/wp\/v2\/media\/8121"}],"wp:attachment":[{"href":"https:\/\/proterm.md\/ro\/wp-json\/wp\/v2\/media?parent=4202"}],"wp:term":[{"taxonomy":"product_brand","embeddable":true,"href":"https:\/\/proterm.md\/ro\/wp-json\/wp\/v2\/product_brand?post=4202"},{"taxonomy":"product_cat","embeddable":true,"href":"https:\/\/proterm.md\/ro\/wp-json\/wp\/v2\/product_cat?post=4202"},{"taxonomy":"product_tag","embeddable":true,"href":"https:\/\/proterm.md\/ro\/wp-json\/wp\/v2\/product_tag?post=4202"}],"curies":[{"name":"wp","href":"https:\/\/api.w.org\/{rel}","templated":true}]}}