{"id":4262,"date":"2021-03-02T12:20:43","date_gmt":"2021-03-02T10:20:43","guid":{"rendered":"https:\/\/proterm.md\/?post_type=product&#038;p=4262"},"modified":"2025-05-30T14:19:29","modified_gmt":"2025-05-30T12:19:29","slug":"russkij-clapeta-gaz-siemens-vgu-56s","status":"publish","type":"product","link":"https:\/\/proterm.md\/ro\/product\/russkij-clapeta-gaz-siemens-vgu-56s\/","title":{"rendered":"Valvola gaz SIGMA 845"},"content":{"rendered":"<p>Unitate de control multifunc\u021bional\u0103 a gazului cu dou\u0103 supape de \u00eenchidere automat\u0103, regulator de presiune \u0219i dispozitiv de modulare a puterii controlat electric. Este posibil\u0103 reglarea nivelurilor maxime \u0219i minime ale presiunii de ie\u0219ire. Op\u021biuni de conectare a fitingurilor de gaz: canale de intrare \u0219i ie\u0219ire cu filet exterior sau interior sau prin flan\u0219e. Are func\u021bie de modulare complet\u0103.<\/p>","protected":false},"excerpt":{"rendered":"<p>Tensiune (Volt \/ PH \/ Hz) &#8211; 230V 50Hz 2.8 \/ 9.2VA<br \/>\nInterval de reglare a presiunii de ie\u0219ire &#8211; 1 \u00f7 37 mbar<br \/>\nTemperatura ambianta -15 \u00f7 60\u00b0C<br \/>\nIntrare &#8211; 3\/4 &#8222;M<br \/>\nIesire &#8211; 3\/4 &#8222;M<br \/>\nPresiune maxim\u0103 de intrare &#8211; 60 mbar<\/p>\n","protected":false},"featured_media":7398,"template":"","meta":{"_joinchat":[]},"product_brand":[],"product_cat":[123],"product_tag":[550],"class_list":{"0":"post-4262","1":"product","2":"type-product","3":"status-publish","4":"has-post-thumbnail","6":"product_cat-piese_de_schimb_centrale_termice","7":"product_tag-sitgroup-logo","8":"pa_brand-sitgroup-logo","10":"first","11":"instock","12":"shipping-taxable","13":"product-type-simple"},"_links":{"self":[{"href":"https:\/\/proterm.md\/ro\/wp-json\/wp\/v2\/product\/4262","targetHints":{"allow":["GET"]}}],"collection":[{"href":"https:\/\/proterm.md\/ro\/wp-json\/wp\/v2\/product"}],"about":[{"href":"https:\/\/proterm.md\/ro\/wp-json\/wp\/v2\/types\/product"}],"wp:featuredmedia":[{"embeddable":true,"href":"https:\/\/proterm.md\/ro\/wp-json\/wp\/v2\/media\/7398"}],"wp:attachment":[{"href":"https:\/\/proterm.md\/ro\/wp-json\/wp\/v2\/media?parent=4262"}],"wp:term":[{"taxonomy":"product_brand","embeddable":true,"href":"https:\/\/proterm.md\/ro\/wp-json\/wp\/v2\/product_brand?post=4262"},{"taxonomy":"product_cat","embeddable":true,"href":"https:\/\/proterm.md\/ro\/wp-json\/wp\/v2\/product_cat?post=4262"},{"taxonomy":"product_tag","embeddable":true,"href":"https:\/\/proterm.md\/ro\/wp-json\/wp\/v2\/product_tag?post=4262"}],"curies":[{"name":"wp","href":"https:\/\/api.w.org\/{rel}","templated":true}]}}