{"id":4311,"date":"2021-03-15T12:44:19","date_gmt":"2021-03-15T10:44:19","guid":{"rendered":"https:\/\/proterm.md\/?post_type=product&#038;p=4311"},"modified":"2026-01-02T08:49:51","modified_gmt":"2026-01-02T06:49:51","slug":"presostat-1-8","status":"publish","type":"product","link":"https:\/\/proterm.md\/ro\/product\/presostat-1-8\/","title":{"rendered":"Presostat apa pentru cazan 1\/8"},"content":{"rendered":"<p>Sistemele de \u00eenc\u0103lzire proiectate s\u0103 func\u021bioneze cu presiune sunt blocate pentru siguran\u021b\u0103 \u00een cazul sc\u0103derii presiunii. Avantajul unui astfel de releu este capacitatea de a regla presiunea de r\u0103spuns, care poate fi setat\u0103 \u00een intervalul de la 0,2 la 6 bar.<\/p>","protected":false},"excerpt":{"rendered":"<p>Presiune de lucru de 0.2 ~ 6bar<br \/>\nRacord filet: 1\/8<br \/>\nTemperatur\u0103 maxim\u0103 de lucru: 90\u00b0C<br \/>\nMediu de lucru: ap\u0103, gaz inert, abur<br \/>\nDiferen\u021bial fix: 0,1\u20130,4 ba<br \/>\nDiferen\u021bial reglabil: 0,2\u20130,6 bar<\/p>\n","protected":false},"featured_media":7361,"template":"","meta":{"_joinchat":[]},"product_brand":[],"product_cat":[123],"product_tag":[140],"class_list":{"0":"post-4311","1":"product","2":"type-product","3":"status-publish","4":"has-post-thumbnail","6":"product_cat-piese_de_schimb_centrale_termice","7":"product_tag-warmhaus","8":"pa_brand-warmhaus","10":"first","11":"instock","12":"shipping-taxable","13":"product-type-simple"},"_links":{"self":[{"href":"https:\/\/proterm.md\/ro\/wp-json\/wp\/v2\/product\/4311","targetHints":{"allow":["GET"]}}],"collection":[{"href":"https:\/\/proterm.md\/ro\/wp-json\/wp\/v2\/product"}],"about":[{"href":"https:\/\/proterm.md\/ro\/wp-json\/wp\/v2\/types\/product"}],"wp:featuredmedia":[{"embeddable":true,"href":"https:\/\/proterm.md\/ro\/wp-json\/wp\/v2\/media\/7361"}],"wp:attachment":[{"href":"https:\/\/proterm.md\/ro\/wp-json\/wp\/v2\/media?parent=4311"}],"wp:term":[{"taxonomy":"product_brand","embeddable":true,"href":"https:\/\/proterm.md\/ro\/wp-json\/wp\/v2\/product_brand?post=4311"},{"taxonomy":"product_cat","embeddable":true,"href":"https:\/\/proterm.md\/ro\/wp-json\/wp\/v2\/product_cat?post=4311"},{"taxonomy":"product_tag","embeddable":true,"href":"https:\/\/proterm.md\/ro\/wp-json\/wp\/v2\/product_tag?post=4311"}],"curies":[{"name":"wp","href":"https:\/\/api.w.org\/{rel}","templated":true}]}}