{"id":5256,"date":"2025-07-01T09:03:11","date_gmt":"2025-07-01T07:03:11","guid":{"rendered":"https:\/\/proterm.md\/?post_type=product&#038;p=5256"},"modified":"2025-11-11T13:18:58","modified_gmt":"2025-11-11T11:18:58","slug":"pompa_invertor_rheken_600","status":"publish","type":"product","link":"https:\/\/proterm.md\/ro\/product\/pompa_invertor_rheken_600\/","title":{"rendered":"Pompa invertor RHEKEN 1WZB35-600I"},"content":{"rendered":"<div class=\"wpb-content-wrapper\"><p>[vc_row][vc_column][vc_column_text text_larger=&#8221;no&#8221;]<\/p>\n<div style=\"width: 640px;\" class=\"wp-video\"><video class=\"wp-video-shortcode\" id=\"video-5256-1\" width=\"640\" height=\"360\" poster=\"https:\/\/proterm.md\/wp-content\/uploads\/2022\/07\/Rheken.webp\" preload=\"metadata\" controls=\"controls\"><source type=\"video\/mp4\" src=\"https:\/\/proterm.md\/wp-content\/uploads\/2025\/06\/WZB60.mp4?_=1\" \/><a href=\"https:\/\/proterm.md\/wp-content\/uploads\/2025\/06\/WZB60.mp4\">https:\/\/proterm.md\/wp-content\/uploads\/2025\/06\/WZB60.mp4<\/a><\/video><\/div>\n<p>[\/vc_column_text][\/vc_column][\/vc_row][vc_row][vc_column][vc_column_text css_animation=&#8221;bounceIn&#8221; text_larger=&#8221;no&#8221;]Pompa de apa din seria RHEKEN este primul tip de pompa cu autoamorsare care ofer\u0103 adev\u0103ratul sens al unei pompe cu autoamorsare complet\u0103 pentru a realiza capul complet, oferind confort clientului.[\/vc_column_text][\/vc_column][\/vc_row]<\/p>\n<\/div>","protected":false},"excerpt":{"rendered":"<p>Temperatura lichidului\u00a0 2\u00b0C &#8211; 90 \u00b0C<br \/>\nTemperatura ambientala\u00a0 \u00a02\u00b0C &#8211; 45\u00b0C<br \/>\nComanda &#8211; Led digital, Touch-screen<br \/>\nMaterial &#8211; fonta, aluminiu<br \/>\nTensiune \u2013 220V<br \/>\nPuterea &#8211; 600W<br \/>\nAdincimea aspiratiei &#8211; 9m<br \/>\nInal\u021bimea pomparii ( h max) \u2013 40 m<br \/>\nProductivitate (max) \u2013 3,2 m\u00b3\/h<br \/>\nViteza de rotatie \u2013 2860 rpm<\/p>\n<p><img decoding=\"async\" class=\"alignnone wp-image-7559\" src=\"https:\/\/proterm.md\/wp-content\/uploads\/2021\/12\/icopdf-min-250x250.png\" alt=\"\" width=\"32\" height=\"32\" srcset=\"https:\/\/proterm.md\/wp-content\/uploads\/2021\/12\/icopdf-min-250x250.png 250w, https:\/\/proterm.md\/wp-content\/uploads\/2021\/12\/icopdf-min-150x150.png 150w, https:\/\/proterm.md\/wp-content\/uploads\/2021\/12\/icopdf-min-450x450.png 450w, https:\/\/proterm.md\/wp-content\/uploads\/2021\/12\/icopdf-min-300x300.png 300w, https:\/\/proterm.md\/wp-content\/uploads\/2021\/12\/icopdf-min-500x500.png 500w, https:\/\/proterm.md\/wp-content\/uploads\/2021\/12\/icopdf-min-100x100.png 100w, https:\/\/proterm.md\/wp-content\/uploads\/2021\/12\/icopdf-min.png 512w\" sizes=\"(max-width: 32px) 100vw, 32px\" \/><a href=\"https:\/\/proterm.md\/wp-content\/uploads\/2025\/06\/RHEKEN-water-pump.pdf\" target=\"_blank\" rel=\"noopener\">Brosura<\/a><\/p>\n<p><img decoding=\"async\" class=\"alignnone wp-image-7559\" src=\"https:\/\/proterm.md\/wp-content\/uploads\/2021\/12\/icopdf-min-250x250.png\" alt=\"\" width=\"32\" height=\"32\" srcset=\"https:\/\/proterm.md\/wp-content\/uploads\/2021\/12\/icopdf-min-250x250.png 250w, https:\/\/proterm.md\/wp-content\/uploads\/2021\/12\/icopdf-min-150x150.png 150w, https:\/\/proterm.md\/wp-content\/uploads\/2021\/12\/icopdf-min-450x450.png 450w, https:\/\/proterm.md\/wp-content\/uploads\/2021\/12\/icopdf-min-300x300.png 300w, https:\/\/proterm.md\/wp-content\/uploads\/2021\/12\/icopdf-min-500x500.png 500w, https:\/\/proterm.md\/wp-content\/uploads\/2021\/12\/icopdf-min-100x100.png 100w, https:\/\/proterm.md\/wp-content\/uploads\/2021\/12\/icopdf-min.png 512w\" sizes=\"(max-width: 32px) 100vw, 32px\" \/><a href=\"https:\/\/proterm.md\/wp-content\/uploads\/2025\/08\/rheken-inverter-pump-manual.pdf\" target=\"_blank\" rel=\"noopener\">Date tehnice<\/a><\/p>\n","protected":false},"featured_media":16818,"template":"","meta":{"_joinchat":[]},"product_brand":[],"product_cat":[40,64],"product_tag":[319],"class_list":{"0":"post-5256","1":"product","2":"type-product","3":"status-publish","4":"has-post-thumbnail","6":"product_cat-pompa_apa","7":"product_cat-pompe_hidrofor","8":"product_tag-brend-rheken","9":"pa_availability-for-pre-order-pre-order","10":"pa_brand-brend-rheken","11":"pa_maximum-productivity-323","12":"pa_pumping-height-324","14":"first","15":"instock","16":"sale","17":"shipping-taxable","18":"product-type-simple"},"_links":{"self":[{"href":"https:\/\/proterm.md\/ro\/wp-json\/wp\/v2\/product\/5256","targetHints":{"allow":["GET"]}}],"collection":[{"href":"https:\/\/proterm.md\/ro\/wp-json\/wp\/v2\/product"}],"about":[{"href":"https:\/\/proterm.md\/ro\/wp-json\/wp\/v2\/types\/product"}],"wp:featuredmedia":[{"embeddable":true,"href":"https:\/\/proterm.md\/ro\/wp-json\/wp\/v2\/media\/16818"}],"wp:attachment":[{"href":"https:\/\/proterm.md\/ro\/wp-json\/wp\/v2\/media?parent=5256"}],"wp:term":[{"taxonomy":"product_brand","embeddable":true,"href":"https:\/\/proterm.md\/ro\/wp-json\/wp\/v2\/product_brand?post=5256"},{"taxonomy":"product_cat","embeddable":true,"href":"https:\/\/proterm.md\/ro\/wp-json\/wp\/v2\/product_cat?post=5256"},{"taxonomy":"product_tag","embeddable":true,"href":"https:\/\/proterm.md\/ro\/wp-json\/wp\/v2\/product_tag?post=5256"}],"curies":[{"name":"wp","href":"https:\/\/api.w.org\/{rel}","templated":true}]}}