{"id":5795,"date":"2021-09-30T11:04:38","date_gmt":"2021-09-30T09:04:38","guid":{"rendered":"https:\/\/proterm.md\/?post_type=product&#038;p=5795"},"modified":"2025-05-30T14:17:23","modified_gmt":"2025-05-30T12:17:23","slug":"convector-de-podea_isan","status":"publish","type":"product","link":"https:\/\/proterm.md\/ro\/product\/convector-de-podea_isan\/","title":{"rendered":"Convector de podea"},"content":{"rendered":"<div class=\"wpb-content-wrapper\"><p>[vc_row][vc_column][vc_column_text css_animation=&#8221;bounceIn&#8221; text_larger=&#8221;no&#8221;]Convectoarele ISAN func\u021bioneaz\u0103 silen\u021bios, ceea ce le permite s\u0103 fie instalate chiar \u0219i \u00eentr-un dormitor sau camera pentru copii.<\/p>\n<p>Convectoarele cu ventilator \u00eencorporat \u00ee\u0219i pot \u00eenc\u00e2nta proprietarii chiar \u0219i \u00een sezonul cald. Acest echipament poate fi utilizat at\u00e2t pentru \u00eenc\u0103lzirea, c\u00e2t \u0219i pentru r\u0103cirea \u00eenc\u0103perilor. Pentru a face acest lucru, trebuie doar s\u0103 reconfigura\u021bi termostatul.<\/p>\n<p>Cu alegerea corect\u0103 a acestor dispozitive de \u00eenc\u0103lzire, nu ar trebui s\u0103 apar\u0103 dificult\u0103\u021bi \u00een controlul acestora. Flexibilitatea puterii de c\u0103ldur\u0103 a schimb\u0103torului de c\u0103ldur\u0103 al convectoarelor de pardoseal\u0103 Isan v\u0103 permite s\u0103 alege\u021bi convectorul optim din punct de vedere al puterii pentru \u00eenc\u0103lzirea oric\u0103rei camere.[\/vc_column_text][\/vc_column][\/vc_row]<\/p>\n<\/div>","protected":false},"excerpt":{"rendered":"<p>Convector de podea FST20-11280-SL111 &#8211; 2.80m<\/p>\n<p style=\"text-align: left;\">Sunt doua tipuri de convectoare<br \/>\n<strong>Tip natural<\/strong> &#8211; prin convectie.<br \/>\n<strong>Tip Fortat<\/strong> &#8211; prin intermediul ventilatoarelor.<\/p>\n<p><strong>Capacitatea termica &#8211; 4,16 kW<\/strong><\/p>\n<p>Disponibilitate pentru precomanda urmatoarele lungimi &#8211; 1.20m, 2m, 2.40, 2.80m, cit de tip fortat (cu ventilator) atit si fara (tip natural)<\/p>\n<p>&nbsp;<\/p>\n","protected":false},"featured_media":5321,"template":"","meta":{"_joinchat":[]},"product_brand":[],"product_cat":[93,15],"product_tag":[340],"class_list":{"0":"post-5795","1":"product","2":"type-product","3":"status-publish","4":"has-post-thumbnail","6":"product_cat-convectoare_podea","7":"product_cat-instalatii_incalzire","8":"product_tag-isan-floor-convectors","9":"pa_brand-isan-floor-convectors","10":"pa_length-of-chimneys-2-80","12":"first","13":"instock","14":"sale","15":"featured","16":"shipping-taxable","17":"product-type-simple"},"_links":{"self":[{"href":"https:\/\/proterm.md\/ro\/wp-json\/wp\/v2\/product\/5795","targetHints":{"allow":["GET"]}}],"collection":[{"href":"https:\/\/proterm.md\/ro\/wp-json\/wp\/v2\/product"}],"about":[{"href":"https:\/\/proterm.md\/ro\/wp-json\/wp\/v2\/types\/product"}],"wp:featuredmedia":[{"embeddable":true,"href":"https:\/\/proterm.md\/ro\/wp-json\/wp\/v2\/media\/5321"}],"wp:attachment":[{"href":"https:\/\/proterm.md\/ro\/wp-json\/wp\/v2\/media?parent=5795"}],"wp:term":[{"taxonomy":"product_brand","embeddable":true,"href":"https:\/\/proterm.md\/ro\/wp-json\/wp\/v2\/product_brand?post=5795"},{"taxonomy":"product_cat","embeddable":true,"href":"https:\/\/proterm.md\/ro\/wp-json\/wp\/v2\/product_cat?post=5795"},{"taxonomy":"product_tag","embeddable":true,"href":"https:\/\/proterm.md\/ro\/wp-json\/wp\/v2\/product_tag?post=5795"}],"curies":[{"name":"wp","href":"https:\/\/api.w.org\/{rel}","templated":true}]}}