{"id":5812,"date":"2025-12-01T10:58:02","date_gmt":"2025-12-01T08:58:02","guid":{"rendered":"https:\/\/proterm.md\/?post_type=product&#038;p=5812"},"modified":"2026-01-01T10:07:44","modified_gmt":"2026-01-01T08:07:44","slug":"vas-de-expansiune-24l","status":"publish","type":"product","link":"https:\/\/proterm.md\/ro\/product\/vas-de-expansiune-24l\/","title":{"rendered":"Vas de expansiune 24L"},"content":{"rendered":"<p>Rezervoare de expansiune pentru ap\u0103 rece \u0219i cald\u0103 cu o capacitate de la 2 p\u00e2n\u0103 la 3000 de litri. Rezervoarele au un corp fabricat din o\u021bel de \u00eenalt\u0103 calitate \u0219i acoperit cu un smal\u021b albastru sau ro\u0219u protector.Rezervoarele de expansiune sunt realizate at\u00e2t \u00een \u200b\u200bvarianta orizontal\u0103, c\u00e2t \u0219i vertical\u0103.<br \/>\nAcumulatoarele hidraulice sunt destinate utiliz\u0103rii cu ap\u0103 potabil\u0103 \u00een sistemele autonome de alimentare cu ap\u0103 atunci c\u00e2nd lucreaz\u0103 \u00eempreun\u0103 cu o pomp\u0103, \u00een sistemele de \u00eenc\u0103lzire \u0219i alimentare cu ap\u0103 cald\u0103.<br \/>\nV\u0103 rug\u0103m s\u0103 verifica\u021bi matri\u021ba la intervale regulate (aproximativ la fiecare 3-4 luni) \u0219i ad\u0103uga\u021bi aer dac\u0103 este necesar. Dac\u0103 prepresiunea este prea sc\u0103zut\u0103, diafragma poate s\u0103 se sparg\u0103, aceasta nu este acoperit\u0103 de garan\u021bie. Re\u021bine\u021bi, de asemenea, informa\u021biile relevante ale produc\u0103torului.<\/p>","protected":false},"excerpt":{"rendered":"<p>Temperatura de func\u021bionare de la -10 la +99 \u00b0\u0421<br \/>\nPresiune presetata 1,5 \u00f7 2 bar<\/p>\n","protected":false},"featured_media":11149,"template":"","meta":{"_joinchat":[]},"product_brand":[],"product_cat":[60],"product_tag":[286,348,354],"class_list":{"0":"post-5812","1":"product","2":"type-product","3":"status-publish","4":"has-post-thumbnail","6":"product_cat-vas_expansiune","7":"product_tag-cacheng-brend","8":"product_tag-cimm-brend","9":"product_tag-zilmet-brend","10":"pa_brand-cacheng-brend","11":"pa_brand-cimm-brend","12":"pa_brand-zilmet-brend","13":"pa_expansion-tank-volume-397","15":"first","16":"instock","17":"shipping-taxable","18":"product-type-simple"},"_links":{"self":[{"href":"https:\/\/proterm.md\/ro\/wp-json\/wp\/v2\/product\/5812","targetHints":{"allow":["GET"]}}],"collection":[{"href":"https:\/\/proterm.md\/ro\/wp-json\/wp\/v2\/product"}],"about":[{"href":"https:\/\/proterm.md\/ro\/wp-json\/wp\/v2\/types\/product"}],"wp:featuredmedia":[{"embeddable":true,"href":"https:\/\/proterm.md\/ro\/wp-json\/wp\/v2\/media\/11149"}],"wp:attachment":[{"href":"https:\/\/proterm.md\/ro\/wp-json\/wp\/v2\/media?parent=5812"}],"wp:term":[{"taxonomy":"product_brand","embeddable":true,"href":"https:\/\/proterm.md\/ro\/wp-json\/wp\/v2\/product_brand?post=5812"},{"taxonomy":"product_cat","embeddable":true,"href":"https:\/\/proterm.md\/ro\/wp-json\/wp\/v2\/product_cat?post=5812"},{"taxonomy":"product_tag","embeddable":true,"href":"https:\/\/proterm.md\/ro\/wp-json\/wp\/v2\/product_tag?post=5812"}],"curies":[{"name":"wp","href":"https:\/\/api.w.org\/{rel}","templated":true}]}}