{"id":6054,"date":"2021-10-11T10:01:15","date_gmt":"2021-10-11T08:01:15","guid":{"rendered":"https:\/\/proterm.md\/?post_type=product&#038;p=6054"},"modified":"2025-05-30T14:16:09","modified_gmt":"2025-05-30T12:16:09","slug":"dop-ppr-o25f","status":"publish","type":"product","link":"https:\/\/proterm.md\/ro\/product\/dop-ppr-o25f\/","title":{"rendered":"Dop PPR \u00d825F"},"content":{"rendered":"<div class=\"wpb-content-wrapper\"><p>[vc_row][vc_column][vc_column_text css_animation=&#8221;bounceIn&#8221; text_larger=&#8221;no&#8221;]Dopul PPR este utilizat pentru \u00eenchiderea orificiului de evacuare a unei \u021bevi din polipropilen\u0103 \u00een sistemele de alimentare cu ap\u0103 cald\u0103 \u0219i rece din spa\u021biile reziden\u021biale, administrative \u0219i industriale.[\/vc_column_text][\/vc_column][\/vc_row]<\/p>\n<\/div>","protected":false},"excerpt":{"rendered":"<p>Diametru &#8211; 25 mm<br \/>\nProduc\u0103tor &#8211; Turcia<br \/>\nTemperatura purt\u0103torului de c\u0103ldur\u0103 &#8211; 90 \u00b0 \u0421 max.<br \/>\nUtilizare &#8211; \u00cenc\u0103lzire, alimentare cu ap\u0103<\/p>\n","protected":false},"featured_media":6053,"template":"","meta":{"_joinchat":[]},"product_brand":[],"product_cat":[106],"product_tag":[413],"class_list":{"0":"post-6054","1":"product","2":"type-product","3":"status-publish","4":"has-post-thumbnail","6":"product_cat-fitinguri_polipropilen","7":"product_tag-greenfit-brend","8":"pa_brand-greenfit-brend","9":"pa_diametru-417","10":"pa_fitting-polypropylene-add","12":"first","13":"instock","14":"shipping-taxable","15":"product-type-simple"},"_links":{"self":[{"href":"https:\/\/proterm.md\/ro\/wp-json\/wp\/v2\/product\/6054","targetHints":{"allow":["GET"]}}],"collection":[{"href":"https:\/\/proterm.md\/ro\/wp-json\/wp\/v2\/product"}],"about":[{"href":"https:\/\/proterm.md\/ro\/wp-json\/wp\/v2\/types\/product"}],"wp:featuredmedia":[{"embeddable":true,"href":"https:\/\/proterm.md\/ro\/wp-json\/wp\/v2\/media\/6053"}],"wp:attachment":[{"href":"https:\/\/proterm.md\/ro\/wp-json\/wp\/v2\/media?parent=6054"}],"wp:term":[{"taxonomy":"product_brand","embeddable":true,"href":"https:\/\/proterm.md\/ro\/wp-json\/wp\/v2\/product_brand?post=6054"},{"taxonomy":"product_cat","embeddable":true,"href":"https:\/\/proterm.md\/ro\/wp-json\/wp\/v2\/product_cat?post=6054"},{"taxonomy":"product_tag","embeddable":true,"href":"https:\/\/proterm.md\/ro\/wp-json\/wp\/v2\/product_tag?post=6054"}],"curies":[{"name":"wp","href":"https:\/\/api.w.org\/{rel}","templated":true}]}}