{"id":6062,"date":"2021-10-11T11:09:34","date_gmt":"2021-10-11T09:09:34","guid":{"rendered":"https:\/\/proterm.md\/?post_type=product&#038;p=6062"},"modified":"2025-05-30T14:15:54","modified_gmt":"2025-05-30T12:15:54","slug":"colier-ppr-o32","status":"publish","type":"product","link":"https:\/\/proterm.md\/ro\/product\/colier-ppr-o32\/","title":{"rendered":"Colier PPR \u00d832"},"content":{"rendered":"<div class=\"wpb-content-wrapper\"><p>[vc_row][vc_column][vc_column_text css_animation=&#8221;bounceIn&#8221; text_larger=&#8221;no&#8221;]Colierul pentru tevi de ppr este, la prima vedere, un detaliu foarte mic, care aduce de fapt un mare beneficiu. Cu ajutorul acestuia, pute\u021bi fixa cu u\u0219urin\u021b\u0103 \u021bevile pe suprafe\u021be plane (pere\u021bi, podea) \u0219i le pute\u021bi asigura o rigiditate suplimentar\u0103.[\/vc_column_text][\/vc_column][\/vc_row]<\/p>\n<\/div>","protected":false},"excerpt":{"rendered":"<p>Diametru &#8211; 32 mm<br \/>\nProduc\u0103tor &#8211; Turcia<br \/>\nUtilizare &#8211; \u00cenc\u0103lzire, alimentare cu ap\u0103<\/p>\n","protected":false},"featured_media":6060,"template":"","meta":{"_joinchat":[]},"product_brand":[],"product_cat":[106],"product_tag":[413],"class_list":{"0":"post-6062","1":"product","2":"type-product","3":"status-publish","4":"has-post-thumbnail","6":"product_cat-fitinguri_polipropilen","7":"product_tag-greenfit-brend","8":"pa_brand-greenfit-brend","9":"pa_diametru-418","10":"pa_fitting-polypropylene-necklace","12":"first","13":"instock","14":"shipping-taxable","15":"product-type-simple"},"_links":{"self":[{"href":"https:\/\/proterm.md\/ro\/wp-json\/wp\/v2\/product\/6062","targetHints":{"allow":["GET"]}}],"collection":[{"href":"https:\/\/proterm.md\/ro\/wp-json\/wp\/v2\/product"}],"about":[{"href":"https:\/\/proterm.md\/ro\/wp-json\/wp\/v2\/types\/product"}],"wp:featuredmedia":[{"embeddable":true,"href":"https:\/\/proterm.md\/ro\/wp-json\/wp\/v2\/media\/6060"}],"wp:attachment":[{"href":"https:\/\/proterm.md\/ro\/wp-json\/wp\/v2\/media?parent=6062"}],"wp:term":[{"taxonomy":"product_brand","embeddable":true,"href":"https:\/\/proterm.md\/ro\/wp-json\/wp\/v2\/product_brand?post=6062"},{"taxonomy":"product_cat","embeddable":true,"href":"https:\/\/proterm.md\/ro\/wp-json\/wp\/v2\/product_cat?post=6062"},{"taxonomy":"product_tag","embeddable":true,"href":"https:\/\/proterm.md\/ro\/wp-json\/wp\/v2\/product_tag?post=6062"}],"curies":[{"name":"wp","href":"https:\/\/api.w.org\/{rel}","templated":true}]}}