{"id":6069,"date":"2021-10-11T13:09:45","date_gmt":"2021-10-11T11:09:45","guid":{"rendered":"https:\/\/proterm.md\/?post_type=product&#038;p=6069"},"modified":"2025-05-30T14:15:53","modified_gmt":"2025-05-30T12:15:53","slug":"cot-ppr-90-ff-o50","status":"publish","type":"product","link":"https:\/\/proterm.md\/ro\/product\/cot-ppr-90-ff-o50\/","title":{"rendered":"Cot PPR 90\u00b0 FF \u00d850"},"content":{"rendered":"<div class=\"wpb-content-wrapper\"><p>[vc_row][vc_column][vc_column_text css_animation=&#8221;bounceIn&#8221; text_larger=&#8221;no&#8221;]Cot PPR de 90\u00b0 este folosit pentru a schimba direc\u021bia conductei. Aplica\u021bii: sisteme de \u00eenc\u0103lzire \u0219i aer condi\u021bionat, re\u021bele de alimentare cu ap\u0103 cald\u0103 \u0219i rece, inclusiv ap\u0103 potabil\u0103. \u00cen func\u021biune, fitingul poate rezista la presiuni de p\u00e2n\u0103 la 25 bari \u0219i temperaturi de p\u00e2n\u0103 la 90\u00b0C.[\/vc_column_text][\/vc_column][\/vc_row]<\/p>\n<\/div>","protected":false},"excerpt":{"rendered":"<p>Diametru &#8211; 50 mm<br \/>\nUnghi &#8211; 90 \u00b0<br \/>\nProduc\u0103tor &#8211; Turcia<br \/>\nUtilizare &#8211; \u00cenc\u0103lzire, alimentare cu ap\u0103<\/p>\n","protected":false},"featured_media":6065,"template":"","meta":{"_joinchat":[]},"product_brand":[],"product_cat":[106],"product_tag":[413],"class_list":{"0":"post-6069","1":"product","2":"type-product","3":"status-publish","4":"has-post-thumbnail","6":"product_cat-fitinguri_polipropilen","7":"product_tag-greenfit-brend","8":"pa_brand-greenfit-brend","9":"pa_degrees-angle-381","10":"pa_diametru-420","11":"pa_fitting-polypropylene-elbow","13":"first","14":"instock","15":"shipping-taxable","16":"product-type-simple"},"_links":{"self":[{"href":"https:\/\/proterm.md\/ro\/wp-json\/wp\/v2\/product\/6069","targetHints":{"allow":["GET"]}}],"collection":[{"href":"https:\/\/proterm.md\/ro\/wp-json\/wp\/v2\/product"}],"about":[{"href":"https:\/\/proterm.md\/ro\/wp-json\/wp\/v2\/types\/product"}],"wp:featuredmedia":[{"embeddable":true,"href":"https:\/\/proterm.md\/ro\/wp-json\/wp\/v2\/media\/6065"}],"wp:attachment":[{"href":"https:\/\/proterm.md\/ro\/wp-json\/wp\/v2\/media?parent=6069"}],"wp:term":[{"taxonomy":"product_brand","embeddable":true,"href":"https:\/\/proterm.md\/ro\/wp-json\/wp\/v2\/product_brand?post=6069"},{"taxonomy":"product_cat","embeddable":true,"href":"https:\/\/proterm.md\/ro\/wp-json\/wp\/v2\/product_cat?post=6069"},{"taxonomy":"product_tag","embeddable":true,"href":"https:\/\/proterm.md\/ro\/wp-json\/wp\/v2\/product_tag?post=6069"}],"curies":[{"name":"wp","href":"https:\/\/api.w.org\/{rel}","templated":true}]}}