{"id":6106,"date":"2021-10-12T08:10:30","date_gmt":"2021-10-12T06:10:30","guid":{"rendered":"https:\/\/proterm.md\/?post_type=product&#038;p=6106"},"modified":"2025-05-30T14:15:37","modified_gmt":"2025-05-30T12:15:37","slug":"cruce-ppr-o20","status":"publish","type":"product","link":"https:\/\/proterm.md\/ro\/product\/cruce-ppr-o20\/","title":{"rendered":"Cruce PPR \u00d820"},"content":{"rendered":"<div class=\"wpb-content-wrapper\"><p>[vc_row][vc_column][vc_column_text css_animation=&#8221;bounceIn&#8221; text_larger=&#8221;no&#8221;]Crucea PPR este utilizata in sisteme de \u00eenc\u0103lzire central\u0103, alimentare cu ap\u0103 rece \u0219i cald\u0103 pentru ramificarea traseului.[\/vc_column_text][\/vc_column][\/vc_row]<\/p>\n<\/div>","protected":false},"excerpt":{"rendered":"<p>Diametru &#8211; 20 mm<br \/>\nProducator &#8211; Turcia<br \/>\nTemperatura purt\u0103torului de caldura &#8211; 90 \u00b0 \u0421 max.<br \/>\nUtilizare &#8211; Incalzire, alimentare cu apa<\/p>\n","protected":false},"featured_media":6107,"template":"","meta":{"_joinchat":[]},"product_brand":[],"product_cat":[106],"product_tag":[413],"class_list":{"0":"post-6106","1":"product","2":"type-product","3":"status-publish","4":"has-post-thumbnail","6":"product_cat-fitinguri_polipropilen","7":"product_tag-greenfit-brend","8":"pa_brand-greenfit-brend","9":"pa_diametru-409","10":"pa_fitting-polypropylene-cross","12":"first","13":"instock","14":"shipping-taxable","15":"product-type-simple"},"_links":{"self":[{"href":"https:\/\/proterm.md\/ro\/wp-json\/wp\/v2\/product\/6106","targetHints":{"allow":["GET"]}}],"collection":[{"href":"https:\/\/proterm.md\/ro\/wp-json\/wp\/v2\/product"}],"about":[{"href":"https:\/\/proterm.md\/ro\/wp-json\/wp\/v2\/types\/product"}],"wp:featuredmedia":[{"embeddable":true,"href":"https:\/\/proterm.md\/ro\/wp-json\/wp\/v2\/media\/6107"}],"wp:attachment":[{"href":"https:\/\/proterm.md\/ro\/wp-json\/wp\/v2\/media?parent=6106"}],"wp:term":[{"taxonomy":"product_brand","embeddable":true,"href":"https:\/\/proterm.md\/ro\/wp-json\/wp\/v2\/product_brand?post=6106"},{"taxonomy":"product_cat","embeddable":true,"href":"https:\/\/proterm.md\/ro\/wp-json\/wp\/v2\/product_cat?post=6106"},{"taxonomy":"product_tag","embeddable":true,"href":"https:\/\/proterm.md\/ro\/wp-json\/wp\/v2\/product_tag?post=6106"}],"curies":[{"name":"wp","href":"https:\/\/api.w.org\/{rel}","templated":true}]}}