{"id":6407,"date":"2021-10-19T10:50:31","date_gmt":"2021-10-19T08:50:31","guid":{"rendered":"https:\/\/proterm.md\/?post_type=product&#038;p=6407"},"modified":"2025-05-30T14:12:47","modified_gmt":"2025-05-30T12:12:47","slug":"teava-canalizare-o110-l250","status":"publish","type":"product","link":"https:\/\/proterm.md\/ro\/product\/teava-canalizare-o110-l250\/","title":{"rendered":"Teava canalizare \u00d8110 L250"},"content":{"rendered":"<div class=\"wpb-content-wrapper\"><p>[vc_row][vc_column][vc_column_text css_animation=&#8221;bounceIn&#8221; text_larger=&#8221;no&#8221;]Polipropilen\u0103 (PP), fabricat\u0103 conform standartelor EU, rezistent\u0103 la ap\u0103 cald\u0103, rezisten\u021b\u0103 la foc pe termen lung conform standartelor EU clasa B1.<br \/>\n-Capacitate de instalare \u00een case \u0219i apartamente unde exist\u0103 o scurgere la temperatur\u0103 ridicat\u0103 de la ma\u0219inile de sp\u0103lat \u0219i ma\u0219inile de sp\u0103lat vase (rezisten\u021b\u0103 la temperatur\u0103 de p\u00e2n\u0103 la 100 \u00b0C)<br \/>\n-Suprafata interna foarte neteda (conducta nu cre\u0219te \u00een exces)<br \/>\n-Capacitatea de a utiliza substan\u021be chimice moderne extrem de eficiente pentru cur\u0103\u021barea blocajelor precum Tiret, Mole etc. (conductele au rezisten\u021b\u0103 chimic\u0103 ridicat\u0103)<br \/>\n-Tevile \u0219i arm\u0103turile ofer\u0103 un confort maxim de locuit datorit\u0103 unui grad ridicat de absorb\u021bie a zgomotului (nivel de zgomot 27 dB).[\/vc_column_text][\/vc_column][\/vc_row]<\/p>\n<\/div>","protected":false},"excerpt":{"rendered":"<p>Lungime &#8211; 250mm<br \/>\nMax. temperatura de lucru &#8211; 100 \u00b0 C<br \/>\nMaterial &#8211; polipropilen\u0103<br \/>\nCuloare &#8211; gri<br \/>\nDomeniu de aplicare\u00a0 &#8211; canalizare intern\u0103<br \/>\n&#8211; drenaj \u00een interiorul cl\u0103dirilor<br \/>\n&#8211; canalizare menajer\u0103<br \/>\n&#8211; drenarea apei de ploaie<br \/>\n&#8211; ventila\u021bie<\/p>\n","protected":false},"featured_media":6402,"template":"","meta":{"_joinchat":[]},"product_brand":[],"product_cat":[109],"product_tag":[],"class_list":{"0":"post-6407","1":"product","2":"type-product","3":"status-publish","4":"has-post-thumbnail","6":"product_cat-teava_canalizare","7":"pa_diametru-449","8":"pa_the-length-radiator-451","10":"first","11":"instock","12":"shipping-taxable","13":"product-type-simple"},"_links":{"self":[{"href":"https:\/\/proterm.md\/ro\/wp-json\/wp\/v2\/product\/6407","targetHints":{"allow":["GET"]}}],"collection":[{"href":"https:\/\/proterm.md\/ro\/wp-json\/wp\/v2\/product"}],"about":[{"href":"https:\/\/proterm.md\/ro\/wp-json\/wp\/v2\/types\/product"}],"wp:featuredmedia":[{"embeddable":true,"href":"https:\/\/proterm.md\/ro\/wp-json\/wp\/v2\/media\/6402"}],"wp:attachment":[{"href":"https:\/\/proterm.md\/ro\/wp-json\/wp\/v2\/media?parent=6407"}],"wp:term":[{"taxonomy":"product_brand","embeddable":true,"href":"https:\/\/proterm.md\/ro\/wp-json\/wp\/v2\/product_brand?post=6407"},{"taxonomy":"product_cat","embeddable":true,"href":"https:\/\/proterm.md\/ro\/wp-json\/wp\/v2\/product_cat?post=6407"},{"taxonomy":"product_tag","embeddable":true,"href":"https:\/\/proterm.md\/ro\/wp-json\/wp\/v2\/product_tag?post=6407"}],"curies":[{"name":"wp","href":"https:\/\/api.w.org\/{rel}","templated":true}]}}