{"id":6422,"date":"2021-10-19T13:58:44","date_gmt":"2021-10-19T11:58:44","guid":{"rendered":"https:\/\/proterm.md\/?post_type=product&#038;p=6422"},"modified":"2025-05-30T14:12:32","modified_gmt":"2025-05-30T12:12:32","slug":"casuta-canalizare-o50","status":"publish","type":"product","link":"https:\/\/proterm.md\/ro\/product\/casuta-canalizare-o50\/","title":{"rendered":"Casuta canalizare \u00d850"},"content":{"rendered":"<div class=\"wpb-content-wrapper\"><p>[vc_row][vc_column][vc_column_text css_animation=&#8221;bounceIn&#8221; text_larger=&#8221;no&#8221;]La instalarea conductelor de ventila\u021bie, este adesea necesar s\u0103 se protejeze \u00eempotriva p\u0103trunderii particulelor str\u0103ine \u00een interior, precum \u0219i a precipita\u021biilor atmosferice. Cel mai bine este s\u0103 folosi\u021bi pentru aceasta o ciuperc\u0103 special\u0103 de canalizare din polipropilen\u0103.[\/vc_column_text][\/vc_column][\/vc_row]<\/p>\n<\/div>","protected":false},"excerpt":{"rendered":"<p>Capac de ventila\u021bie cu diametrul de 50 mm (deflector). Pentru a proteja orificiile de canalizare de influen\u021bele externe.<br \/>\nDisponibil cu conexiune extern\u0103 \u0219i intern\u0103.<\/p>\n","protected":false},"featured_media":6423,"template":"","meta":{"_joinchat":[]},"product_brand":[],"product_cat":[453],"product_tag":[],"class_list":{"0":"post-6422","1":"product","2":"type-product","3":"status-publish","4":"has-post-thumbnail","6":"product_cat-fitinguri_canalizare","7":"pa_diametru-420","8":"pa_sewer-fittings-category-casuta","10":"first","11":"instock","12":"shipping-taxable","13":"product-type-simple"},"_links":{"self":[{"href":"https:\/\/proterm.md\/ro\/wp-json\/wp\/v2\/product\/6422","targetHints":{"allow":["GET"]}}],"collection":[{"href":"https:\/\/proterm.md\/ro\/wp-json\/wp\/v2\/product"}],"about":[{"href":"https:\/\/proterm.md\/ro\/wp-json\/wp\/v2\/types\/product"}],"wp:featuredmedia":[{"embeddable":true,"href":"https:\/\/proterm.md\/ro\/wp-json\/wp\/v2\/media\/6423"}],"wp:attachment":[{"href":"https:\/\/proterm.md\/ro\/wp-json\/wp\/v2\/media?parent=6422"}],"wp:term":[{"taxonomy":"product_brand","embeddable":true,"href":"https:\/\/proterm.md\/ro\/wp-json\/wp\/v2\/product_brand?post=6422"},{"taxonomy":"product_cat","embeddable":true,"href":"https:\/\/proterm.md\/ro\/wp-json\/wp\/v2\/product_cat?post=6422"},{"taxonomy":"product_tag","embeddable":true,"href":"https:\/\/proterm.md\/ro\/wp-json\/wp\/v2\/product_tag?post=6422"}],"curies":[{"name":"wp","href":"https:\/\/api.w.org\/{rel}","templated":true}]}}