{"id":6424,"date":"2021-10-19T14:04:55","date_gmt":"2021-10-19T12:04:55","guid":{"rendered":"https:\/\/proterm.md\/?post_type=product&#038;p=6424"},"modified":"2025-05-30T14:12:32","modified_gmt":"2025-05-30T12:12:32","slug":"conpensator-pp-o110","status":"publish","type":"product","link":"https:\/\/proterm.md\/ro\/product\/conpensator-pp-o110\/","title":{"rendered":"Compensator PP \u00d8110"},"content":{"rendered":"<div class=\"wpb-content-wrapper\"><p>[vc_row][vc_column][vc_column_text css_animation=&#8221;bounceIn&#8221; text_larger=&#8221;no&#8221;]\u021aevile de canalizare din polipropilen\u0103, datorit\u0103 caracteristicilor lor tehnice, sunt acum utilizate pe scar\u0103 larg\u0103 pentru sistemele de canalizare \u00een interior \u0219i exterior. Datorit\u0103 avantajelor sale, conducta de canalizare poate fi a\u0219ezat\u0103 \u00een cel mai scurt timp posibil. Utilizarea unor astfel de \u021bevi pentru instalarea canaliz\u0103rilor este una dintre cele mai frecvente solu\u021bii \u00een acest domeniu.[\/vc_column_text][\/vc_column][\/vc_row]<\/p>\n<\/div>","protected":false},"excerpt":{"rendered":"<p>Diametru &#8211; \u00d8 110mm<br \/>\nMaterial &#8211; polipropilen\u0103<br \/>\nTemperatura maxim\u0103 de func\u021bionare: + 95 \u00b0C.<br \/>\nEste folosit la inlocuirea unei portiuni deteriorate<br \/>\nNu elimina gaze toxice<\/p>\n","protected":false},"featured_media":6425,"template":"","meta":{"_joinchat":[]},"product_brand":[],"product_cat":[453],"product_tag":[],"class_list":{"0":"post-6424","1":"product","2":"type-product","3":"status-publish","4":"has-post-thumbnail","6":"product_cat-fitinguri_canalizare","7":"pa_diametru-449","8":"pa_sewer-fittings-category-compensator","10":"first","11":"instock","12":"shipping-taxable","13":"product-type-simple"},"_links":{"self":[{"href":"https:\/\/proterm.md\/ro\/wp-json\/wp\/v2\/product\/6424","targetHints":{"allow":["GET"]}}],"collection":[{"href":"https:\/\/proterm.md\/ro\/wp-json\/wp\/v2\/product"}],"about":[{"href":"https:\/\/proterm.md\/ro\/wp-json\/wp\/v2\/types\/product"}],"wp:featuredmedia":[{"embeddable":true,"href":"https:\/\/proterm.md\/ro\/wp-json\/wp\/v2\/media\/6425"}],"wp:attachment":[{"href":"https:\/\/proterm.md\/ro\/wp-json\/wp\/v2\/media?parent=6424"}],"wp:term":[{"taxonomy":"product_brand","embeddable":true,"href":"https:\/\/proterm.md\/ro\/wp-json\/wp\/v2\/product_brand?post=6424"},{"taxonomy":"product_cat","embeddable":true,"href":"https:\/\/proterm.md\/ro\/wp-json\/wp\/v2\/product_cat?post=6424"},{"taxonomy":"product_tag","embeddable":true,"href":"https:\/\/proterm.md\/ro\/wp-json\/wp\/v2\/product_tag?post=6424"}],"curies":[{"name":"wp","href":"https:\/\/api.w.org\/{rel}","templated":true}]}}