{"id":6446,"date":"2021-10-20T07:51:40","date_gmt":"2021-10-20T05:51:40","guid":{"rendered":"https:\/\/proterm.md\/?post_type=product&#038;p=6446"},"modified":"2025-05-30T14:12:32","modified_gmt":"2025-05-30T12:12:32","slug":"cot-pp-o110-50x90-cu-iesire-din-dreapta","status":"publish","type":"product","link":"https:\/\/proterm.md\/ro\/product\/cot-pp-o110-50x90-cu-iesire-din-dreapta\/","title":{"rendered":"Cot PP \u00d8110\/50&#215;90\u00b0 cu iesire din dreapta"},"content":{"rendered":"<div class=\"wpb-content-wrapper\"><p>[vc_row][vc_column][vc_column_text css_animation=&#8221;bounceIn&#8221; text_larger=&#8221;no&#8221;]Cheia bunei func\u021bion\u0103ri a sistemului de canalizare interne \u0219i externe este trecerea f\u0103r\u0103 obstacole a canalelor de canalizare prin conduct\u0103. Pentru a asigura trecerea lin\u0103 a apelor folosite, este necesar s\u0103 se dea unghiul de \u00eenclinare dorit corespunz\u0103tor dimensiunii conductei de canalizare.[\/vc_column_text][\/vc_column][\/vc_row]<\/p>\n<\/div>","protected":false},"excerpt":{"rendered":"<p>Diametru &#8211; \u00d8 110 mm, 50mm<br \/>\nUnghi &#8211; 90\u00b0<br \/>\nMaterial &#8211; polipropilen\u0103<br \/>\nTemperatura maxim\u0103 de func\u021bionare: + 95 \u00b0C.<br \/>\nNu emana gaze toxice<\/p>\n","protected":false},"featured_media":6449,"template":"","meta":{"_joinchat":[]},"product_brand":[],"product_cat":[453],"product_tag":[],"class_list":{"0":"post-6446","1":"product","2":"type-product","3":"status-publish","4":"has-post-thumbnail","6":"product_cat-fitinguri_canalizare","7":"pa_degrees-angle-381","8":"pa_diametru-449","9":"pa_diametru-420","10":"pa_sewer-fittings-category-elbow","12":"first","13":"instock","14":"shipping-taxable","15":"product-type-simple"},"_links":{"self":[{"href":"https:\/\/proterm.md\/ro\/wp-json\/wp\/v2\/product\/6446","targetHints":{"allow":["GET"]}}],"collection":[{"href":"https:\/\/proterm.md\/ro\/wp-json\/wp\/v2\/product"}],"about":[{"href":"https:\/\/proterm.md\/ro\/wp-json\/wp\/v2\/types\/product"}],"wp:featuredmedia":[{"embeddable":true,"href":"https:\/\/proterm.md\/ro\/wp-json\/wp\/v2\/media\/6449"}],"wp:attachment":[{"href":"https:\/\/proterm.md\/ro\/wp-json\/wp\/v2\/media?parent=6446"}],"wp:term":[{"taxonomy":"product_brand","embeddable":true,"href":"https:\/\/proterm.md\/ro\/wp-json\/wp\/v2\/product_brand?post=6446"},{"taxonomy":"product_cat","embeddable":true,"href":"https:\/\/proterm.md\/ro\/wp-json\/wp\/v2\/product_cat?post=6446"},{"taxonomy":"product_tag","embeddable":true,"href":"https:\/\/proterm.md\/ro\/wp-json\/wp\/v2\/product_tag?post=6446"}],"curies":[{"name":"wp","href":"https:\/\/api.w.org\/{rel}","templated":true}]}}