{"id":6630,"date":"2021-10-27T09:36:52","date_gmt":"2021-10-27T07:36:52","guid":{"rendered":"https:\/\/proterm.md\/?post_type=product&#038;p=6630"},"modified":"2025-05-30T14:12:04","modified_gmt":"2025-05-30T12:12:04","slug":"colectoare-cu-filet-exterior","status":"publish","type":"product","link":"https:\/\/proterm.md\/ro\/product\/colectoare-cu-filet-exterior\/","title":{"rendered":"Colector cu filet exterior"},"content":{"rendered":"<p>Este utilizat pentru distribu\u021bia fluxurilor de fluide \u00een circuitele de \u00eenc\u0103lzire prin pardoseal\u0103, \u00eenc\u0103lzire \u0219i alimentare cu ap\u0103.<br \/>\nCa si in cazul altor tipuri de colectoare de distributie, aceste produse fac ca retelele echipate cu ele sa fie usor de operat, fiabile si intretinute.<\/p>","protected":false},"excerpt":{"rendered":"<p>Distan\u021ba centru-centru dintre porturi &#8211; 36 mm<br \/>\nFilet cap &#8211; 1\/2<br \/>\nPorturi laterale: \u00d8 1&#8243; MF<br \/>\nPresiune de lucru &#8211; 10 bar<br \/>\nPresiune maxim\u0103 de lucru &#8211; 16 bar<br \/>\nMax. temperatura de func\u021bionare 100 \u00b1 130 \u00b0 C<br \/>\nTip colector &#8211; distributie<br \/>\nTip material &#8211; alama<br \/>\nDomeniul de aplicare &#8211; \u00eenc\u0103lzire, pardoseli \u00eenc\u0103lzite, alimentare cu ap\u0103, sta\u021bii de pompare<\/p>\n","protected":false},"featured_media":15169,"template":"","meta":{"_joinchat":[]},"product_brand":[],"product_cat":[112],"product_tag":[411],"class_list":{"0":"post-6630","1":"product","2":"type-product","3":"status-publish","4":"has-post-thumbnail","6":"product_cat-colectoare-distribuitoare","7":"product_tag-fiv","8":"pa_brand-fiv-emmeti","9":"pa_brand-xf","10":"pa_diametru-si-numar-circuite-o-1-la-2-cai","11":"pa_diametru-si-numar-circuite-o-1-la-3-cai","12":"pa_diametru-si-numar-circuite-o-1-la-4-cai","13":"pa_diametru-si-numar-circuite-o1-la-2-cai","15":"first","16":"instock","17":"shipping-taxable","18":"product-type-variable","19":"has-default-attributes"},"_links":{"self":[{"href":"https:\/\/proterm.md\/ro\/wp-json\/wp\/v2\/product\/6630","targetHints":{"allow":["GET"]}}],"collection":[{"href":"https:\/\/proterm.md\/ro\/wp-json\/wp\/v2\/product"}],"about":[{"href":"https:\/\/proterm.md\/ro\/wp-json\/wp\/v2\/types\/product"}],"wp:featuredmedia":[{"embeddable":true,"href":"https:\/\/proterm.md\/ro\/wp-json\/wp\/v2\/media\/15169"}],"wp:attachment":[{"href":"https:\/\/proterm.md\/ro\/wp-json\/wp\/v2\/media?parent=6630"}],"wp:term":[{"taxonomy":"product_brand","embeddable":true,"href":"https:\/\/proterm.md\/ro\/wp-json\/wp\/v2\/product_brand?post=6630"},{"taxonomy":"product_cat","embeddable":true,"href":"https:\/\/proterm.md\/ro\/wp-json\/wp\/v2\/product_cat?post=6630"},{"taxonomy":"product_tag","embeddable":true,"href":"https:\/\/proterm.md\/ro\/wp-json\/wp\/v2\/product_tag?post=6630"}],"curies":[{"name":"wp","href":"https:\/\/api.w.org\/{rel}","templated":true}]}}