{"id":6641,"date":"2021-10-27T14:51:04","date_gmt":"2021-10-27T12:51:04","guid":{"rendered":"https:\/\/proterm.md\/?post_type=product&#038;p=6641"},"modified":"2025-05-30T14:12:04","modified_gmt":"2025-05-30T12:12:04","slug":"colectoare-ventil-fiv","status":"publish","type":"product","link":"https:\/\/proterm.md\/ro\/product\/colectoare-ventil-fiv\/","title":{"rendered":"Colectoare ventil FIV"},"content":{"rendered":"<p>Un colector din alam\u0103 cu supape de \u00eenchidere f\u0103r\u0103 coloane este proiectat pentru distribu\u021bia uniform\u0103 a presiunii din conducta principal\u0103 atunci c\u00e2nd se instaleaz\u0103 sistemele de alimentare cu ap\u0103 \u0219i de \u00eenc\u0103lzire.<\/p>","protected":false},"excerpt":{"rendered":"<p>Filet cap &#8211;\u00a0 1\/2&#8243;MF<br \/>\nMax. temperatura de func\u021bionare &#8211; 100 \u00b0C<br \/>\nTip colector &#8211; \u00eentrerupere<br \/>\nTip material &#8211; alama<br \/>\nDomeniu de aplicare: \u00eenc\u0103lzire, pardoseli \u00eenc\u0103lzite, alimentare cu ap\u0103, sta\u021bii de pompare.<\/p>\n","protected":false},"featured_media":15045,"template":"","meta":{"_joinchat":[]},"product_brand":[],"product_cat":[112],"product_tag":[411],"class_list":{"0":"post-6641","1":"product","2":"type-product","3":"status-publish","4":"has-post-thumbnail","6":"product_cat-colectoare-distribuitoare","7":"product_tag-fiv","8":"pa_brand-fiv-emmeti","9":"pa_diametru-si-numar-circuite-o-1-la-2-cai","10":"pa_diametru-si-numar-circuite-o-1-la-3-cai","11":"pa_diametru-si-numar-circuite-o-1-la-4-cai","12":"pa_diametru-si-numar-circuite-o-3-4-la-2-cai","13":"pa_diametru-si-numar-circuite-o-3-4-la-3-cai","14":"pa_diametru-si-numar-circuite-o-3-4-la-4-cai","15":"pa_heating-type-for-water-supply","16":"pa_heating-type-for-pumping-groups","17":"pa_heating-type-heating","18":"pa_heating-type-for-underfloor-heating","20":"first","21":"instock","22":"shipping-taxable","23":"product-type-variable","24":"has-default-attributes"},"_links":{"self":[{"href":"https:\/\/proterm.md\/ro\/wp-json\/wp\/v2\/product\/6641","targetHints":{"allow":["GET"]}}],"collection":[{"href":"https:\/\/proterm.md\/ro\/wp-json\/wp\/v2\/product"}],"about":[{"href":"https:\/\/proterm.md\/ro\/wp-json\/wp\/v2\/types\/product"}],"wp:featuredmedia":[{"embeddable":true,"href":"https:\/\/proterm.md\/ro\/wp-json\/wp\/v2\/media\/15045"}],"wp:attachment":[{"href":"https:\/\/proterm.md\/ro\/wp-json\/wp\/v2\/media?parent=6641"}],"wp:term":[{"taxonomy":"product_brand","embeddable":true,"href":"https:\/\/proterm.md\/ro\/wp-json\/wp\/v2\/product_brand?post=6641"},{"taxonomy":"product_cat","embeddable":true,"href":"https:\/\/proterm.md\/ro\/wp-json\/wp\/v2\/product_cat?post=6641"},{"taxonomy":"product_tag","embeddable":true,"href":"https:\/\/proterm.md\/ro\/wp-json\/wp\/v2\/product_tag?post=6641"}],"curies":[{"name":"wp","href":"https:\/\/api.w.org\/{rel}","templated":true}]}}