{"id":6660,"date":"2021-10-28T11:15:19","date_gmt":"2021-10-28T09:15:19","guid":{"rendered":"https:\/\/proterm.md\/?post_type=product&#038;p=6660"},"modified":"2025-05-30T14:12:04","modified_gmt":"2025-05-30T12:12:04","slug":"colector-ape-in-complect-cu-dozator","status":"publish","type":"product","link":"https:\/\/proterm.md\/ro\/product\/colector-ape-in-complect-cu-dozator\/","title":{"rendered":"Colector APE in complect cu dozator"},"content":{"rendered":"<p>Distribuitorul de alimentare are capacitatea de a deconecta fiecare dintre circuitele sistemului \u0219i poate fi echipat cu rotametre. Colectorul de retur este echipat cu supape pre-setate \u00eencorporate pentru a asigura echilibrarea hidraulic\u0103 optim\u0103 a sistemului.<\/p>","protected":false},"excerpt":{"rendered":"<p>Colector APE cu debitmetre, orificii de aerisire \u0219i suporturi.<br \/>\nNum\u0103r de ie\u0219iri &#8211; 11<br \/>\nDistan\u021ba centru-centru dintre porturi &#8211; 50 mm<br \/>\nFilet cap &#8211; filet exterior &#8211; 3\/4<br \/>\nPorturi laterale: &#8211; \u00d8 1 \u2033<br \/>\nMax. temperatura de lucru &#8211; 90 \u00b0 C<br \/>\nTip colector &#8211; de reglare<br \/>\nTip material &#8211; alama<br \/>\nDomeniu de aplicare &#8211; \u00eenc\u0103lzire, \u00eenc\u0103lzire prin pardoseal\u0103.<br \/>\nProducator &#8211; APE Racorderie  Italia<\/p>\n","protected":false},"featured_media":15087,"template":"","meta":{"_joinchat":[]},"product_brand":[],"product_cat":[112],"product_tag":[2317],"class_list":{"0":"post-6660","1":"product","2":"type-product","3":"status-publish","4":"has-post-thumbnail","6":"product_cat-colectoare-distribuitoare","7":"product_tag-ape-racorderie","8":"pa_brand-ape-raccorderie","9":"pa_diametru-1x3-4","10":"pa_heating-type-heating","11":"pa_heating-type-for-underfloor-heating","12":"pa_number-of-exits-486","14":"first","15":"instock","16":"shipping-taxable","17":"product-type-simple"},"_links":{"self":[{"href":"https:\/\/proterm.md\/ro\/wp-json\/wp\/v2\/product\/6660","targetHints":{"allow":["GET"]}}],"collection":[{"href":"https:\/\/proterm.md\/ro\/wp-json\/wp\/v2\/product"}],"about":[{"href":"https:\/\/proterm.md\/ro\/wp-json\/wp\/v2\/types\/product"}],"wp:featuredmedia":[{"embeddable":true,"href":"https:\/\/proterm.md\/ro\/wp-json\/wp\/v2\/media\/15087"}],"wp:attachment":[{"href":"https:\/\/proterm.md\/ro\/wp-json\/wp\/v2\/media?parent=6660"}],"wp:term":[{"taxonomy":"product_brand","embeddable":true,"href":"https:\/\/proterm.md\/ro\/wp-json\/wp\/v2\/product_brand?post=6660"},{"taxonomy":"product_cat","embeddable":true,"href":"https:\/\/proterm.md\/ro\/wp-json\/wp\/v2\/product_cat?post=6660"},{"taxonomy":"product_tag","embeddable":true,"href":"https:\/\/proterm.md\/ro\/wp-json\/wp\/v2\/product_tag?post=6660"}],"curies":[{"name":"wp","href":"https:\/\/api.w.org\/{rel}","templated":true}]}}