{"id":6693,"date":"2021-10-28T15:59:46","date_gmt":"2021-10-28T13:59:46","guid":{"rendered":"https:\/\/proterm.md\/?post_type=product&#038;p=6693"},"modified":"2026-03-26T12:21:18","modified_gmt":"2026-03-26T10:21:18","slug":"colector-bila-xf412","status":"publish","type":"product","link":"https:\/\/proterm.md\/ro\/product\/colector-bila-xf412\/","title":{"rendered":"Colector cu gerpex XF412"},"content":{"rendered":"<p>Un colector din alam\u0103 cu supape de \u00eenchidere f\u0103r\u0103 coloane este proiectat pentru distribu\u021bia uniform\u0103 a presiunii din conducta principal\u0103 atunci c\u00e2nd se instaleaz\u0103 sistemele de alimentare cu ap\u0103 \u0219i de \u00eenc\u0103lzire. Distribuitorul asigur\u0103 o presiune egal\u0103 pentru consumatori, elimin\u00e2nd presiunea acestora unul asupra celuilalt. Acest colector este echipat cu supape cu bil\u0103.<\/p>","protected":false},"excerpt":{"rendered":"<p>Colector cu gerpex XF412<br \/>\nDistan\u021ba central\u0103 dintre porturi &#8211; 36 mm<br \/>\nFilet cap &#8211; filet exterior 1\/2<br \/>\nPorturi laterale: &#8211; \u00d8 1&#8243;<br \/>\nMax. temperatura de func\u021bionare &#8211; 100 \u00b0C<br \/>\nTip colector &#8211; \u00eentrerupere<br \/>\nTip material &#8211; alam\u0103.<br \/>\nDomeniu de aplicare: \u00eenc\u0103lzire, podea calda, alimentare cu ap\u0103, sta\u021bii de pompare.<\/p>\n","protected":false},"featured_media":15136,"template":"","meta":{"_joinchat":[]},"product_brand":[],"product_cat":[112],"product_tag":[],"class_list":{"0":"post-6693","1":"product","2":"type-product","3":"status-publish","4":"has-post-thumbnail","6":"product_cat-colectoare-distribuitoare","7":"pa_diametru-si-numar-circuite-o-1-la-2-cai","8":"pa_diametru-si-numar-circuite-o-1-la-4-cai","10":"first","11":"instock","12":"shipping-taxable","13":"product-type-variable","14":"has-default-attributes"},"_links":{"self":[{"href":"https:\/\/proterm.md\/ro\/wp-json\/wp\/v2\/product\/6693","targetHints":{"allow":["GET"]}}],"collection":[{"href":"https:\/\/proterm.md\/ro\/wp-json\/wp\/v2\/product"}],"about":[{"href":"https:\/\/proterm.md\/ro\/wp-json\/wp\/v2\/types\/product"}],"wp:featuredmedia":[{"embeddable":true,"href":"https:\/\/proterm.md\/ro\/wp-json\/wp\/v2\/media\/15136"}],"wp:attachment":[{"href":"https:\/\/proterm.md\/ro\/wp-json\/wp\/v2\/media?parent=6693"}],"wp:term":[{"taxonomy":"product_brand","embeddable":true,"href":"https:\/\/proterm.md\/ro\/wp-json\/wp\/v2\/product_brand?post=6693"},{"taxonomy":"product_cat","embeddable":true,"href":"https:\/\/proterm.md\/ro\/wp-json\/wp\/v2\/product_cat?post=6693"},{"taxonomy":"product_tag","embeddable":true,"href":"https:\/\/proterm.md\/ro\/wp-json\/wp\/v2\/product_tag?post=6693"}],"curies":[{"name":"wp","href":"https:\/\/api.w.org\/{rel}","templated":true}]}}