{"id":6737,"date":"2021-11-02T08:31:28","date_gmt":"2021-11-02T06:31:28","guid":{"rendered":"https:\/\/proterm.md\/?post_type=product&#038;p=6737"},"modified":"2025-05-30T14:11:49","modified_gmt":"2025-05-30T12:11:49","slug":"dulap-de-distributie-exterior-sgn-2-7-610580120","status":"publish","type":"product","link":"https:\/\/proterm.md\/ro\/product\/dulap-de-distributie-exterior-sgn-2-7-610580120\/","title":{"rendered":"Dulap de distributie exterior SGN 2\/7 (610*580*120)"},"content":{"rendered":"<p>Dulapurile de distribu\u021bie metalice sunt utilizate pentru instalare \u00een cl\u0103diri noi sau \u00een cl\u0103diri \u00een repara\u021bie. Este o cutie metalica cu diferite dimensiuni.<\/p>","protected":false},"excerpt":{"rendered":"<p>Grad de protectie &#8211; IP56<br \/>\n\u00cen\u0103l\u021bime &#8211; 580 mm<br \/>\nLatime &#8211; 610 mm<br \/>\nAd\u00e2ncime &#8211; 120 mm<br \/>\nculoare alba<br \/>\nKit de montare pe perete<\/p>\n","protected":false},"featured_media":13586,"template":"","meta":{"_joinchat":[]},"product_brand":[],"product_cat":[509],"product_tag":[],"class_list":{"0":"post-6737","1":"product","2":"type-product","3":"status-publish","4":"has-post-thumbnail","6":"product_cat-dulap_distributie","7":"pa_adancime-1525","8":"pa_heated-towel-rail-height-1526","9":"pa_heated-towel-rail-width-2199","10":"pa_heating-type-for-underfloor-heating","11":"pa_intern-extern-extern","13":"first","14":"instock","15":"shipping-taxable","16":"product-type-simple"},"_links":{"self":[{"href":"https:\/\/proterm.md\/ro\/wp-json\/wp\/v2\/product\/6737","targetHints":{"allow":["GET"]}}],"collection":[{"href":"https:\/\/proterm.md\/ro\/wp-json\/wp\/v2\/product"}],"about":[{"href":"https:\/\/proterm.md\/ro\/wp-json\/wp\/v2\/types\/product"}],"wp:featuredmedia":[{"embeddable":true,"href":"https:\/\/proterm.md\/ro\/wp-json\/wp\/v2\/media\/13586"}],"wp:attachment":[{"href":"https:\/\/proterm.md\/ro\/wp-json\/wp\/v2\/media?parent=6737"}],"wp:term":[{"taxonomy":"product_brand","embeddable":true,"href":"https:\/\/proterm.md\/ro\/wp-json\/wp\/v2\/product_brand?post=6737"},{"taxonomy":"product_cat","embeddable":true,"href":"https:\/\/proterm.md\/ro\/wp-json\/wp\/v2\/product_cat?post=6737"},{"taxonomy":"product_tag","embeddable":true,"href":"https:\/\/proterm.md\/ro\/wp-json\/wp\/v2\/product_tag?post=6737"}],"curies":[{"name":"wp","href":"https:\/\/api.w.org\/{rel}","templated":true}]}}