{"id":6841,"date":"2021-11-04T17:13:42","date_gmt":"2021-11-04T15:13:42","guid":{"rendered":"https:\/\/proterm.md\/?post_type=product&#038;p=6841"},"modified":"2025-08-07T12:31:56","modified_gmt":"2025-08-07T10:31:56","slug":"robinet-cu-piulita-3-4-mf","status":"publish","type":"product","link":"https:\/\/proterm.md\/ro\/product\/robinet-cu-piulita-3-4-mf\/","title":{"rendered":"Robinet cu piulita 3\/4&#8243; MF"},"content":{"rendered":"<p>Robinet\u00a0 cu filtru cu piuli\u021b\u0103 Novasfer sunt utilizate ca supape de \u00eenchidere pe conducte pentru apa potabila si menajera, alimentare cu ap\u0103 cald\u0103, \u00eenc\u0103lzire, aer comprimat, hidrocarburi lichide, precum \u0219i pe conductele de proces care transport\u0103 lichide care nu sunt agresive pentru supap\u0103 materiale.<\/p>","protected":false},"excerpt":{"rendered":"<p>Inchidere &#8211; bil\u0103<br \/>\nDiametrul &#8211; \u00d8 3\/4&#8243;<br \/>\nPresiune maxima de lucru &#8211; 10 bar<br \/>\nTip racordare &#8211; filetat<br \/>\nTip conexiune &#8211; interior-exterior<br \/>\nActionare manuala &#8211; maner fluture<br \/>\nMaterial\u00a0 &#8211; alama<br \/>\nPlacare &#8211; nichel-crom<br \/>\nProducator &#8211; FIV<br \/>\nTara de origine &#8211; Italia<\/p>\n","protected":false},"featured_media":17025,"template":"","meta":{"_joinchat":[]},"product_brand":[],"product_cat":[540],"product_tag":[411],"class_list":{"0":"post-6841","1":"product","2":"type-product","3":"status-publish","4":"has-post-thumbnail","6":"product_cat-robinet_apa","7":"product_tag-fiv","8":"pa_brand-fiv-emmeti","9":"pa_filet-3-4","10":"pa_thread-type-combined","12":"first","13":"instock","14":"shipping-taxable","15":"product-type-simple"},"_links":{"self":[{"href":"https:\/\/proterm.md\/ro\/wp-json\/wp\/v2\/product\/6841","targetHints":{"allow":["GET"]}}],"collection":[{"href":"https:\/\/proterm.md\/ro\/wp-json\/wp\/v2\/product"}],"about":[{"href":"https:\/\/proterm.md\/ro\/wp-json\/wp\/v2\/types\/product"}],"wp:featuredmedia":[{"embeddable":true,"href":"https:\/\/proterm.md\/ro\/wp-json\/wp\/v2\/media\/17025"}],"wp:attachment":[{"href":"https:\/\/proterm.md\/ro\/wp-json\/wp\/v2\/media?parent=6841"}],"wp:term":[{"taxonomy":"product_brand","embeddable":true,"href":"https:\/\/proterm.md\/ro\/wp-json\/wp\/v2\/product_brand?post=6841"},{"taxonomy":"product_cat","embeddable":true,"href":"https:\/\/proterm.md\/ro\/wp-json\/wp\/v2\/product_cat?post=6841"},{"taxonomy":"product_tag","embeddable":true,"href":"https:\/\/proterm.md\/ro\/wp-json\/wp\/v2\/product_tag?post=6841"}],"curies":[{"name":"wp","href":"https:\/\/api.w.org\/{rel}","templated":true}]}}