{"id":6899,"date":"2021-11-06T12:06:20","date_gmt":"2021-11-06T10:06:20","guid":{"rendered":"https:\/\/proterm.md\/?post_type=product&#038;p=6899"},"modified":"2025-05-30T14:11:19","modified_gmt":"2025-05-30T12:11:19","slug":"robinet-trecere-slovarm-1-1-2-ff","status":"publish","type":"product","link":"https:\/\/proterm.md\/ro\/product\/robinet-trecere-slovarm-1-1-2-ff\/","title":{"rendered":"Robinet trecere 1 1\/2&#8243; FF"},"content":{"rendered":"<p>Robinet sertar Slovarm sunt utilizati ca supape de \u00eenchidere pe conducte pentru apa potabila si menajera, alimentare cu ap\u0103 cald\u0103, \u00eenc\u0103lzire, aer comprimat, hidrocarburi lichide, precum \u0219i pe conductele de proces care transport\u0103 lichide care nu sunt agresive pentru supap\u0103 materiale.<\/p>","protected":false},"excerpt":{"rendered":"<p>Inchidere &#8211; sertar<br \/>\nPresiune maxim\u0103 de lucru &#8211; 16 bar<br \/>\nDiametrul supapei &#8211; \u00d8 1 1\/2\u2033<br \/>\nTemperatura de lucru &#8211; -20 \u00b0C \/ + 120\u00b0 C<br \/>\nComand\u0103 manual\u0103 &#8211; ventil<br \/>\nMediu de lucru &#8211; ap\u0103<br \/>\nTip racordare &#8211; filetat<br \/>\nTip conexiune &#8211; intern \/ intern<br \/>\nMaterial caroserie &#8211; alama<br \/>\nPlacare &#8211; nichel-crom<br \/>\nProducator &#8211; Slovarm<br \/>\nTara de origine &#8211; Slovacia<\/p>\n","protected":false},"featured_media":6893,"template":"","meta":{"_joinchat":[]},"product_brand":[],"product_cat":[540],"product_tag":[529],"class_list":{"0":"post-6899","1":"product","2":"type-product","3":"status-publish","4":"has-post-thumbnail","6":"product_cat-robinet_apa","7":"product_tag-slovarm","8":"pa_brand-slovarm","9":"pa_filet-11-2","10":"pa_thread-type-inside","12":"first","13":"instock","14":"shipping-taxable","15":"product-type-simple"},"_links":{"self":[{"href":"https:\/\/proterm.md\/ro\/wp-json\/wp\/v2\/product\/6899","targetHints":{"allow":["GET"]}}],"collection":[{"href":"https:\/\/proterm.md\/ro\/wp-json\/wp\/v2\/product"}],"about":[{"href":"https:\/\/proterm.md\/ro\/wp-json\/wp\/v2\/types\/product"}],"wp:featuredmedia":[{"embeddable":true,"href":"https:\/\/proterm.md\/ro\/wp-json\/wp\/v2\/media\/6893"}],"wp:attachment":[{"href":"https:\/\/proterm.md\/ro\/wp-json\/wp\/v2\/media?parent=6899"}],"wp:term":[{"taxonomy":"product_brand","embeddable":true,"href":"https:\/\/proterm.md\/ro\/wp-json\/wp\/v2\/product_brand?post=6899"},{"taxonomy":"product_cat","embeddable":true,"href":"https:\/\/proterm.md\/ro\/wp-json\/wp\/v2\/product_cat?post=6899"},{"taxonomy":"product_tag","embeddable":true,"href":"https:\/\/proterm.md\/ro\/wp-json\/wp\/v2\/product_tag?post=6899"}],"curies":[{"name":"wp","href":"https:\/\/api.w.org\/{rel}","templated":true}]}}