{"id":6908,"date":"2021-11-08T14:13:02","date_gmt":"2021-11-08T12:13:02","guid":{"rendered":"https:\/\/proterm.md\/?post_type=product&#038;p=6908"},"modified":"2025-12-08T09:54:38","modified_gmt":"2025-12-08T07:54:38","slug":"filtru-magnetic-3-4mf-hce","status":"publish","type":"product","link":"https:\/\/proterm.md\/ro\/product\/filtru-magnetic-3-4mf-hce\/","title":{"rendered":"Filtru Magnetic 3\/4&#8243;MF HCE"},"content":{"rendered":"<p>Filtru \u00a0magnetic HCE DirtOUT serve\u015fte la prinderea impurit\u0103\u0163ilor metalice magnetice \u00een fluxul substan\u0163elor lichide. Este prev\u0103zut cu magne\u0163i permanen\u0163i foarte puternici si reprezinta cea mai buna solutie pentru rezolvarea problemelor in circuitul instalatiilor termice \u00a0datorate coroziunii si depunerilor in timpul functionarii normale a unui sistem de incalzire.<\/p>\n<p>Filtrul asigura o protectie continua a cazanului, deoarece pastreaza toate impuritatile prezente in sistem si previne circulatia acestuia, evitand astfel uzarea si deteriorarea celorlalte componente ale sistemului (de exemplu, pompele de circulatie si schimbatoarele de caldura).<\/p>","protected":false},"excerpt":{"rendered":"<p>Filet de conectare 3\/4 &#8221; MF<br \/>\nFiltru din o\u021bel inoxidabil de 800 microni<br \/>\nMagnet &#8211; 12000 G<br \/>\nInaltime &#8211; 171 mm<br \/>\nLatime &#8211; 81 mm<br \/>\nTara producatoare &#8211; Italia<\/p>\n","protected":false},"featured_media":17530,"template":"","meta":{"_joinchat":[]},"product_brand":[],"product_cat":[116,123],"product_tag":[1501],"class_list":{"0":"post-6908","1":"product","2":"type-product","3":"status-publish","4":"has-post-thumbnail","6":"product_cat-filtru_apa","7":"product_cat-piese_de_schimb_centrale_termice","8":"product_tag-hce_brand","9":"pa_brand-hce_brand","10":"pa_filet-3-4","11":"pa_thread-type-combined","13":"first","14":"instock","15":"shipping-taxable","16":"product-type-simple"},"_links":{"self":[{"href":"https:\/\/proterm.md\/ro\/wp-json\/wp\/v2\/product\/6908","targetHints":{"allow":["GET"]}}],"collection":[{"href":"https:\/\/proterm.md\/ro\/wp-json\/wp\/v2\/product"}],"about":[{"href":"https:\/\/proterm.md\/ro\/wp-json\/wp\/v2\/types\/product"}],"wp:featuredmedia":[{"embeddable":true,"href":"https:\/\/proterm.md\/ro\/wp-json\/wp\/v2\/media\/17530"}],"wp:attachment":[{"href":"https:\/\/proterm.md\/ro\/wp-json\/wp\/v2\/media?parent=6908"}],"wp:term":[{"taxonomy":"product_brand","embeddable":true,"href":"https:\/\/proterm.md\/ro\/wp-json\/wp\/v2\/product_brand?post=6908"},{"taxonomy":"product_cat","embeddable":true,"href":"https:\/\/proterm.md\/ro\/wp-json\/wp\/v2\/product_cat?post=6908"},{"taxonomy":"product_tag","embeddable":true,"href":"https:\/\/proterm.md\/ro\/wp-json\/wp\/v2\/product_tag?post=6908"}],"curies":[{"name":"wp","href":"https:\/\/api.w.org\/{rel}","templated":true}]}}