{"id":7045,"date":"2021-11-18T10:46:19","date_gmt":"2021-11-18T08:46:19","guid":{"rendered":"https:\/\/ecoterm.md\/?post_type=product&#038;p=7045"},"modified":"2025-05-30T14:11:00","modified_gmt":"2025-05-30T12:11:00","slug":"termometru-bimetal-1-2-80c","status":"publish","type":"product","link":"https:\/\/proterm.md\/ro\/product\/termometru-bimetal-1-2-80c\/","title":{"rendered":"Termometru bimetal 1\/2&#8243; 80\u00b0C"},"content":{"rendered":"<p>Termometre pentru instala\u0163ii de \u00eenc\u0103lzire \u015fi sanitare. Termometru cu bimetal utilizat in instalatii de incalzire si in instalatii sanitare. Are teaca din alama cu un diametru de 9 mm si cu o imersie de 45 mm.<br \/>\nCadranul termometrului este din plastic, de culoare alba gradat, cu caractere de culoare neagra si ac indicator din plastic de culoare neagra. Rama termometrului este din tabla nichelata, carcasa din tabla de otel zincata, iar vizorul este din plastic<\/p>","protected":false},"excerpt":{"rendered":"<p>Precizie clasa &#8211; 2<br \/>\nDomeniu de indicare &#8211; 0\/80\u00b0C<br \/>\nTemperatur\u0103 de lucru max. din valoarea scalei<br \/>\nPresiune pe teac\u0103 maxim &#8211; 6 bar<br \/>\nAc indicator &#8211; plastic, negru<br \/>\nCarcas\u0103 &#8211; tabl\u0103 de o\u0163el, zincat\u0103<br \/>\nRam\u0103 &#8211; tabl\u0103, nichelat\u0103<br \/>\nVizor &#8211; plastic<\/p>\n","protected":false},"featured_media":7046,"template":"","meta":{"_joinchat":[]},"product_brand":[],"product_cat":[114,71],"product_tag":[],"class_list":{"0":"post-7045","1":"product","2":"type-product","3":"status-publish","4":"has-post-thumbnail","6":"product_cat-manometru_termometru_termomanometru","7":"product_cat-robineti_racorduri","8":"pa_filet-1-2","9":"pa_thread-type-outside","11":"first","12":"instock","13":"shipping-taxable","14":"product-type-simple"},"_links":{"self":[{"href":"https:\/\/proterm.md\/ro\/wp-json\/wp\/v2\/product\/7045","targetHints":{"allow":["GET"]}}],"collection":[{"href":"https:\/\/proterm.md\/ro\/wp-json\/wp\/v2\/product"}],"about":[{"href":"https:\/\/proterm.md\/ro\/wp-json\/wp\/v2\/types\/product"}],"wp:featuredmedia":[{"embeddable":true,"href":"https:\/\/proterm.md\/ro\/wp-json\/wp\/v2\/media\/7046"}],"wp:attachment":[{"href":"https:\/\/proterm.md\/ro\/wp-json\/wp\/v2\/media?parent=7045"}],"wp:term":[{"taxonomy":"product_brand","embeddable":true,"href":"https:\/\/proterm.md\/ro\/wp-json\/wp\/v2\/product_brand?post=7045"},{"taxonomy":"product_cat","embeddable":true,"href":"https:\/\/proterm.md\/ro\/wp-json\/wp\/v2\/product_cat?post=7045"},{"taxonomy":"product_tag","embeddable":true,"href":"https:\/\/proterm.md\/ro\/wp-json\/wp\/v2\/product_tag?post=7045"}],"curies":[{"name":"wp","href":"https:\/\/api.w.org\/{rel}","templated":true}]}}