{"id":7182,"date":"2021-11-25T10:01:17","date_gmt":"2021-11-25T08:01:17","guid":{"rendered":"https:\/\/ecoterm.md\/?post_type=product&#038;p=7182"},"modified":"2025-05-30T14:10:30","modified_gmt":"2025-05-30T12:10:30","slug":"trecere-bronz-1x3-4-mf","status":"publish","type":"product","link":"https:\/\/proterm.md\/ro\/product\/trecere-bronz-1x3-4-mf\/","title":{"rendered":"Trecere bronz 1&#215;3\/4 MF"},"content":{"rendered":"<p>Fitingurile din bronz de tranzi\u021bie sunt aplicabile \u00een sistemele de \u00eenc\u0103lzire, aer comprimat \u0219i ap\u0103 potabil\u0103, precum \u0219i \u00een sistemele de temperatur\u0103 ridicat\u0103 \u0219i de r\u0103cire.<br \/>\nCompatibil cu toate cele standard pentru o gam\u0103 larg\u0103 de aplica\u021bii.<br \/>\nCumparati treceri din bronz SLOVARM de la dealerul oficial ProTerm Grup din Chi\u0219in\u0103u. Cost redus. Sunati la +373 22 928 177<\/p>","protected":false},"excerpt":{"rendered":"<p>Tip \u2013 trecere<br \/>\nDiametru \u2013 1&#8243;x3\/4\u2033<br \/>\nTip filet \u2013 extern \/ intern<br \/>\nTip racordare \u2013 filetat<br \/>\nMaterial \u2013 alama<br \/>\nDomeniu de utilizare \u2013 Fitingurile de alama pot fi utilizate in instalatiile sanitare, de incalzire si HVAC.<br \/>\nProducator \u2013 Slovarm<br \/>\n\u021aara de origine \u2013 Slovacia<\/p>\n","protected":false},"featured_media":7176,"template":"","meta":{"_joinchat":[]},"product_brand":[],"product_cat":[69],"product_tag":[1555,529],"class_list":{"0":"post-7182","1":"product","2":"type-product","3":"status-publish","4":"has-post-thumbnail","6":"product_cat-fitinguri_bronz","7":"product_tag-klepsan","8":"product_tag-slovarm","9":"pa_brand-klepsan","10":"pa_brand-slovarm","11":"pa_filet-443","12":"pa_filet-3-4","13":"pa_fitting-polypropylene-reducer-ppr","14":"pa_thread-type-combined","16":"first","17":"instock","18":"shipping-taxable","19":"product-type-simple"},"_links":{"self":[{"href":"https:\/\/proterm.md\/ro\/wp-json\/wp\/v2\/product\/7182","targetHints":{"allow":["GET"]}}],"collection":[{"href":"https:\/\/proterm.md\/ro\/wp-json\/wp\/v2\/product"}],"about":[{"href":"https:\/\/proterm.md\/ro\/wp-json\/wp\/v2\/types\/product"}],"wp:featuredmedia":[{"embeddable":true,"href":"https:\/\/proterm.md\/ro\/wp-json\/wp\/v2\/media\/7176"}],"wp:attachment":[{"href":"https:\/\/proterm.md\/ro\/wp-json\/wp\/v2\/media?parent=7182"}],"wp:term":[{"taxonomy":"product_brand","embeddable":true,"href":"https:\/\/proterm.md\/ro\/wp-json\/wp\/v2\/product_brand?post=7182"},{"taxonomy":"product_cat","embeddable":true,"href":"https:\/\/proterm.md\/ro\/wp-json\/wp\/v2\/product_cat?post=7182"},{"taxonomy":"product_tag","embeddable":true,"href":"https:\/\/proterm.md\/ro\/wp-json\/wp\/v2\/product_tag?post=7182"}],"curies":[{"name":"wp","href":"https:\/\/api.w.org\/{rel}","templated":true}]}}