{"id":7273,"date":"2026-04-02T14:01:09","date_gmt":"2026-04-02T12:01:09","guid":{"rendered":"https:\/\/ecoterm.md\/?post_type=product&#038;p=7273"},"modified":"2026-04-02T14:01:10","modified_gmt":"2026-04-02T12:01:10","slug":"cot-ape-demontabil-20x3-4m","status":"publish","type":"product","link":"https:\/\/proterm.md\/ro\/product\/cot-ape-demontabil-20x3-4m\/","title":{"rendered":"Cot APE demontabil 20&#215;3\/4M"},"content":{"rendered":"<p>Coturile la stringere sunt proiectate pentru a crea conexiuni de sertizare deta\u0219abile ale conductelor din tevi din metal-multistrat (PEX-AL-PEX, PE-AL-PE, PEX-AL-PE, PERT-AL-PE etc.) \u00een alimentarea cu ap\u0103 potabil\u0103 \u0219i utilit\u0103\u021bi. sisteme, sisteme de alimentare cu ap\u0103 cald\u0103, \u00eenc\u0103lzire, precum \u0219i pe conducte tehnologice de transport de lichide. Tara producatoare \u2013 Italia.<\/p>","protected":false},"excerpt":{"rendered":"<div class=\"woocommerce-product-details__short-description\">\n<p>Tip &#8211; Cot demontabil<br \/>\nTip filet &#8211; filet \/ extern<br \/>\nDiametrul tevii &#8211; 20 mm<br \/>\nPresiune maxima &#8211; 16 bar<br \/>\nMaterial &#8211; alama<br \/>\nTemperatura de lucru -25 +120 \u00b0 \u0421<br \/>\nMaterial conducta &#8211; multistrat PE-Xb \/ AL \/ PE-Xb (conform UNI 21003)<br \/>\nScop &#8211; alimentare cu apa \/ incalzire<\/p>\n<\/div>\n","protected":false},"featured_media":7267,"template":"","meta":{"_joinchat":[]},"product_brand":[],"product_cat":[545],"product_tag":[2317],"class_list":{"0":"post-7273","1":"product","2":"type-product","3":"status-publish","4":"has-post-thumbnail","6":"product_cat-fitinguri_cheie_demontabile_pex-al_ape_italia","7":"product_tag-ape-racorderie","8":"pa_brand-ape-raccorderie","9":"pa_connections-corner-connection","10":"pa_diametru-409","11":"pa_filet-3-4","12":"pa_thread-type-outside","14":"first","15":"instock","16":"shipping-taxable","17":"product-type-simple"},"_links":{"self":[{"href":"https:\/\/proterm.md\/ro\/wp-json\/wp\/v2\/product\/7273","targetHints":{"allow":["GET"]}}],"collection":[{"href":"https:\/\/proterm.md\/ro\/wp-json\/wp\/v2\/product"}],"about":[{"href":"https:\/\/proterm.md\/ro\/wp-json\/wp\/v2\/types\/product"}],"wp:featuredmedia":[{"embeddable":true,"href":"https:\/\/proterm.md\/ro\/wp-json\/wp\/v2\/media\/7267"}],"wp:attachment":[{"href":"https:\/\/proterm.md\/ro\/wp-json\/wp\/v2\/media?parent=7273"}],"wp:term":[{"taxonomy":"product_brand","embeddable":true,"href":"https:\/\/proterm.md\/ro\/wp-json\/wp\/v2\/product_brand?post=7273"},{"taxonomy":"product_cat","embeddable":true,"href":"https:\/\/proterm.md\/ro\/wp-json\/wp\/v2\/product_cat?post=7273"},{"taxonomy":"product_tag","embeddable":true,"href":"https:\/\/proterm.md\/ro\/wp-json\/wp\/v2\/product_tag?post=7273"}],"curies":[{"name":"wp","href":"https:\/\/api.w.org\/{rel}","templated":true}]}}