{"id":7321,"date":"2021-11-29T15:27:55","date_gmt":"2021-11-29T13:27:55","guid":{"rendered":"https:\/\/ecoterm.md\/?post_type=product&#038;p=7321"},"modified":"2025-05-30T14:09:34","modified_gmt":"2025-05-30T12:09:34","slug":"sonda-arca-klf-1000","status":"publish","type":"product","link":"https:\/\/proterm.md\/ro\/product\/sonda-arca-klf-1000\/","title":{"rendered":"Sonda ARCA KLF 1000 baterie solara"},"content":{"rendered":"<p>Sonda de temperatur\u0103 de imersie KLF poate fi utilizat \u00een toate tipurile de sisteme de \u00eenc\u0103lzire, combustibil solid, pomp\u0103 de c\u0103ldur\u0103 \u0219i r\u0103cire. Este folosit ca la sondele termice pentru m\u0103surarea de ex. temperatura unui panou solar de \u00eenc\u0103lzire. Elementul de detectare este un termistor NTC de 5 kOhm la care rezisten\u021ba electric\u0103 se modific\u0103 sub influen\u021ba temperaturii ambientale \u00een func\u021bie de curba caracteristic\u0103 a acestuia. NTC (Coeficientul de temperatur\u0103 negativ) de 5 kOhm este un termistor a c\u0103rui rezisten\u021b\u0103 scade odat\u0103 cu cre\u0219terea temperaturii ambientale. Senzorul atinge rezisten\u021ba nominal\u0103 la 25 \u00b0 C. Acest senzor de temperatur\u0103 este senzorul standard pentru toate regulatoarele de \u00eenc\u0103lzire Elfatherm E8.<\/p>","protected":false},"excerpt":{"rendered":"<p>Sonda ARCA KLF 1000 &#8211; baterie solara<br \/>\nLungime &#8211; 2m<br \/>\nTimp de r\u0103spuns (63% din valoarea final\u0103): \u2264 16 s pentru medii plutitoare<br \/>\nClasa de protectie: IP67<br \/>\nMaterial: cablu, silicon<br \/>\nMan\u0219on, o\u021bel inoxidabil<br \/>\nInterval de temperatur\u0103: -30 &#8230; + 155 \u00b0 C<br \/>\nPrecizie \/ Incertitudine: &#8211; la 25 \u00b0 C: 5 k\u03a9 \u00b1 1% corespunde cu \u00b1 0,2 K.<br \/>\n&#8211; interval de temperatur\u0103 de la -40 la + 25 \u00b0 C: \u00b1 0,5K<br \/>\n&#8211; interval de temperatur\u0103 de la +25 la + 155 \u00b0 C: \u00b1 1,8 K<br \/>\nTara de origine &#8211; Germania.<\/p>\n","protected":false},"featured_media":7322,"template":"","meta":{"_joinchat":[]},"product_brand":[],"product_cat":[123],"product_tag":[126],"class_list":{"0":"post-7321","1":"product","2":"type-product","3":"status-publish","4":"has-post-thumbnail","6":"product_cat-piese_de_schimb_centrale_termice","7":"product_tag-arca","8":"pa_brand-arca","10":"first","11":"instock","12":"shipping-taxable","13":"product-type-simple"},"_links":{"self":[{"href":"https:\/\/proterm.md\/ro\/wp-json\/wp\/v2\/product\/7321","targetHints":{"allow":["GET"]}}],"collection":[{"href":"https:\/\/proterm.md\/ro\/wp-json\/wp\/v2\/product"}],"about":[{"href":"https:\/\/proterm.md\/ro\/wp-json\/wp\/v2\/types\/product"}],"wp:featuredmedia":[{"embeddable":true,"href":"https:\/\/proterm.md\/ro\/wp-json\/wp\/v2\/media\/7322"}],"wp:attachment":[{"href":"https:\/\/proterm.md\/ro\/wp-json\/wp\/v2\/media?parent=7321"}],"wp:term":[{"taxonomy":"product_brand","embeddable":true,"href":"https:\/\/proterm.md\/ro\/wp-json\/wp\/v2\/product_brand?post=7321"},{"taxonomy":"product_cat","embeddable":true,"href":"https:\/\/proterm.md\/ro\/wp-json\/wp\/v2\/product_cat?post=7321"},{"taxonomy":"product_tag","embeddable":true,"href":"https:\/\/proterm.md\/ro\/wp-json\/wp\/v2\/product_tag?post=7321"}],"curies":[{"name":"wp","href":"https:\/\/api.w.org\/{rel}","templated":true}]}}