{"id":7343,"date":"2021-11-30T10:41:12","date_gmt":"2021-11-30T08:41:12","guid":{"rendered":"https:\/\/ecoterm.md\/?post_type=product&#038;p=7343"},"modified":"2025-05-30T14:09:33","modified_gmt":"2025-05-30T12:09:33","slug":"schimbator-de-caldura-secundar-baxi-14-placi","status":"publish","type":"product","link":"https:\/\/proterm.md\/ro\/product\/schimbator-de-caldura-secundar-baxi-14-placi\/","title":{"rendered":"Schimbator de caldura secundar Baxi, 14 placi"},"content":{"rendered":"<p>Un\u00a0<b>schimb\u0103tor de c\u0103ldur\u0103<\/b>\u00a0este un echipament de\u00a0transfer termic, care transmite\u00a0c\u0103ldura\u00a0de la un mediu la altul. Transmiterea c\u0103ldurii \u00eentre cele dou\u0103 medii se poate face printr-un perete solid, care le separ\u0103, sau se poate face prin amestecarea mediilor.<sup id=\"cite_ref-M2_310_1-0\" class=\"reference\"><\/sup><sup id=\"cite_ref-2\" class=\"reference\"><\/sup>\u00a0Dac\u0103 mediile sunt \u00een contact cu peretele desp\u0103r\u021bitor pe fe\u021be diferite, c\u0103ldura trec\u00e2nd prin perete, schimb\u0103torul este de tip\u00a0<i>recuperativ<\/i>, iar dac\u0103 mediile sunt \u00een contact succesiv cu aceea\u0219i fa\u021b\u0103 a peretelui, c\u0103ldura acumul\u00e2ndu-se \u00een perete \u0219i fiind cedat\u0103 celuilalt mediu ulterior, schimb\u0103torul este de tip regenerativ. Transferul de c\u0103ldur\u0103 are loc \u00eentotdeauna, conform principiului al doilea al termodinamicii, de la mediul mai cald la cel mai rece.<\/p>","protected":false},"excerpt":{"rendered":"<p>Presiune de lucru circuit secundar &#8211; 8 bar.<br \/>\nInterval de temperatur\u0103 de func\u021bionare &#8211; 0 &#8230; + 120 \u00b0 C<br \/>\nTara de origine &#8211; Italia.<br \/>\nNum\u0103r de pl\u0103ci &#8211; 14<br \/>\nPresiunea de func\u021bionare a circuitului primar este de 3 bar.<br \/>\nCompatibilitate cazan &#8211; Baxi<\/p>\n","protected":false},"featured_media":7344,"template":"","meta":{"_joinchat":[]},"product_brand":[],"product_cat":[123],"product_tag":[135],"class_list":{"0":"post-7343","1":"product","2":"type-product","3":"status-publish","4":"has-post-thumbnail","6":"product_cat-piese_de_schimb_centrale_termice","7":"product_tag-baxi","8":"pa_brand-baxi","10":"first","11":"instock","12":"shipping-taxable","13":"product-type-simple"},"_links":{"self":[{"href":"https:\/\/proterm.md\/ro\/wp-json\/wp\/v2\/product\/7343","targetHints":{"allow":["GET"]}}],"collection":[{"href":"https:\/\/proterm.md\/ro\/wp-json\/wp\/v2\/product"}],"about":[{"href":"https:\/\/proterm.md\/ro\/wp-json\/wp\/v2\/types\/product"}],"wp:featuredmedia":[{"embeddable":true,"href":"https:\/\/proterm.md\/ro\/wp-json\/wp\/v2\/media\/7344"}],"wp:attachment":[{"href":"https:\/\/proterm.md\/ro\/wp-json\/wp\/v2\/media?parent=7343"}],"wp:term":[{"taxonomy":"product_brand","embeddable":true,"href":"https:\/\/proterm.md\/ro\/wp-json\/wp\/v2\/product_brand?post=7343"},{"taxonomy":"product_cat","embeddable":true,"href":"https:\/\/proterm.md\/ro\/wp-json\/wp\/v2\/product_cat?post=7343"},{"taxonomy":"product_tag","embeddable":true,"href":"https:\/\/proterm.md\/ro\/wp-json\/wp\/v2\/product_tag?post=7343"}],"curies":[{"name":"wp","href":"https:\/\/api.w.org\/{rel}","templated":true}]}}