{"id":7362,"date":"2021-11-30T15:02:02","date_gmt":"2021-11-30T13:02:02","guid":{"rendered":"https:\/\/ecoterm.md\/?post_type=product&#038;p=7362"},"modified":"2025-05-30T14:09:33","modified_gmt":"2025-05-30T12:09:33","slug":"sensor-presiune-apa-warmhaus","status":"publish","type":"product","link":"https:\/\/proterm.md\/ro\/product\/sensor-presiune-apa-warmhaus\/","title":{"rendered":"Sensor presiune apa Warmhaus  max. 5bar"},"content":{"rendered":"<p>Sistemele de \u00eenc\u0103lzire proiectate s\u0103 func\u021bioneze cu presiune sunt blocate pentru siguran\u021b\u0103 \u00een cazul sc\u0103derii presiunii.<\/p>","protected":false},"excerpt":{"rendered":"<p>PresiuneMax. : 5 bar<br \/>\nDiapazon: 0 &#8211; 4 bar<br \/>\nTemperatura: T85 \u00b0C<br \/>\nAlimentare: DC 5V<br \/>\nIe\u0219ire: ratiometric Vdc 0-3 \/ 0,5-2,5 \/ 0,5-3,5 \/ 0,5-4,5<br \/>\nOmologat<br \/>\nProducator &#8211; MA-TER, Italia<\/p>\n","protected":false},"featured_media":7363,"template":"","meta":{"_joinchat":[]},"product_brand":[],"product_cat":[123],"product_tag":[140],"class_list":{"0":"post-7362","1":"product","2":"type-product","3":"status-publish","4":"has-post-thumbnail","6":"product_cat-piese_de_schimb_centrale_termice","7":"product_tag-warmhaus","8":"pa_brand-warmhaus","10":"first","11":"instock","12":"shipping-taxable","13":"product-type-simple"},"_links":{"self":[{"href":"https:\/\/proterm.md\/ro\/wp-json\/wp\/v2\/product\/7362","targetHints":{"allow":["GET"]}}],"collection":[{"href":"https:\/\/proterm.md\/ro\/wp-json\/wp\/v2\/product"}],"about":[{"href":"https:\/\/proterm.md\/ro\/wp-json\/wp\/v2\/types\/product"}],"wp:featuredmedia":[{"embeddable":true,"href":"https:\/\/proterm.md\/ro\/wp-json\/wp\/v2\/media\/7363"}],"wp:attachment":[{"href":"https:\/\/proterm.md\/ro\/wp-json\/wp\/v2\/media?parent=7362"}],"wp:term":[{"taxonomy":"product_brand","embeddable":true,"href":"https:\/\/proterm.md\/ro\/wp-json\/wp\/v2\/product_brand?post=7362"},{"taxonomy":"product_cat","embeddable":true,"href":"https:\/\/proterm.md\/ro\/wp-json\/wp\/v2\/product_cat?post=7362"},{"taxonomy":"product_tag","embeddable":true,"href":"https:\/\/proterm.md\/ro\/wp-json\/wp\/v2\/product_tag?post=7362"}],"curies":[{"name":"wp","href":"https:\/\/api.w.org\/{rel}","templated":true}]}}