{"id":7371,"date":"2021-11-30T16:43:20","date_gmt":"2021-11-30T14:43:20","guid":{"rendered":"https:\/\/ecoterm.md\/?post_type=product&#038;p=7371"},"modified":"2025-05-30T14:09:32","modified_gmt":"2025-05-30T12:09:32","slug":"presostat-aer","status":"publish","type":"product","link":"https:\/\/proterm.md\/ro\/product\/presostat-aer\/","title":{"rendered":"Presostat aer 145\/125 Pa"},"content":{"rendered":"<p>Presostatorul unui cazan pe gaz este un mecanism special care este activat sub influen\u021ba for\u021bei de aspirare a fluxului de fum creat de sistemul de ventila\u021bie. \u00cendepline\u0219te func\u021bia de a proteja cazanul de o posibil\u0103 supra\u00eenc\u0103lzire ca urmare a unei schimb\u0103ri bru\u0219te a presiunii \u0219i a unei sc\u0103deri a presiunii apei.<\/p>","protected":false},"excerpt":{"rendered":"<p>Scopul componentei &#8211; pentru cazane pe gaz<br \/>\nPresostat tip &#8211; PRS0501P\u00a0 145\/125 Pa<br \/>\nProducator &#8211; ARCA<br \/>\nTara de origine &#8211; Italia<\/p>\n","protected":false},"featured_media":7370,"template":"","meta":{"_joinchat":[]},"product_brand":[],"product_cat":[123],"product_tag":[126],"class_list":{"0":"post-7371","1":"product","2":"type-product","3":"status-publish","4":"has-post-thumbnail","6":"product_cat-piese_de_schimb_centrale_termice","7":"product_tag-arca","8":"pa_brand-arca","10":"first","11":"instock","12":"shipping-taxable","13":"product-type-simple"},"_links":{"self":[{"href":"https:\/\/proterm.md\/ro\/wp-json\/wp\/v2\/product\/7371","targetHints":{"allow":["GET"]}}],"collection":[{"href":"https:\/\/proterm.md\/ro\/wp-json\/wp\/v2\/product"}],"about":[{"href":"https:\/\/proterm.md\/ro\/wp-json\/wp\/v2\/types\/product"}],"wp:featuredmedia":[{"embeddable":true,"href":"https:\/\/proterm.md\/ro\/wp-json\/wp\/v2\/media\/7370"}],"wp:attachment":[{"href":"https:\/\/proterm.md\/ro\/wp-json\/wp\/v2\/media?parent=7371"}],"wp:term":[{"taxonomy":"product_brand","embeddable":true,"href":"https:\/\/proterm.md\/ro\/wp-json\/wp\/v2\/product_brand?post=7371"},{"taxonomy":"product_cat","embeddable":true,"href":"https:\/\/proterm.md\/ro\/wp-json\/wp\/v2\/product_cat?post=7371"},{"taxonomy":"product_tag","embeddable":true,"href":"https:\/\/proterm.md\/ro\/wp-json\/wp\/v2\/product_tag?post=7371"}],"curies":[{"name":"wp","href":"https:\/\/api.w.org\/{rel}","templated":true}]}}