{"id":7383,"date":"2021-12-01T10:06:52","date_gmt":"2021-12-01T08:06:52","guid":{"rendered":"https:\/\/ecoterm.md\/?post_type=product&#038;p=7383"},"modified":"2025-05-30T14:09:14","modified_gmt":"2025-05-30T12:09:14","slug":"sonda-de-temperatura-siemens-qae2120-015","status":"publish","type":"product","link":"https:\/\/proterm.md\/ro\/product\/sonda-de-temperatura-siemens-qae2120-015\/","title":{"rendered":"Sonda de temperatura Siemens QAE2120.015"},"content":{"rendered":"<p>Senzor pasiv Siemens QAE2120.015 pentru m\u0103surarea temperaturii apei \u00een conducte \u0219i rezervoare. Se foloseste in sistemele HVAC si are urmatoarele functii: controlul sau limitarea temperaturii pe tur a apei, limitarea temperaturii pe retur sau ACM. Func\u021bioneaz\u0103 \u00eempreun\u0103 cu orice sisteme sau dispozitive capabile s\u0103 primeasc\u0103 \u0219i s\u0103 proceseze semnale de intrare de la senzorii LG-Ni 1000. Senzorul QAE2120.015 include o sond\u0103 termic\u0103 de 150 mm cu un niplu filetat G \u00bd A.<\/p>","protected":false},"excerpt":{"rendered":"<p>Element de detectare a temperaturii &#8211; LG-Ni1000<br \/>\nDomeniu de m\u0103surare a temperaturii -30 &#8230; 130 \u00b0C<br \/>\nPrecizia m\u0103sur\u0103rii &#8211; La -30 &#8230; 130 \u00b0 C: \u00b1 1,3 K<br \/>\nAd\u00e2ncime de scufundare &#8211; 150 mm<br \/>\nMaterial man\u0219on de imersie &#8211; O\u021bel inoxidabil<br \/>\nClasa PN &#8211; PN 10<br \/>\nClasa de protectie &#8211; IP42<br \/>\nDimensiuni (L x A x A) 80 x 60 x 31 mm<\/p>\n","protected":false},"featured_media":7385,"template":"","meta":{"_joinchat":[]},"product_brand":[],"product_cat":[123],"product_tag":[559],"class_list":{"0":"post-7383","1":"product","2":"type-product","3":"status-publish","4":"has-post-thumbnail","6":"product_cat-piese_de_schimb_centrale_termice","7":"product_tag-siemens","8":"pa_brand-siemens","10":"first","11":"instock","12":"shipping-taxable","13":"product-type-simple"},"_links":{"self":[{"href":"https:\/\/proterm.md\/ro\/wp-json\/wp\/v2\/product\/7383","targetHints":{"allow":["GET"]}}],"collection":[{"href":"https:\/\/proterm.md\/ro\/wp-json\/wp\/v2\/product"}],"about":[{"href":"https:\/\/proterm.md\/ro\/wp-json\/wp\/v2\/types\/product"}],"wp:featuredmedia":[{"embeddable":true,"href":"https:\/\/proterm.md\/ro\/wp-json\/wp\/v2\/media\/7385"}],"wp:attachment":[{"href":"https:\/\/proterm.md\/ro\/wp-json\/wp\/v2\/media?parent=7383"}],"wp:term":[{"taxonomy":"product_brand","embeddable":true,"href":"https:\/\/proterm.md\/ro\/wp-json\/wp\/v2\/product_brand?post=7383"},{"taxonomy":"product_cat","embeddable":true,"href":"https:\/\/proterm.md\/ro\/wp-json\/wp\/v2\/product_cat?post=7383"},{"taxonomy":"product_tag","embeddable":true,"href":"https:\/\/proterm.md\/ro\/wp-json\/wp\/v2\/product_tag?post=7383"}],"curies":[{"name":"wp","href":"https:\/\/api.w.org\/{rel}","templated":true}]}}