{"id":7488,"date":"2021-12-06T12:58:14","date_gmt":"2021-12-06T10:58:14","guid":{"rendered":"https:\/\/ecoterm.md\/?post_type=product&#038;p=7488"},"modified":"2025-11-03T12:26:48","modified_gmt":"2025-11-03T10:26:48","slug":"servomotor-mut-m1000-24-230-oo","status":"publish","type":"product","link":"https:\/\/proterm.md\/ro\/product\/servomotor-mut-m1000-24-230-oo\/","title":{"rendered":"Servomotor MUT M1000\/24\/230\/OO"},"content":{"rendered":"<div class=\"wpb-content-wrapper\"><p>Servomotoarele electrice M1000 pot fi instalate pe vane de amestec cu trei \u0219i patru c\u0103i seriile 1000 \u0219i 2000. Exist\u0103 dou\u0103 tipuri de servomotoare: cu control ON \/ OFF \u0219i cu semnal de control modulat. Servoac\u021bion\u0103rile cu control ON\/OFF sunt echipate cu un dispozitiv care permite controlul manual al robinetului de amestec, iar ambele tipuri de motoare au micro\u00eentrerup\u0103toare care \u00eentrerup alimentarea cu energie atunci c\u00e2nd sunt atinse pozi\u021biile finale. Unghiul maxim de deplasare al servo-urilor este de 90\u00b0C.<\/p>\n<\/div>","protected":false},"excerpt":{"rendered":"<p>Tip semnal de control &#8211; ON-OFF \u00een trei puncte (00)<br \/>\nTimp de rulare (sec) &#8211; 24<br \/>\nUnghiul maxim de rota\u021bie &#8211; 90 \u00b0 C<br \/>\nSemnale de control &#8211; 3 pini SPDT<br \/>\nAlimentare &#8211; 24V (220V)<br \/>\nFrecventa &#8211; 50\/60 Hz<br \/>\nConsum de energie &#8211; 3.86VA<br \/>\nCarcasa, clasa de protectie &#8211; IP 40<br \/>\nTemperatura maxim\u0103 a camerei &#8211; 50 \u00b0C<br \/>\nCurent \u00een contactele microreleului &#8211; 3A, 250V<br \/>\nNum\u0103r de microrelee auxiliare &#8211; 1<br \/>\nDimensiuni principale (mm) 150x150x100<br \/>\nGreutate 1.2<br \/>\nFor\u021ba: 20 Nm<br \/>\nRobinet de amestec tip Seria 1000 de la DN65<br \/>\nProducator &#8211; Mut Meccanica Tovo<br \/>\nTara de origine &#8211; Italia<\/p>\n<p><a href=\"https:\/\/proterm.md\/wp-content\/uploads\/2024\/10\/Mut-2024-Catalogue_eng.pdf\" target=\"_blank\" rel=\"noopener\"><img decoding=\"async\" class=\"alignnone wp-image-7559\" src=\"https:\/\/proterm.md\/wp-content\/uploads\/2021\/12\/icopdf-min-250x250.png\" alt=\"\" width=\"32\" height=\"32\" srcset=\"https:\/\/proterm.md\/wp-content\/uploads\/2021\/12\/icopdf-min-250x250.png 250w, https:\/\/proterm.md\/wp-content\/uploads\/2021\/12\/icopdf-min-150x150.png 150w, https:\/\/proterm.md\/wp-content\/uploads\/2021\/12\/icopdf-min-450x450.png 450w, https:\/\/proterm.md\/wp-content\/uploads\/2021\/12\/icopdf-min-300x300.png 300w, https:\/\/proterm.md\/wp-content\/uploads\/2021\/12\/icopdf-min-500x500.png 500w, https:\/\/proterm.md\/wp-content\/uploads\/2021\/12\/icopdf-min-100x100.png 100w, https:\/\/proterm.md\/wp-content\/uploads\/2021\/12\/icopdf-min.png 512w\" sizes=\"(max-width: 32px) 100vw, 32px\" \/>Catalog produse<\/a><\/p>\n<p><a href=\"https:\/\/proterm.md\/wp-content\/uploads\/2024\/10\/TMO_Servo1.mp4\" target=\"_blank\" rel=\"noopener\"><img decoding=\"async\" class=\"alignnone size-full wp-image-7732\" src=\"https:\/\/proterm.md\/wp-content\/uploads\/2021\/02\/video.png\" alt=\"Video Player\" width=\"40\" height=\"40\" \/>Despre produs\u00a0 1<\/a><\/p>\n<p><a href=\"https:\/\/proterm.md\/wp-content\/uploads\/2024\/10\/MUT-Vana.mp4\" target=\"_blank\" rel=\"noopener\"><img decoding=\"async\" class=\"alignnone size-full wp-image-7732\" src=\"https:\/\/proterm.md\/wp-content\/uploads\/2021\/02\/video.png\" alt=\"Video Player\" width=\"40\" height=\"40\" \/> <\/a><a href=\"https:\/\/proterm.md\/wp-content\/uploads\/2024\/10\/MUT-Vana.mp4\" target=\"_blank\" rel=\"noopener\">Despre produs 2<\/a><\/p>\n<p><a href=\"https:\/\/proterm.md\/wp-content\/uploads\/2024\/10\/MUT-Rob.mp4\" target=\"_blank\" rel=\"noopener\"><img decoding=\"async\" class=\"alignnone size-full wp-image-7732\" src=\"https:\/\/proterm.md\/wp-content\/uploads\/2021\/02\/video.png\" alt=\"Video Player\" width=\"40\" height=\"40\" \/> <\/a><a href=\"https:\/\/proterm.md\/wp-content\/uploads\/2024\/10\/MUT-Rob.mp4\" target=\"_blank\" rel=\"noopener\">Despre produs 3<\/a><\/p>\n","protected":false},"featured_media":7489,"template":"","meta":{"_joinchat":[]},"product_brand":[],"product_cat":[42],"product_tag":[571],"class_list":{"0":"post-7488","1":"product","2":"type-product","3":"status-publish","4":"has-post-thumbnail","6":"product_cat-automatizari_elemente_de_actionare","7":"product_tag-mut-meccanica-tovo","8":"pa_brand-mut-meccanica-tovo-logo","10":"first","11":"instock","12":"shipping-taxable","13":"product-type-simple"},"_links":{"self":[{"href":"https:\/\/proterm.md\/ro\/wp-json\/wp\/v2\/product\/7488","targetHints":{"allow":["GET"]}}],"collection":[{"href":"https:\/\/proterm.md\/ro\/wp-json\/wp\/v2\/product"}],"about":[{"href":"https:\/\/proterm.md\/ro\/wp-json\/wp\/v2\/types\/product"}],"wp:featuredmedia":[{"embeddable":true,"href":"https:\/\/proterm.md\/ro\/wp-json\/wp\/v2\/media\/7489"}],"wp:attachment":[{"href":"https:\/\/proterm.md\/ro\/wp-json\/wp\/v2\/media?parent=7488"}],"wp:term":[{"taxonomy":"product_brand","embeddable":true,"href":"https:\/\/proterm.md\/ro\/wp-json\/wp\/v2\/product_brand?post=7488"},{"taxonomy":"product_cat","embeddable":true,"href":"https:\/\/proterm.md\/ro\/wp-json\/wp\/v2\/product_cat?post=7488"},{"taxonomy":"product_tag","embeddable":true,"href":"https:\/\/proterm.md\/ro\/wp-json\/wp\/v2\/product_tag?post=7488"}],"curies":[{"name":"wp","href":"https:\/\/api.w.org\/{rel}","templated":true}]}}