{"id":7506,"date":"2021-12-06T16:26:06","date_gmt":"2021-12-06T14:26:06","guid":{"rendered":"https:\/\/ecoterm.md\/?post_type=product&#038;p=7506"},"modified":"2025-05-30T14:08:59","modified_gmt":"2025-05-30T12:08:59","slug":"vana-de-amestec-cu-3-cai-mut-vdm3-o3-4f","status":"publish","type":"product","link":"https:\/\/proterm.md\/ro\/product\/vana-de-amestec-cu-3-cai-mut-vdm3-o3-4f\/","title":{"rendered":"Vana de amestec cu 3 cai MUT VDM3  \u00d83\/4&#8243;F"},"content":{"rendered":"<p>Acest tip de vana este utilizat \u00een sistemele de \u00eenc\u0103lzire central\u0103 pentru a asigura returul cald c\u0103tre cazan \u0219i, prin urmare, pentru a realiza func\u021bionarea termic\u0103 la temperaturi suficient de ridicate pentru a preveni condensarea aburului \u00een co\u0219.<br \/>\nVaporii, \u00een combina\u021bie cu produsele de ardere, pot forma compu\u0219i corozivi, scurt\u00e2nd durata de via\u021b\u0103 a cazanului. Venele MUT sunt furnizate cu sisteme de control manual \u0219i pot fi ac\u021bionate cu u\u0219urin\u021b\u0103 \u00een orice moment folosind motoare MUT M \u0219i V \u0219i\/sau motoare disponibile \u00een comer\u021b. Supapele MUT constau dintr-un corp din font\u0103 \u0219i un rotor interior. Unghiul de balansare a rotorului este de aproximativ 90 \u00b0C. Amestecarea se realizeaz\u0103 printr-un rotor cu segment circular la modelele VDM \u0219i VDF \u0219i o supap\u0103 de accelera\u021bie la modelele VM \u0219i VF.<\/p>","protected":false},"excerpt":{"rendered":"<p>Tara de origine: Italia<br \/>\nActionare rotor maxima: 90 C\u00b0<br \/>\nTemperatura flux: 2-110 C\u00b0<br \/>\nDiametru: \u00d8 3\/4&#8243; F<br \/>\nPresiunea admisa: 6 bar.<\/p>\n<p><a href=\"https:\/\/proterm.md\/wp-content\/uploads\/2024\/10\/Mut-2024-Catalogue_eng.pdf\" target=\"_blank\" rel=\"noopener\"><img decoding=\"async\" class=\"alignnone wp-image-7559\" src=\"https:\/\/proterm.md\/wp-content\/uploads\/2021\/12\/icopdf-min-250x250.png\" alt=\"\" width=\"32\" height=\"32\" srcset=\"https:\/\/proterm.md\/wp-content\/uploads\/2021\/12\/icopdf-min-250x250.png 250w, https:\/\/proterm.md\/wp-content\/uploads\/2021\/12\/icopdf-min-150x150.png 150w, https:\/\/proterm.md\/wp-content\/uploads\/2021\/12\/icopdf-min-450x450.png 450w, https:\/\/proterm.md\/wp-content\/uploads\/2021\/12\/icopdf-min-300x300.png 300w, https:\/\/proterm.md\/wp-content\/uploads\/2021\/12\/icopdf-min-500x500.png 500w, https:\/\/proterm.md\/wp-content\/uploads\/2021\/12\/icopdf-min-100x100.png 100w, https:\/\/proterm.md\/wp-content\/uploads\/2021\/12\/icopdf-min.png 512w\" sizes=\"(max-width: 32px) 100vw, 32px\" \/><\/a><a href=\"https:\/\/proterm.md\/wp-content\/uploads\/2024\/10\/Mut-2024-Catalogue_eng.pdf\" target=\"_blank\" rel=\"noopener\">Catalog produse<\/a><\/p>\n<p><a href=\"https:\/\/proterm.md\/wp-content\/uploads\/2024\/10\/MUT-Valvola-serie-1000-_INGLESE.mp4\" target=\"_blank\" rel=\"noopener\"><img decoding=\"async\" class=\"alignnone size-full wp-image-7732\" src=\"https:\/\/proterm.md\/wp-content\/uploads\/2021\/02\/video.png\" alt=\"Video Player\" width=\"40\" height=\"40\" \/> Despre produs 1<\/a><\/p>\n<p data-wp-editing=\"1\"><a href=\"https:\/\/proterm.md\/wp-content\/uploads\/2024\/10\/INVERSIONE-VIE-VM-1000.mp4\" target=\"_blank\" rel=\"noopener\"><img decoding=\"async\" class=\"alignnone size-full wp-image-7732\" src=\"https:\/\/proterm.md\/wp-content\/uploads\/2021\/02\/video.png\" alt=\"Video Player\" width=\"40\" height=\"40\" \/> <\/a><a href=\"https:\/\/proterm.md\/wp-content\/uploads\/2024\/10\/INVERSIONE-VIE-VM-1000.mp4\" target=\"_blank\" rel=\"noopener\">Despre produs 2<\/a><\/p>\n<p><a href=\"https:\/\/proterm.md\/wp-content\/uploads\/2024\/10\/SMONTAGGIO-COMPONENTI-VM-1000.mp4\" target=\"_blank\" rel=\"noopener\"><img decoding=\"async\" class=\"alignnone size-full wp-image-7732\" src=\"https:\/\/proterm.md\/wp-content\/uploads\/2021\/02\/video.png\" alt=\"Video Player\" width=\"40\" height=\"40\" \/> Despre produs 3<\/a><\/p>\n<p><a href=\"https:\/\/proterm.md\/wp-content\/uploads\/2024\/10\/RIMONTAGGIO-COMPONENTI-VM-1000.mp4\" target=\"_blank\" rel=\"noopener\"><img decoding=\"async\" class=\"alignnone size-full wp-image-7732\" src=\"https:\/\/proterm.md\/wp-content\/uploads\/2021\/02\/video.png\" alt=\"Video Player\" width=\"40\" height=\"40\" \/> Despre produs 4<\/a><\/p>\n","protected":false},"featured_media":7508,"template":"","meta":{"_joinchat":[]},"product_brand":[],"product_cat":[42,2281],"product_tag":[571],"class_list":{"0":"post-7506","1":"product","2":"type-product","3":"status-publish","4":"has-post-thumbnail","6":"product_cat-automatizari_elemente_de_actionare","7":"product_cat-robineti-industriali","8":"product_tag-mut-meccanica-tovo","9":"pa_brand-mut-meccanica-tovo-logo","10":"pa_name-boiler-vana-de-amestec","12":"first","13":"instock","14":"shipping-taxable","15":"product-type-simple"},"_links":{"self":[{"href":"https:\/\/proterm.md\/ro\/wp-json\/wp\/v2\/product\/7506","targetHints":{"allow":["GET"]}}],"collection":[{"href":"https:\/\/proterm.md\/ro\/wp-json\/wp\/v2\/product"}],"about":[{"href":"https:\/\/proterm.md\/ro\/wp-json\/wp\/v2\/types\/product"}],"wp:featuredmedia":[{"embeddable":true,"href":"https:\/\/proterm.md\/ro\/wp-json\/wp\/v2\/media\/7508"}],"wp:attachment":[{"href":"https:\/\/proterm.md\/ro\/wp-json\/wp\/v2\/media?parent=7506"}],"wp:term":[{"taxonomy":"product_brand","embeddable":true,"href":"https:\/\/proterm.md\/ro\/wp-json\/wp\/v2\/product_brand?post=7506"},{"taxonomy":"product_cat","embeddable":true,"href":"https:\/\/proterm.md\/ro\/wp-json\/wp\/v2\/product_cat?post=7506"},{"taxonomy":"product_tag","embeddable":true,"href":"https:\/\/proterm.md\/ro\/wp-json\/wp\/v2\/product_tag?post=7506"}],"curies":[{"name":"wp","href":"https:\/\/api.w.org\/{rel}","templated":true}]}}