{"id":7547,"date":"2021-12-08T11:00:49","date_gmt":"2021-12-08T09:00:49","guid":{"rendered":"https:\/\/ecoterm.md\/?post_type=product&#038;p=7547"},"modified":"2025-05-30T14:08:58","modified_gmt":"2025-05-30T12:08:58","slug":"imit-tc2-termostat-de-imersie-0-90c","status":"publish","type":"product","link":"https:\/\/proterm.md\/ro\/product\/imit-tc2-termostat-de-imersie-0-90c\/","title":{"rendered":"Imit TC2 &#8211; termostat de imersie 0 &#8211; 90\u00b0C"},"content":{"rendered":"<p>Ac\u021biunea acestui termostat se bazeaz\u0103 pe expansiunea lichidului. Termostat unipolar cu contacte comutatoare \u00eentr-o carcas\u0103 de protec\u021bie. Este instalat de obicei \u00een conductele de alimentare \u0219i este potrivit \u00een special pentru controlul automat al cazanelor, pompelor \u0219i altor instala\u021bii.<br \/>\nCertificare: ENEC, DIN, ISPESL.<br \/>\nConform directivei: PED.<\/p>","protected":false},"excerpt":{"rendered":"<p>Interval de control al temperaturii (aer) (\u00b0C) 0 la +90<br \/>\n\u021aara producatoare &#8211; Italia<br \/>\nCurent maxim (A) &#8211; 10 (2,5) A \/ 250V<br \/>\nAd\u00e2ncime de scufundare: 100 mm, 200 mm<br \/>\nSonda termic\u0103: PN 10, 100 mm, 200 mm, Cupru<br \/>\nFilet de conectare: M20x1,5<br \/>\nElement sensibil: capilar<br \/>\nDomeniu de reglare: 0 &#8230; 90 \u00b0C<br \/>\nGrad de protectie: IP40<br \/>\nDiferen\u0163ial: 4K<br \/>\nContact de schimbare f\u0103r\u0103 poten\u021bial:<br \/>\nTensiune (curent alternativ): AC 24 &#8230; 250 V<br \/>\nCurent: 10 (2,5) A<br \/>\nFrecventa: 50 &#8230; 60 Hz<br \/>\nCapacitate de contact: 10 (2,5) A \/ 250V ~<br \/>\nMax. temperatura carcasei: 80\u00b0C<br \/>\nMax. temperatura: 125 \u00b0 C<br \/>\nGradient termic: 1 \u00b0 K\/min<br \/>\nCuloarea corpului: portocaliu<\/p>\n","protected":false},"featured_media":7548,"template":"","meta":{"_joinchat":[]},"product_brand":[],"product_cat":[42],"product_tag":[577],"class_list":{"0":"post-7547","1":"product","2":"type-product","3":"status-publish","4":"has-post-thumbnail","6":"product_cat-automatizari_elemente_de_actionare","7":"product_tag-imit-control-system","8":"pa_brand-imit-control-system","10":"first","11":"instock","12":"shipping-taxable","13":"product-type-simple"},"_links":{"self":[{"href":"https:\/\/proterm.md\/ro\/wp-json\/wp\/v2\/product\/7547","targetHints":{"allow":["GET"]}}],"collection":[{"href":"https:\/\/proterm.md\/ro\/wp-json\/wp\/v2\/product"}],"about":[{"href":"https:\/\/proterm.md\/ro\/wp-json\/wp\/v2\/types\/product"}],"wp:featuredmedia":[{"embeddable":true,"href":"https:\/\/proterm.md\/ro\/wp-json\/wp\/v2\/media\/7548"}],"wp:attachment":[{"href":"https:\/\/proterm.md\/ro\/wp-json\/wp\/v2\/media?parent=7547"}],"wp:term":[{"taxonomy":"product_brand","embeddable":true,"href":"https:\/\/proterm.md\/ro\/wp-json\/wp\/v2\/product_brand?post=7547"},{"taxonomy":"product_cat","embeddable":true,"href":"https:\/\/proterm.md\/ro\/wp-json\/wp\/v2\/product_cat?post=7547"},{"taxonomy":"product_tag","embeddable":true,"href":"https:\/\/proterm.md\/ro\/wp-json\/wp\/v2\/product_tag?post=7547"}],"curies":[{"name":"wp","href":"https:\/\/api.w.org\/{rel}","templated":true}]}}