{"id":7550,"date":"2021-12-08T11:26:02","date_gmt":"2021-12-08T09:26:02","guid":{"rendered":"https:\/\/ecoterm.md\/?post_type=product&#038;p=7550"},"modified":"2025-05-30T14:08:58","modified_gmt":"2025-05-30T12:08:58","slug":"termostatul-cu-capilar-imit-brc-20-90-c","status":"publish","type":"product","link":"https:\/\/proterm.md\/ro\/product\/termostatul-cu-capilar-imit-brc-20-90-c\/","title":{"rendered":"Termostatul cu bratara IMIT BRC (20-90 \u00b0C)"},"content":{"rendered":"<p>Termostatul cu bratara IMIT BRC (20-90 \u00b0C) este responsabil pentru men\u021binerea unei temperaturi constante a apei \u00een sistemul de \u00eenc\u0103lzire \u0219i sistemul de alimentare cu ap\u0103. Dispozitivul compact se fixeaz\u0103 cu u\u0219urin\u021b\u0103 pe conduct\u0103 folosind o clem\u0103 special\u0103 cu arc. Astfel, este garantat\u0103 o aderen\u021b\u0103 fiabil\u0103 la \u021beav\u0103. Prin oprirea \u0219i pornirea automat\u0103 a cazanului, temperatura este reglat\u0103 cu precizie. Elementul sensibil al produsului este reprezentat de un compus bimetalic. Este g\u0103zduit \u00eentr-o carcas\u0103 durabil\u0103 din plastic de culoare str\u0103lucitoare. Carcasa portocalie ofer\u0103 dispozitivului un grad de protec\u021bie IP20. Acest lucru permite instalarea \u00een medii cu umiditate ridicat\u0103 sau cu praf. Termostatul controleaz\u0103 temperatura \u00een intervalul de la 20 la 90 \u00b0C, cu posibilitatea unei mici erori de 1 \u00b0C.<\/p>","protected":false},"excerpt":{"rendered":"<p>Tara producatoare &#8211; Italia<br \/>\nTensiune de re\u021bea &#8211; 220 ~ 240 V<br \/>\nTip termostat &#8211; Mecanic<br \/>\nDisplay &#8211; nu are<br \/>\nTemperatura maxim\u0103 de reglare &#8211; 90 \u00b0\u0421<br \/>\nTemperatura minim\u0103 de reglare &#8211; 20 \u00b0\u0421<\/p>\n","protected":false},"featured_media":7551,"template":"","meta":{"_joinchat":[]},"product_brand":[],"product_cat":[42],"product_tag":[577],"class_list":{"0":"post-7550","1":"product","2":"type-product","3":"status-publish","4":"has-post-thumbnail","6":"product_cat-automatizari_elemente_de_actionare","7":"product_tag-imit-control-system","8":"pa_brand-imit-control-system","10":"first","11":"instock","12":"shipping-taxable","13":"product-type-simple"},"_links":{"self":[{"href":"https:\/\/proterm.md\/ro\/wp-json\/wp\/v2\/product\/7550","targetHints":{"allow":["GET"]}}],"collection":[{"href":"https:\/\/proterm.md\/ro\/wp-json\/wp\/v2\/product"}],"about":[{"href":"https:\/\/proterm.md\/ro\/wp-json\/wp\/v2\/types\/product"}],"wp:featuredmedia":[{"embeddable":true,"href":"https:\/\/proterm.md\/ro\/wp-json\/wp\/v2\/media\/7551"}],"wp:attachment":[{"href":"https:\/\/proterm.md\/ro\/wp-json\/wp\/v2\/media?parent=7550"}],"wp:term":[{"taxonomy":"product_brand","embeddable":true,"href":"https:\/\/proterm.md\/ro\/wp-json\/wp\/v2\/product_brand?post=7550"},{"taxonomy":"product_cat","embeddable":true,"href":"https:\/\/proterm.md\/ro\/wp-json\/wp\/v2\/product_cat?post=7550"},{"taxonomy":"product_tag","embeddable":true,"href":"https:\/\/proterm.md\/ro\/wp-json\/wp\/v2\/product_tag?post=7550"}],"curies":[{"name":"wp","href":"https:\/\/api.w.org\/{rel}","templated":true}]}}