{"id":7561,"date":"2021-12-08T13:11:57","date_gmt":"2021-12-08T11:11:57","guid":{"rendered":"https:\/\/ecoterm.md\/?post_type=product&#038;p=7561"},"modified":"2025-05-30T14:08:41","modified_gmt":"2025-05-30T12:08:41","slug":"servomotor-elodrive-stm-10-230","status":"publish","type":"product","link":"https:\/\/proterm.md\/ro\/product\/servomotor-elodrive-stm-10-230\/","title":{"rendered":"Servomotor ELODRIVE STM 10\/230"},"content":{"rendered":"<p>Controlerul de motor STM10 este o combina\u021bie \u00eentre un servomotor \u0219i un control constant al temperaturii pentru monitorizarea continu\u0103 a temperaturii pe tur \u00eentr-un interval de la + 20 \u00b0 C la + 80 \u00b0 C. Poate fi folosit ca regulator de valoare constant\u0103, de exemplu, pentru \u00eenc\u0103lzirea suprafe\u021bei sau cre\u0219terea temperaturii pe retur \u00een cazane \u0219i pentru motorizarea baterelor cu 3 \u0219i 4 c\u0103i. Recomandat pentru malaxorele cu diametrul nominal de la DN 15 la DN 50.<\/p>","protected":false},"excerpt":{"rendered":"<p>Tip: STM10 \/ 230<br \/>\nConsum de energie: 3,5 VA (3,5 W)<br \/>\nCuplu: 10 Nm<br \/>\nTensiune de conectare: 230 V AC; 50 Hz<br \/>\nInterval de reglare a temperaturii: + 20 \u00b0 C p\u00e2n\u0103 la + 80 \u00b0 C<br \/>\nTimp de rulare: 135 s<br \/>\nUnghi de lucru: 90 \u00b0<br \/>\nSenzor cablu: 1 m; \u00d8 6 mm x 43 mm<br \/>\nCablu: cablu de conectare de 2 m cu mufa Euro<br \/>\nTemperatura mediului: max + 50 \u00b0 C<br \/>\nGrad de protectie: IP40<br \/>\nClasa de protectie: II izolat complet<br \/>\nMaterial (carcasa): plastic, PC (policarbonat), armat cu fibra de sticla<br \/>\nDimensiuni: 93 x 82 x 93,5 mm<br \/>\nGreutate: 470 g<\/p>\n","protected":false},"featured_media":7562,"template":"","meta":{"_joinchat":[]},"product_brand":[],"product_cat":[42],"product_tag":[581],"class_list":{"0":"post-7561","1":"product","2":"type-product","3":"status-publish","4":"has-post-thumbnail","6":"product_cat-automatizari_elemente_de_actionare","7":"product_tag-elodrive-germany","8":"pa_brand-elodrive-germany","10":"first","11":"instock","12":"shipping-taxable","13":"product-type-simple"},"_links":{"self":[{"href":"https:\/\/proterm.md\/ro\/wp-json\/wp\/v2\/product\/7561","targetHints":{"allow":["GET"]}}],"collection":[{"href":"https:\/\/proterm.md\/ro\/wp-json\/wp\/v2\/product"}],"about":[{"href":"https:\/\/proterm.md\/ro\/wp-json\/wp\/v2\/types\/product"}],"wp:featuredmedia":[{"embeddable":true,"href":"https:\/\/proterm.md\/ro\/wp-json\/wp\/v2\/media\/7562"}],"wp:attachment":[{"href":"https:\/\/proterm.md\/ro\/wp-json\/wp\/v2\/media?parent=7561"}],"wp:term":[{"taxonomy":"product_brand","embeddable":true,"href":"https:\/\/proterm.md\/ro\/wp-json\/wp\/v2\/product_brand?post=7561"},{"taxonomy":"product_cat","embeddable":true,"href":"https:\/\/proterm.md\/ro\/wp-json\/wp\/v2\/product_cat?post=7561"},{"taxonomy":"product_tag","embeddable":true,"href":"https:\/\/proterm.md\/ro\/wp-json\/wp\/v2\/product_tag?post=7561"}],"curies":[{"name":"wp","href":"https:\/\/api.w.org\/{rel}","templated":true}]}}