{"id":7569,"date":"2021-12-08T14:47:49","date_gmt":"2021-12-08T12:47:49","guid":{"rendered":"https:\/\/ecoterm.md\/?post_type=product&#038;p=7569"},"modified":"2025-05-30T14:08:40","modified_gmt":"2025-05-30T12:08:40","slug":"coster-sih010-termostat-de-imersie","status":"publish","type":"product","link":"https:\/\/proterm.md\/ro\/product\/coster-sih010-termostat-de-imersie\/","title":{"rendered":"Coster SIH010 &#8211; termostat de imersie"},"content":{"rendered":"<p>Senzor de temperatur\u0103 de imersie. M\u0103surarea temperaturii lichidului din conduct\u0103. Complet cu manta din alama sau otel inoxidabil.<\/p>","protected":false},"excerpt":{"rendered":"<p>Domeniu de aplicare: 0 &#8230; 100 \u00b0C<br \/>\nElement senzor: NTC 10000<br \/>\nGrad de protectie: IP 54<br \/>\nInstalare: se cufund\u0103 \u00een \u021beav\u0103<\/p>\n","protected":false},"featured_media":7570,"template":"","meta":{"_joinchat":[]},"product_brand":[],"product_cat":[42],"product_tag":[586],"class_list":{"0":"post-7569","1":"product","2":"type-product","3":"status-publish","4":"has-post-thumbnail","6":"product_cat-automatizari_elemente_de_actionare","7":"product_tag-coster","8":"pa_brand-coster","10":"first","11":"instock","12":"shipping-taxable","13":"product-type-simple"},"_links":{"self":[{"href":"https:\/\/proterm.md\/ro\/wp-json\/wp\/v2\/product\/7569","targetHints":{"allow":["GET"]}}],"collection":[{"href":"https:\/\/proterm.md\/ro\/wp-json\/wp\/v2\/product"}],"about":[{"href":"https:\/\/proterm.md\/ro\/wp-json\/wp\/v2\/types\/product"}],"wp:featuredmedia":[{"embeddable":true,"href":"https:\/\/proterm.md\/ro\/wp-json\/wp\/v2\/media\/7570"}],"wp:attachment":[{"href":"https:\/\/proterm.md\/ro\/wp-json\/wp\/v2\/media?parent=7569"}],"wp:term":[{"taxonomy":"product_brand","embeddable":true,"href":"https:\/\/proterm.md\/ro\/wp-json\/wp\/v2\/product_brand?post=7569"},{"taxonomy":"product_cat","embeddable":true,"href":"https:\/\/proterm.md\/ro\/wp-json\/wp\/v2\/product_cat?post=7569"},{"taxonomy":"product_tag","embeddable":true,"href":"https:\/\/proterm.md\/ro\/wp-json\/wp\/v2\/product_tag?post=7569"}],"curies":[{"name":"wp","href":"https:\/\/api.w.org\/{rel}","templated":true}]}}