{"id":7573,"date":"2021-12-08T15:44:48","date_gmt":"2021-12-08T13:44:48","guid":{"rendered":"https:\/\/ecoterm.md\/?post_type=product&#038;p=7573"},"modified":"2025-05-30T14:08:40","modified_gmt":"2025-05-30T12:08:40","slug":"centralina-mut-mtr01r","status":"publish","type":"product","link":"https:\/\/proterm.md\/ro\/product\/centralina-mut-mtr01r\/","title":{"rendered":"Centralina MUT MTR01R"},"content":{"rendered":"<p>Regulatoarele meteo sunt folosite pentru a controla automat sistemul de \u00eenc\u0103lzire. Acestea asigur\u0103 selectarea \u0219i men\u021binerea modului de func\u021bionare necesar al sistemului \u00een conformitate cu set\u0103rile stabilite.<br \/>\nSunt programabile, u\u0219or de utilizat \u0219i reglate fin. \u00cen plus, pute\u021bi specifica perioade de neutilizare a incintei pentru a reduce temperatura de func\u021bionare \u0219i consumul de combustibil. Se livreaz\u0103 complet cu senzori de temperatur\u0103. Sistemul de reglare a curbei equiterm se bazeaz\u0103 pe determinarea temperaturii exterioare \u0219i setarea optim\u0103 a temperaturii elementelor de \u00eenc\u0103lzire prin intermediul unei supape de amestec.<\/p>","protected":false},"excerpt":{"rendered":"<p>Afi\u0219area temperaturii exterioare \u0219i a lichidului de r\u0103cire<br \/>\nprotec\u021bie \u00eempotriva utiliz\u0103rii neautorizate folosind dou\u0103 coduri (serviciu \u0219i utilizator)<br \/>\ntestare (verificare ie\u0219iri, conexiuni, func\u021bionare corect\u0103 a servomotorului \u0219i pompei)<br \/>\ncapacitatea de a controla temperatura \u00eentr-o camer\u0103 dat\u0103 prin conectarea unui termostat de mediu suplimentar care controleaz\u0103 func\u021bionarea pompei de circula\u021bie<\/p>\n<p><a href=\"https:\/\/proterm.md\/wp-content\/uploads\/2021\/12\/mtr-01.pdf\" target=\"_blank\" rel=\"noopener\" data-wp-editing=\"1\"><img decoding=\"async\" class=\"alignnone wp-image-7559\" src=\"https:\/\/proterm.md\/wp-content\/uploads\/2021\/12\/icopdf-min-250x250.png\" alt=\"\" width=\"32\" height=\"32\" srcset=\"https:\/\/proterm.md\/wp-content\/uploads\/2021\/12\/icopdf-min-250x250.png 250w, https:\/\/proterm.md\/wp-content\/uploads\/2021\/12\/icopdf-min-150x150.png 150w, https:\/\/proterm.md\/wp-content\/uploads\/2021\/12\/icopdf-min-450x450.png 450w, https:\/\/proterm.md\/wp-content\/uploads\/2021\/12\/icopdf-min-300x300.png 300w, https:\/\/proterm.md\/wp-content\/uploads\/2021\/12\/icopdf-min-500x500.png 500w, https:\/\/proterm.md\/wp-content\/uploads\/2021\/12\/icopdf-min-100x100.png 100w, https:\/\/proterm.md\/wp-content\/uploads\/2021\/12\/icopdf-min.png 512w\" sizes=\"(max-width: 32px) 100vw, 32px\" \/>Ghid de instalare<\/a><\/p>\n<p><a href=\"https:\/\/proterm.md\/wp-content\/uploads\/2024\/10\/Mut-2024-Catalogue_eng.pdf\" target=\"_blank\" rel=\"noopener\" data-wp-editing=\"1\"><img decoding=\"async\" class=\"alignnone wp-image-7559\" src=\"https:\/\/proterm.md\/wp-content\/uploads\/2021\/12\/icopdf-min-250x250.png\" alt=\"\" width=\"32\" height=\"32\" srcset=\"https:\/\/proterm.md\/wp-content\/uploads\/2021\/12\/icopdf-min-250x250.png 250w, https:\/\/proterm.md\/wp-content\/uploads\/2021\/12\/icopdf-min-150x150.png 150w, https:\/\/proterm.md\/wp-content\/uploads\/2021\/12\/icopdf-min-450x450.png 450w, https:\/\/proterm.md\/wp-content\/uploads\/2021\/12\/icopdf-min-300x300.png 300w, https:\/\/proterm.md\/wp-content\/uploads\/2021\/12\/icopdf-min-500x500.png 500w, https:\/\/proterm.md\/wp-content\/uploads\/2021\/12\/icopdf-min-100x100.png 100w, https:\/\/proterm.md\/wp-content\/uploads\/2021\/12\/icopdf-min.png 512w\" sizes=\"(max-width: 32px) 100vw, 32px\" \/>Catalog produse<\/a><\/p>\n","protected":false},"featured_media":7574,"template":"","meta":{"_joinchat":[]},"product_brand":[],"product_cat":[42],"product_tag":[571],"class_list":{"0":"post-7573","1":"product","2":"type-product","3":"status-publish","4":"has-post-thumbnail","6":"product_cat-automatizari_elemente_de_actionare","7":"product_tag-mut-meccanica-tovo","8":"pa_brand-mut-meccanica-tovo-logo","10":"first","11":"instock","12":"shipping-taxable","13":"product-type-simple"},"_links":{"self":[{"href":"https:\/\/proterm.md\/ro\/wp-json\/wp\/v2\/product\/7573","targetHints":{"allow":["GET"]}}],"collection":[{"href":"https:\/\/proterm.md\/ro\/wp-json\/wp\/v2\/product"}],"about":[{"href":"https:\/\/proterm.md\/ro\/wp-json\/wp\/v2\/types\/product"}],"wp:featuredmedia":[{"embeddable":true,"href":"https:\/\/proterm.md\/ro\/wp-json\/wp\/v2\/media\/7574"}],"wp:attachment":[{"href":"https:\/\/proterm.md\/ro\/wp-json\/wp\/v2\/media?parent=7573"}],"wp:term":[{"taxonomy":"product_brand","embeddable":true,"href":"https:\/\/proterm.md\/ro\/wp-json\/wp\/v2\/product_brand?post=7573"},{"taxonomy":"product_cat","embeddable":true,"href":"https:\/\/proterm.md\/ro\/wp-json\/wp\/v2\/product_cat?post=7573"},{"taxonomy":"product_tag","embeddable":true,"href":"https:\/\/proterm.md\/ro\/wp-json\/wp\/v2\/product_tag?post=7573"}],"curies":[{"name":"wp","href":"https:\/\/api.w.org\/{rel}","templated":true}]}}