{"id":7578,"date":"2021-12-08T17:02:54","date_gmt":"2021-12-08T15:02:54","guid":{"rendered":"https:\/\/ecoterm.md\/?post_type=product&#038;p=7578"},"modified":"2025-05-30T14:08:40","modified_gmt":"2025-05-30T12:08:40","slug":"termostat-digital-hager-ek539n","status":"publish","type":"product","link":"https:\/\/proterm.md\/ro\/product\/termostat-digital-hager-ek539n\/","title":{"rendered":"Termostat digital :hager EK539N"},"content":{"rendered":"<p>Termostat digital incorporat :hager EK539N cu display iluminat din spate. Programare zilnic\u0103 \u0219i s\u0103pt\u0103m\u00e2nal\u0103. Alimentat prin cablu<\/p>","protected":false},"excerpt":{"rendered":"<p>Termostat digital incorporat :hager EK539N cu display iluminat din spate. Programare zilnic\u0103 \u0219i s\u0103pt\u0103m\u00e2nal\u0103. Alimentat prin cablu<\/p>\n","protected":false},"featured_media":7579,"template":"","meta":{"_joinchat":[]},"product_brand":[],"product_cat":[42],"product_tag":[],"class_list":{"0":"post-7578","1":"product","2":"type-product","3":"status-publish","4":"has-post-thumbnail","6":"product_cat-automatizari_elemente_de_actionare","8":"first","9":"instock","10":"shipping-taxable","11":"product-type-simple"},"_links":{"self":[{"href":"https:\/\/proterm.md\/ro\/wp-json\/wp\/v2\/product\/7578","targetHints":{"allow":["GET"]}}],"collection":[{"href":"https:\/\/proterm.md\/ro\/wp-json\/wp\/v2\/product"}],"about":[{"href":"https:\/\/proterm.md\/ro\/wp-json\/wp\/v2\/types\/product"}],"wp:featuredmedia":[{"embeddable":true,"href":"https:\/\/proterm.md\/ro\/wp-json\/wp\/v2\/media\/7579"}],"wp:attachment":[{"href":"https:\/\/proterm.md\/ro\/wp-json\/wp\/v2\/media?parent=7578"}],"wp:term":[{"taxonomy":"product_brand","embeddable":true,"href":"https:\/\/proterm.md\/ro\/wp-json\/wp\/v2\/product_brand?post=7578"},{"taxonomy":"product_cat","embeddable":true,"href":"https:\/\/proterm.md\/ro\/wp-json\/wp\/v2\/product_cat?post=7578"},{"taxonomy":"product_tag","embeddable":true,"href":"https:\/\/proterm.md\/ro\/wp-json\/wp\/v2\/product_tag?post=7578"}],"curies":[{"name":"wp","href":"https:\/\/api.w.org\/{rel}","templated":true}]}}