{"id":7603,"date":"2021-12-09T13:13:31","date_gmt":"2021-12-09T11:13:31","guid":{"rendered":"https:\/\/ecoterm.md\/?post_type=product&#038;p=7603"},"modified":"2025-05-30T14:08:40","modified_gmt":"2025-05-30T12:08:40","slug":"higrostat-de-camera-industrie-technik-dbzh-101","status":"publish","type":"product","link":"https:\/\/proterm.md\/ro\/product\/higrostat-de-camera-industrie-technik-dbzh-101\/","title":{"rendered":"Higrostat de camera Industrie Technik DBZH-101"},"content":{"rendered":"<p>Higrostatul de camer\u0103 (cu o singur\u0103 treapt\u0103) este conceput pentru a controla procesul de umidificare sau dezumidificare a aerului.<br \/>\nHigrostatul v\u0103 permite s\u0103 controla\u021bi valoarea necesar\u0103 a umidit\u0103\u021bii relative din camer\u0103.<br \/>\nSe foloseste in conditii de praf redus in spatii casnice, comerciale si industriale: birouri si sali de calculatoare, depozite alimentare, institutii medicale, piscine, sere, textile, productie de hartie, tipografii etc.<\/p>","protected":false},"excerpt":{"rendered":"<p>Element senzor &#8211; Element sintetic<br \/>\nContact Micro\u00eentrerup\u0103tor rezistent la praf cu contacte unipolare<br \/>\nCapacitate comutator &#8211; umidificare: 2 (1) A, 230 VAC<br \/>\nDezumidificare: 5 (1) A, 230 VAC<br \/>\nIe\u0219ire<br \/>\nInterval de umiditate &#8211; 30 &#8230; 100% RH<br \/>\nSetare &#8211; 30 &#8230; 100% umiditate relativ\u0103<br \/>\nHisterezis &#8211; 4% la 50% RH<br \/>\nGama de vitez\u0103 a aerului &#8211; 0,2 &#8230; 8 m \/ s<br \/>\nConstanta de timp t 50 la 2 m\/s: 72 s<br \/>\nCoeficient de temperatur\u0103 \u00b1 0,2% \/ K la 23 \u00b0 C<br \/>\nTemperatura ambiant\u0103 0 &#8230; 60 \u00b0 \u0421<br \/>\nUmiditate ambiental\u0103 &lt;95% RH (f\u0103r\u0103 condensare)<br \/>\nTemperatura de depozitare -20 &#8230; + 60 \u00b0 \u0421<br \/>\nUmiditate de depozitare &lt;95% RH<br \/>\nCapac &#8211; ABS<br \/>\nGreutate &#8211; 130 g<br \/>\nDimensiuni totale &#8211; 115 x 70 x 35 mm<br \/>\nClasa de protectie &#8211; IP20<br \/>\nClasa de izolare II<\/p>\n<p><a href=\"https:\/\/ecoterm.md\/wp-content\/uploads\/2021\/12\/dbkh_dbzh_inst_it_en_de_fr.pdf\" target=\"_blank\" rel=\"noopener\"><img decoding=\"async\" class=\"alignnone  wp-image-7559\" src=\"https:\/\/ecoterm.md\/wp-content\/uploads\/2021\/12\/icopdf-min-300x300.png\" alt=\"\" width=\"35\" height=\"35\" srcset=\"https:\/\/proterm.md\/wp-content\/uploads\/2021\/12\/icopdf-min-300x300.png 300w, https:\/\/proterm.md\/wp-content\/uploads\/2021\/12\/icopdf-min-150x150.png 150w, https:\/\/proterm.md\/wp-content\/uploads\/2021\/12\/icopdf-min-250x250.png 250w, https:\/\/proterm.md\/wp-content\/uploads\/2021\/12\/icopdf-min-450x450.png 450w, https:\/\/proterm.md\/wp-content\/uploads\/2021\/12\/icopdf-min-500x500.png 500w, https:\/\/proterm.md\/wp-content\/uploads\/2021\/12\/icopdf-min-100x100.png 100w, https:\/\/proterm.md\/wp-content\/uploads\/2021\/12\/icopdf-min.png 512w\" sizes=\"(max-width: 35px) 100vw, 35px\" \/><\/a><\/p>\n","protected":false},"featured_media":7605,"template":"","meta":{"_joinchat":[]},"product_brand":[],"product_cat":[42],"product_tag":[],"class_list":{"0":"post-7603","1":"product","2":"type-product","3":"status-publish","4":"has-post-thumbnail","6":"product_cat-automatizari_elemente_de_actionare","8":"first","9":"instock","10":"shipping-taxable","11":"product-type-simple"},"_links":{"self":[{"href":"https:\/\/proterm.md\/ro\/wp-json\/wp\/v2\/product\/7603","targetHints":{"allow":["GET"]}}],"collection":[{"href":"https:\/\/proterm.md\/ro\/wp-json\/wp\/v2\/product"}],"about":[{"href":"https:\/\/proterm.md\/ro\/wp-json\/wp\/v2\/types\/product"}],"wp:featuredmedia":[{"embeddable":true,"href":"https:\/\/proterm.md\/ro\/wp-json\/wp\/v2\/media\/7605"}],"wp:attachment":[{"href":"https:\/\/proterm.md\/ro\/wp-json\/wp\/v2\/media?parent=7603"}],"wp:term":[{"taxonomy":"product_brand","embeddable":true,"href":"https:\/\/proterm.md\/ro\/wp-json\/wp\/v2\/product_brand?post=7603"},{"taxonomy":"product_cat","embeddable":true,"href":"https:\/\/proterm.md\/ro\/wp-json\/wp\/v2\/product_cat?post=7603"},{"taxonomy":"product_tag","embeddable":true,"href":"https:\/\/proterm.md\/ro\/wp-json\/wp\/v2\/product_tag?post=7603"}],"curies":[{"name":"wp","href":"https:\/\/api.w.org\/{rel}","templated":true}]}}