{"id":7697,"date":"2021-12-11T09:21:15","date_gmt":"2021-12-11T07:21:15","guid":{"rendered":"https:\/\/ecoterm.md\/?post_type=product&#038;p=7697"},"modified":"2025-05-30T14:08:40","modified_gmt":"2025-05-30T12:08:40","slug":"lawa-32-kw","status":"publish","type":"product","link":"https:\/\/proterm.md\/ro\/product\/lawa-32-kw\/","title":{"rendered":"Lawa 32 kW"},"content":{"rendered":"<div class=\"wpb-content-wrapper\"><p>[vc_row][vc_column][vc_column_text css_animation=&#8221;bounceIn&#8221; text_larger=&#8221;no&#8221;]Cre\u0219terea puterii controlate Cazanul pe gaz Warmhaus distribuie puterea de c\u0103ldur\u0103 \u00een timp (0-13 minute) \u0219i reduce consumul de gaz cresc\u00e2nd \u00een acela\u0219i timp eficien\u021ba.<br \/>\nCazanele pe gaz Warmhaus sunt pe deplin compatibile cu sistemele solare. O plac\u0103 electronic\u0103 de sistem permite sistemului s\u0103 v\u0103 adapteze sistemul solar existent prin combinarea apei calde.<br \/>\nSistemul poate fi, de asemenea, adaptat la sistemele de \u00eenc\u0103lzire prin pardoseal\u0103. Elimin\u0103 problema supra \u00eenc\u0103lzirii sistemului de \u00eenc\u0103lzire prin pardoseal\u0103 \u0219i v\u0103 protejeaz\u0103 cazanul \u0219i instala\u021bia.[\/vc_column_text][\/vc_column][\/vc_row][vc_row][vc_column][vc_column_text text_larger=&#8221;no&#8221;]Cazanele pe gaz Warmhaus sunt complet adaptate sistemelor solare. Placa de baz\u0103 electronic\u0103 permite sistemului s\u0103 adapteze sistemul dvs. solar existent prin combinarea produc\u021biei de ap\u0103 cald\u0103. * Sistemul se adapteaza si la sistemele de incalzire in pardoseala. Acest lucru elimin\u0103 problema supra\u00eenc\u0103lzirii sistemului de \u00eenc\u0103lzire prin pardoseal\u0103 \u0219i v\u0103 protejeaz\u0103 cazanul \u0219i instala\u021bia.[\/vc_column_text][\/vc_column][\/vc_row]<\/p>\n<\/div>","protected":false},"excerpt":{"rendered":"<p>Putere 32 kW<br \/>\nEficien\u021b\u0103 93,9%<br \/>\nSchimb\u0103tor de c\u0103ldur\u0103 din cupru<br \/>\nAp\u0103 fierbinte constant<br \/>\nIzola\u021bie 10 mm<br \/>\nFunc\u021bionare silen\u021bioas\u0103<br \/>\nPierderi mici de c\u0103ldur\u0103<br \/>\nRezervor de expansiune 8 litri<br \/>\nSistem de preincalzire \/ Comfort ACM<br \/>\n\u00cencuietoare pentru copii<br \/>\nLCD de 2 inci (Lawa)<br \/>\nSensibilitate termic\u0103 de \u00b1 1 grad<br \/>\nSchimb\u0103tor de c\u0103ldur\u0103 ACM din o\u021bel inoxidabil<br \/>\nPompa de circula\u021bie puternic\u0103 (6 mH2O) cu trepte de 3 trepte<br \/>\nSiguran\u021b\u0103 la presiune sc\u0103zut\u0103<br \/>\nControl sensibil al temperaturii cu 3 senzori NTC (alimentare \/ retur AC\/CH)<br \/>\nTermostate digitale de camer\u0103 cu reglare s\u0103pt\u0103m\u00e2nal\u0103 (op\u021bional)<br \/>\nSenzor de temperatur\u0103 exterioar\u0103 (op\u021bional)<br \/>\nSuprafata de incalzire &#8211; 320 m2<br \/>\nTensiune &#8211; 220 V<br \/>\nInstalare &#8211; Montat pe perete<br \/>\nTip cazan &#8211; Gaz traditional<br \/>\nInterval de temperatur\u0103 ACM &#8211; 35 &#8211; 80 \u00b0C<br \/>\nInterval de temperatur\u0103 CH &#8211; 35 &#8211; 80 \u00b0C<br \/>\nTip gaz &#8211; Natural<br \/>\nViteza de preparare a apei calde &#8211; 13 l\/min.<br \/>\n<a href=\"https:\/\/proterm.md\/wp-content\/uploads\/2024\/03\/LawaPlus-User-Manual-Russian-2.pdf\" target=\"_blank\" rel=\"nofollow noopener\"><img decoding=\"async\" class=\"alignnone size-full wp-image-7710\" src=\"https:\/\/proterm.md\/wp-content\/uploads\/2021\/02\/pdf.png\" alt=\"PDF download\" width=\"40\" height=\"40\" \/>Catalog<\/a><\/p>\n","protected":false},"featured_media":7073,"template":"","meta":{"_joinchat":[]},"product_brand":[],"product_cat":[53,96,15],"product_tag":[140],"class_list":{"0":"post-7697","1":"product","2":"type-product","3":"status-publish","4":"has-post-thumbnail","6":"product_cat-cazane_gaz","7":"product_cat-cazan_gaz_warmhaus","8":"product_cat-instalatii_incalzire","9":"product_tag-warmhaus","10":"pa_brand-warmhaus","11":"pa_classic-boiler-or-condensed-clasic","12":"pa_heating-surface-239","13":"pa_power-boiler-kw-251","15":"first","16":"instock","17":"shipping-taxable","18":"product-type-simple"},"_links":{"self":[{"href":"https:\/\/proterm.md\/ro\/wp-json\/wp\/v2\/product\/7697","targetHints":{"allow":["GET"]}}],"collection":[{"href":"https:\/\/proterm.md\/ro\/wp-json\/wp\/v2\/product"}],"about":[{"href":"https:\/\/proterm.md\/ro\/wp-json\/wp\/v2\/types\/product"}],"wp:featuredmedia":[{"embeddable":true,"href":"https:\/\/proterm.md\/ro\/wp-json\/wp\/v2\/media\/7073"}],"wp:attachment":[{"href":"https:\/\/proterm.md\/ro\/wp-json\/wp\/v2\/media?parent=7697"}],"wp:term":[{"taxonomy":"product_brand","embeddable":true,"href":"https:\/\/proterm.md\/ro\/wp-json\/wp\/v2\/product_brand?post=7697"},{"taxonomy":"product_cat","embeddable":true,"href":"https:\/\/proterm.md\/ro\/wp-json\/wp\/v2\/product_cat?post=7697"},{"taxonomy":"product_tag","embeddable":true,"href":"https:\/\/proterm.md\/ro\/wp-json\/wp\/v2\/product_tag?post=7697"}],"curies":[{"name":"wp","href":"https:\/\/api.w.org\/{rel}","templated":true}]}}