{"id":7917,"date":"2021-12-18T11:51:12","date_gmt":"2021-12-18T09:51:12","guid":{"rendered":"https:\/\/proterm.md\/?post_type=product&#038;p=7917"},"modified":"2026-04-03T15:27:38","modified_gmt":"2026-04-03T13:27:38","slug":"furtun-gaz-l-50-100cm-x-3-4-mf-flexibil-extensibil-pak","status":"publish","type":"product","link":"https:\/\/proterm.md\/ro\/product\/furtun-gaz-l-50-100cm-x-3-4-mf-flexibil-extensibil-pak\/","title":{"rendered":"Furtun gaz L 50-100cm x 3\/4&#8243; MF flexibil\/extensibil Pak"},"content":{"rendered":"<p>Burduful este un furtun metalic ondulat din otel inoxidabil. La capetele produsului se afl\u0103 dou\u0103 fitinguri, care sunt tot din o\u021bel inoxidabil.<br \/>\nAceasta constructie flexibil\u0103 este ata\u0219at\u0103 la echipamentul de gaz sau la conducta de admisie a gazului folosind piuli\u021be speciale. In acest caz este obligatorie o garnitura metalica (se foloseste doar metal moale, adica cupru sau aluminiu). Plasticul special poate fi folosit \u0219i ca material pentru garnitur\u0103.<br \/>\nFurtunurile sunt fabricate din o\u021bel inoxidabil \u0219i sunt acoperite cu un strat izolator rotativ de poliolefin\u0103 galben\u0103 pentru o manipulare u\u0219oar\u0103 \u0219i sigur\u0103.<\/p>","protected":false},"excerpt":{"rendered":"<p>Lungime &#8211; 500 &#8211; 1000 mm<br \/>\nFilet &#8211; 3\/4&#8243; MF<br \/>\nExtensibil &#8211; da<br \/>\nCuloarea &#8211; galbena<br \/>\nFiabilitate si siguranta<br \/>\nStructur\u0103 flexibil\u0103, dar destul de dens\u0103<br \/>\nExpunerea la o gama larga de temperaturi de functionare (-50\u00b0C &#8230; + 250\u00b0C);<br \/>\nTemperatura de operare :\u00a0 min -5 \u00b0C &#8230;\u00a0 max +60 \u00b0C<br \/>\nRezistenta la presiune ridicat\u0103 (p\u00e2n\u0103 la 6 atmosfere);<br \/>\nDurabilitate (durata de viata de aproximativ 32 de ani);<br \/>\nCompatibilitate cu orice echipament \u0219i fitinguri de gaz.<\/p>\n","protected":false},"featured_media":7913,"template":"","meta":{"_joinchat":[]},"product_brand":[],"product_cat":[643],"product_tag":[],"class_list":{"0":"post-7917","1":"product","2":"type-product","3":"status-publish","4":"has-post-thumbnail","6":"product_cat-furtun_gaz","7":"pa_filet-3-4","8":"pa_gas-hose-lenghten","9":"pa_the-length-radiator-50-100","10":"pa_thread-type-combined","12":"first","13":"instock","14":"shipping-taxable","15":"product-type-simple"},"_links":{"self":[{"href":"https:\/\/proterm.md\/ro\/wp-json\/wp\/v2\/product\/7917","targetHints":{"allow":["GET"]}}],"collection":[{"href":"https:\/\/proterm.md\/ro\/wp-json\/wp\/v2\/product"}],"about":[{"href":"https:\/\/proterm.md\/ro\/wp-json\/wp\/v2\/types\/product"}],"wp:featuredmedia":[{"embeddable":true,"href":"https:\/\/proterm.md\/ro\/wp-json\/wp\/v2\/media\/7913"}],"wp:attachment":[{"href":"https:\/\/proterm.md\/ro\/wp-json\/wp\/v2\/media?parent=7917"}],"wp:term":[{"taxonomy":"product_brand","embeddable":true,"href":"https:\/\/proterm.md\/ro\/wp-json\/wp\/v2\/product_brand?post=7917"},{"taxonomy":"product_cat","embeddable":true,"href":"https:\/\/proterm.md\/ro\/wp-json\/wp\/v2\/product_cat?post=7917"},{"taxonomy":"product_tag","embeddable":true,"href":"https:\/\/proterm.md\/ro\/wp-json\/wp\/v2\/product_tag?post=7917"}],"curies":[{"name":"wp","href":"https:\/\/api.w.org\/{rel}","templated":true}]}}