{"id":8109,"date":"2021-12-27T14:08:39","date_gmt":"2021-12-27T12:08:39","guid":{"rendered":"https:\/\/proterm.md\/?post_type=product&#038;p=8109"},"modified":"2025-05-30T14:07:54","modified_gmt":"2025-05-30T12:07:54","slug":"baterie-cada-gfnks-s-01-005bn","status":"publish","type":"product","link":"https:\/\/proterm.md\/ro\/product\/baterie-cada-gfnks-s-01-005bn\/","title":{"rendered":"Baterie cada GF(NKS)\/S-01-005BN"},"content":{"rendered":"<p>Robinetul este fabricat din silumin de \u00eenalt\u0103 calitate, cu un strat placat cu nichel-crom. Acest model este echipat cu un g\u00e2t scurt pivotant de 195 mm. Un cartus ceramic de 35 mm este responsabil pentru amestecarea apei. Control cu \u200b\u200bo singur\u0103 p\u00e2rghie &#8211; reglarea temperaturii \u0219i a presiunii apei se realizeaz\u0103 prin rotirea manetei.<br \/>\nMontat pe perete \u00een dou\u0103 g\u0103uri. Complet cu furtun de du\u0219, du\u0219 manual \u0219i suport. Tehnologia de acoperire special dezvoltat\u0103 de la produc\u0103torul Cosh ofer\u0103 mixerului un efect de oglind\u0103, str\u0103lucitor.<\/p>","protected":false},"excerpt":{"rendered":"<p>Set \u2013 Baterie git mediu, furtun, telefon dus, suport<br \/>\nStil \u2013 Neo<br \/>\nTip actionare \u2013 Monocomanda<br \/>\nTip montare \u2013 Pe perete<br \/>\nCuloare: Silver \u2013 crom<\/p>\n","protected":false},"featured_media":8116,"template":"","meta":{"_joinchat":[]},"product_brand":[],"product_cat":[119],"product_tag":[669],"class_list":{"0":"post-8109","1":"product","2":"type-product","3":"status-publish","4":"has-post-thumbnail","6":"product_cat-robinet-de-baie","7":"product_tag-gran-fest-brend","8":"pa_brand-gran-fest","10":"first","11":"instock","12":"shipping-taxable","13":"product-type-simple"},"_links":{"self":[{"href":"https:\/\/proterm.md\/ro\/wp-json\/wp\/v2\/product\/8109","targetHints":{"allow":["GET"]}}],"collection":[{"href":"https:\/\/proterm.md\/ro\/wp-json\/wp\/v2\/product"}],"about":[{"href":"https:\/\/proterm.md\/ro\/wp-json\/wp\/v2\/types\/product"}],"wp:featuredmedia":[{"embeddable":true,"href":"https:\/\/proterm.md\/ro\/wp-json\/wp\/v2\/media\/8116"}],"wp:attachment":[{"href":"https:\/\/proterm.md\/ro\/wp-json\/wp\/v2\/media?parent=8109"}],"wp:term":[{"taxonomy":"product_brand","embeddable":true,"href":"https:\/\/proterm.md\/ro\/wp-json\/wp\/v2\/product_brand?post=8109"},{"taxonomy":"product_cat","embeddable":true,"href":"https:\/\/proterm.md\/ro\/wp-json\/wp\/v2\/product_cat?post=8109"},{"taxonomy":"product_tag","embeddable":true,"href":"https:\/\/proterm.md\/ro\/wp-json\/wp\/v2\/product_tag?post=8109"}],"curies":[{"name":"wp","href":"https:\/\/api.w.org\/{rel}","templated":true}]}}