{"id":8227,"date":"2022-01-04T08:51:12","date_gmt":"2022-01-04T06:51:12","guid":{"rendered":"https:\/\/proterm.md\/?post_type=product&#038;p=8227"},"modified":"2025-05-30T14:07:53","modified_gmt":"2025-05-30T12:07:53","slug":"baterie-lidz-crm-1333001f","status":"publish","type":"product","link":"https:\/\/proterm.md\/ro\/product\/baterie-lidz-crm-1333001f\/","title":{"rendered":"Baterie Lidz (CRM) 1333001F"},"content":{"rendered":"<p>Baterie lavoar Lidz (CRM) 1333001F este fabricat din zinc. Suprafa\u021ba cromat\u0103 lucioas\u0103 ofer\u0103 mixerului un aspect original. Debitul \u0219i temperatura sunt reglate prin mi\u0219carea manetei.\u00a0 Producator Polonia.<\/p>","protected":false},"excerpt":{"rendered":"<p>Material carcasa \u2013 alama<br \/>\nTip mixer \u2013 nerotativa, git scurt<br \/>\nCuloare \u2013 argintiu<br \/>\nCaracteristici speciale \u2013 cartus ceramic, cu aerator<br \/>\nProducator \u2013 LIDZ<\/p>\n","protected":false},"featured_media":8228,"template":"","meta":{"_joinchat":[]},"product_brand":[],"product_cat":[118],"product_tag":[672],"class_list":{"0":"post-8227","1":"product","2":"type-product","3":"status-publish","4":"has-post-thumbnail","6":"product_cat-robineti-lavuar-si-bideu","7":"product_tag-lidz-brend","8":"pa_brand-lidz-logo","10":"first","11":"instock","12":"shipping-taxable","13":"product-type-simple"},"_links":{"self":[{"href":"https:\/\/proterm.md\/ro\/wp-json\/wp\/v2\/product\/8227","targetHints":{"allow":["GET"]}}],"collection":[{"href":"https:\/\/proterm.md\/ro\/wp-json\/wp\/v2\/product"}],"about":[{"href":"https:\/\/proterm.md\/ro\/wp-json\/wp\/v2\/types\/product"}],"wp:featuredmedia":[{"embeddable":true,"href":"https:\/\/proterm.md\/ro\/wp-json\/wp\/v2\/media\/8228"}],"wp:attachment":[{"href":"https:\/\/proterm.md\/ro\/wp-json\/wp\/v2\/media?parent=8227"}],"wp:term":[{"taxonomy":"product_brand","embeddable":true,"href":"https:\/\/proterm.md\/ro\/wp-json\/wp\/v2\/product_brand?post=8227"},{"taxonomy":"product_cat","embeddable":true,"href":"https:\/\/proterm.md\/ro\/wp-json\/wp\/v2\/product_cat?post=8227"},{"taxonomy":"product_tag","embeddable":true,"href":"https:\/\/proterm.md\/ro\/wp-json\/wp\/v2\/product_tag?post=8227"}],"curies":[{"name":"wp","href":"https:\/\/api.w.org\/{rel}","templated":true}]}}