{"id":8280,"date":"2022-01-05T16:03:13","date_gmt":"2022-01-05T14:03:13","guid":{"rendered":"https:\/\/proterm.md\/?post_type=product&#038;p=8280"},"modified":"2025-05-30T14:07:38","modified_gmt":"2025-05-30T12:07:38","slug":"baterie-bideu-hansgrohe-focus-e-ceramix","status":"publish","type":"product","link":"https:\/\/proterm.md\/ro\/product\/baterie-bideu-hansgrohe-focus-e-ceramix\/","title":{"rendered":"Baterie bideu Hansgrohe Focus E Ceramix"},"content":{"rendered":"<p>Pl\u0103cerea apei patentat\u0103 multipl\u0103.<br \/>\nC\u00e2nd cump\u0103ra\u021bi ast\u0103zi un produs premium hansgrohe de ultim\u0103 genera\u021bie pentru baie sau buc\u0103t\u0103rie, beneficia\u021bi de aceast\u0103 concentrare de experien\u021b\u0103 \u0219i cuno\u0219tin\u021be. \u00cen acela\u0219i timp, Grupul Hansgrohe este unul dintre liderii inovatori din industrie. Ingeniozitatea noastr\u0103 este dovedit\u0103 de modelele noastre premiate, numeroasele brevete \u0219i tehnologia de viitor. La urma urmei, cu experien\u021ba la spate, ne \u00eendrept\u0103m permanent privirea \u00eenainte.<\/p>","protected":false},"excerpt":{"rendered":"<p>&#8211; Baterie bideu monocomanda<br \/>\n&#8211; Aerator pivotant QuickClean.<br \/>\n&#8211; Unitate de amestecare ceramica.<br \/>\n&#8211; Limitator de temperatura apei.<br \/>\n&#8211; consum de apa max. 7 l\/min.<br \/>\n&#8211; Potrivit pentru \u00eenc\u0103lzitorul instantaneu de ap\u0103.<\/p>\n","protected":false},"featured_media":8281,"template":"","meta":{"_joinchat":[]},"product_brand":[],"product_cat":[118],"product_tag":[680],"class_list":{"0":"post-8280","1":"product","2":"type-product","3":"status-publish","4":"has-post-thumbnail","6":"product_cat-robineti-lavuar-si-bideu","7":"product_tag-hansgr","8":"pa_brand-hansgrohe-logo","10":"first","11":"instock","12":"shipping-taxable","13":"product-type-simple"},"_links":{"self":[{"href":"https:\/\/proterm.md\/ro\/wp-json\/wp\/v2\/product\/8280","targetHints":{"allow":["GET"]}}],"collection":[{"href":"https:\/\/proterm.md\/ro\/wp-json\/wp\/v2\/product"}],"about":[{"href":"https:\/\/proterm.md\/ro\/wp-json\/wp\/v2\/types\/product"}],"wp:featuredmedia":[{"embeddable":true,"href":"https:\/\/proterm.md\/ro\/wp-json\/wp\/v2\/media\/8281"}],"wp:attachment":[{"href":"https:\/\/proterm.md\/ro\/wp-json\/wp\/v2\/media?parent=8280"}],"wp:term":[{"taxonomy":"product_brand","embeddable":true,"href":"https:\/\/proterm.md\/ro\/wp-json\/wp\/v2\/product_brand?post=8280"},{"taxonomy":"product_cat","embeddable":true,"href":"https:\/\/proterm.md\/ro\/wp-json\/wp\/v2\/product_cat?post=8280"},{"taxonomy":"product_tag","embeddable":true,"href":"https:\/\/proterm.md\/ro\/wp-json\/wp\/v2\/product_tag?post=8280"}],"curies":[{"name":"wp","href":"https:\/\/api.w.org\/{rel}","templated":true}]}}