{"id":8295,"date":"2022-01-06T13:42:37","date_gmt":"2022-01-06T11:42:37","guid":{"rendered":"https:\/\/proterm.md\/?post_type=product&#038;p=8295"},"modified":"2025-05-30T14:07:38","modified_gmt":"2025-05-30T12:07:38","slug":"sentinel-x100-inhibitor","status":"publish","type":"product","link":"https:\/\/proterm.md\/ro\/product\/sentinel-x100-inhibitor\/","title":{"rendered":"Sentinel X100 Inhibitor"},"content":{"rendered":"<p>Inhibitorul Sentinel X100 folose\u0219te Tehnologia Anti-Coroziune TripleTech, un amestec unic de inhibitori de coroziune specializa\u021bi. Deoarece sistemele de \u00eenc\u0103lzire central\u0103 sunt de obicei compuse din diferite metale, fiecare dintre ace\u0219ti inhibitori speciali ofer\u0103 protec\u021bie unei variet\u0103\u021bi de metale, oferind performan\u021be de protec\u021bie de neegalat pentru sistemele de \u00eenc\u0103lzire central\u0103 cu mai multe metale. Toate produsele Sentinel sunt fabricate \u00een Marea Britanie la cele mai \u00eenalte standarde.<\/p>","protected":false},"excerpt":{"rendered":"<p>Controleaz\u0103 eficient depunerile \u0219i coroziunea<br \/>\nCompozi\u021bie cu pH neutru &#8211; u\u0219or de manevrat<br \/>\nOfer\u0103 o eficien\u021b\u0103 optim\u0103 a cazanului<br \/>\nPrevine zgomotul cazanului<br \/>\nPrevine formarea gaurilor<br \/>\nAjut\u0103 la prevenirea form\u0103rii hidrogenului gazos<br \/>\nO suit\u0103 simpl\u0103 de teste este disponibil\u0103 pentru a verifica nivelurile.<br \/>\nVolum &#8211;\u00a0 1 litru<\/p>\n","protected":false},"featured_media":8296,"template":"","meta":{"_joinchat":[]},"product_brand":[],"product_cat":[681],"product_tag":[683],"class_list":{"0":"post-8295","1":"product","2":"type-product","3":"status-publish","4":"has-post-thumbnail","6":"product_cat-solutii_antiinghet_antigel","7":"product_tag-sentinel-inhibitor-brand","8":"pa_brand-sentinel-inhibitor-logo","10":"first","11":"instock","12":"shipping-taxable","13":"product-type-simple"},"_links":{"self":[{"href":"https:\/\/proterm.md\/ro\/wp-json\/wp\/v2\/product\/8295","targetHints":{"allow":["GET"]}}],"collection":[{"href":"https:\/\/proterm.md\/ro\/wp-json\/wp\/v2\/product"}],"about":[{"href":"https:\/\/proterm.md\/ro\/wp-json\/wp\/v2\/types\/product"}],"wp:featuredmedia":[{"embeddable":true,"href":"https:\/\/proterm.md\/ro\/wp-json\/wp\/v2\/media\/8296"}],"wp:attachment":[{"href":"https:\/\/proterm.md\/ro\/wp-json\/wp\/v2\/media?parent=8295"}],"wp:term":[{"taxonomy":"product_brand","embeddable":true,"href":"https:\/\/proterm.md\/ro\/wp-json\/wp\/v2\/product_brand?post=8295"},{"taxonomy":"product_cat","embeddable":true,"href":"https:\/\/proterm.md\/ro\/wp-json\/wp\/v2\/product_cat?post=8295"},{"taxonomy":"product_tag","embeddable":true,"href":"https:\/\/proterm.md\/ro\/wp-json\/wp\/v2\/product_tag?post=8295"}],"curies":[{"name":"wp","href":"https:\/\/api.w.org\/{rel}","templated":true}]}}