{"id":8329,"date":"2026-02-23T09:27:29","date_gmt":"2026-02-23T07:27:29","guid":{"rendered":"https:\/\/proterm.md\/?post_type=product&#038;p=8329"},"modified":"2026-02-23T09:27:29","modified_gmt":"2026-02-23T07:27:29","slug":"gel-anaerob-rosu-35gr","status":"publish","type":"product","link":"https:\/\/proterm.md\/ro\/product\/gel-anaerob-rosu-35gr\/","title":{"rendered":"Gel anaerob rosu 35gr."},"content":{"rendered":"<p>Gel rosu pentru fonta si otel este folosit pentru conectarea \u021bevilor cu un diametru de la 1\/2 inch. Etan\u0219area cu acest gel de este at\u00e2t de puternic\u0103 \u00eenc\u00e2t conexiunea trebuie s\u0103 fie \u00eenc\u0103lzit\u0103 \u00een timpul demont\u0103rii. Compozi\u021bia este recomandat\u0103 pentru utilizare acolo unde este necesar\u0103 o pornire urgent\u0103 a sistemului (timpul total de polimerizare a gelului nu dep\u0103\u0219e\u0219te 5 minute) la o temperatur\u0103 ambiental\u0103 de + 5 \u00b0C. Cei mai apropia\u021bi concuren\u021bi permit lucrul cu etan\u0219an\u021bii lor anaerobi la temperaturi de la + 15 \u00b0C.<\/p>","protected":false},"excerpt":{"rendered":"<p>Se foloseste la fileturi de la \u00d8 1\/2<br \/>\nVolum &#8211; 35 gr.<\/p>\n<p>-Sigilarea fara folosirea canepei.<br \/>\n-Protec\u021bia conexiunii \u00eempotriva coroziunii datorit\u0103 aderen\u021bei ridicate a gelului la materialul filetului.<br \/>\n-Lipsa contrac\u021biei \u0219i expansiunii \u00een timpul \u00eent\u0103ririi.<br \/>\n-U\u0219or de instalat.<br \/>\n-F\u0103r\u0103 risc de \u00eenfundare a filtrelor \u0219i a pasajelor \u00eenguste.<br \/>\n&#8211; Rezistenta la socuri, temperatura si scaderi de presiune.<br \/>\n&#8211; Durabilitate in diverse medii.<\/p>\n","protected":false},"featured_media":8330,"template":"","meta":{"_joinchat":[]},"product_brand":[],"product_cat":[681],"product_tag":[],"class_list":{"0":"post-8329","1":"product","2":"type-product","3":"status-publish","4":"has-post-thumbnail","6":"product_cat-solutii_antiinghet_antigel","8":"first","9":"instock","10":"shipping-taxable","11":"product-type-simple"},"_links":{"self":[{"href":"https:\/\/proterm.md\/ro\/wp-json\/wp\/v2\/product\/8329","targetHints":{"allow":["GET"]}}],"collection":[{"href":"https:\/\/proterm.md\/ro\/wp-json\/wp\/v2\/product"}],"about":[{"href":"https:\/\/proterm.md\/ro\/wp-json\/wp\/v2\/types\/product"}],"wp:featuredmedia":[{"embeddable":true,"href":"https:\/\/proterm.md\/ro\/wp-json\/wp\/v2\/media\/8330"}],"wp:attachment":[{"href":"https:\/\/proterm.md\/ro\/wp-json\/wp\/v2\/media?parent=8329"}],"wp:term":[{"taxonomy":"product_brand","embeddable":true,"href":"https:\/\/proterm.md\/ro\/wp-json\/wp\/v2\/product_brand?post=8329"},{"taxonomy":"product_cat","embeddable":true,"href":"https:\/\/proterm.md\/ro\/wp-json\/wp\/v2\/product_cat?post=8329"},{"taxonomy":"product_tag","embeddable":true,"href":"https:\/\/proterm.md\/ro\/wp-json\/wp\/v2\/product_tag?post=8329"}],"curies":[{"name":"wp","href":"https:\/\/api.w.org\/{rel}","templated":true}]}}